{"id":95,"date":"2019-05-11T17:45:22","date_gmt":"2019-05-11T15:45:22","guid":{"rendered":"http:\/\/cawoliege.be\/?page_id=95"},"modified":"2019-05-11T17:45:22","modified_gmt":"2019-05-11T15:45:22","slug":"dendrobium","status":"publish","type":"page","link":"https:\/\/cawoliege.be\/index.php\/quelques-genres-et-especes\/dendrobium\/","title":{"rendered":"Dendrobium"},"content":{"rendered":"\n<ul class=\"wp-block-gallery columns-2 is-cropped wp-block-gallery-1 is-layout-flex wp-block-gallery-is-layout-flex\"><li class=\"blocks-gallery-item\"><figure><img loading=\"lazy\" decoding=\"async\" width=\"160\" height=\"214\" src=\"http:\/\/cawoliege.be\/wp-content\/uploads\/2019\/05\/Dendrobium-02.gif\" alt=\"\" data-id=\"97\" data-link=\"http:\/\/cawoliege.be\/?attachment_id=97\" class=\"wp-image-97\"\/><\/figure><\/li><li class=\"blocks-gallery-item\"><figure><img loading=\"lazy\" decoding=\"async\" width=\"160\" height=\"246\" src=\"http:\/\/cawoliege.be\/wp-content\/uploads\/2019\/05\/Dendrobium-01.gif\" alt=\"\" data-id=\"96\" data-link=\"http:\/\/cawoliege.be\/?attachment_id=96\" class=\"wp-image-96\"\/><\/figure><\/li><\/ul>\n\n\n\n<p><strong>A<\/strong>vec les <strong>Dendrobium<\/strong>,\n on arrive dans un groupe o\u00f9 il n\u2019est pas toujours ais\u00e9 d\u2019y retrouver \nses jeunes ! En effet, ce genre est un des quatre ou cinq plus grands de\n la famille et, avec ses \u00b1 1200 esp\u00e8ces (dont pr\u00e8s de 300 rien qu\u2019en \nNouvelle-Guin\u00e9e), il peut revendiquer le titre du genre couramment \ncultiv\u00e9 le plus complexe de la famille. Un tel nombre d\u2019esp\u00e8ce implique \nnaturellement une variabilit\u00e9 inimaginable de formes, d\u2019origines, \nd\u2019habitats, de climats, de cultures, \u2026.<br>\n<br>\nOn en trouve de l\u2019Inde au Japon, en passant par les Philippines, \nl\u2019Australie et toute l\u2019Asie du Sud-Est. Ils poussent du niveau de la mer\n \u00e0 plus de 3500 m d\u2019altitude, dans des milieux aussi divers que les \ngaleries fluviales, les for\u00eats denses, les for\u00eats caducifoli\u00e9es, les \nrochers, les parcs et jardins et quelquefois \u00e0 m\u00eame le sol dans les \nmontagnes ! La taille des plantes varie de quelques mm \u00e0 plus de deux \nm\u00e8tres, par contre la taille des fleurs ne varie pas \u00e9norm\u00e9ment, l\u2019\u00e9cart\n entre la plus petite (5\/6 mm) et la plus grande (10\/12 cm) n\u2019est, \nproportionnellement, pas trop important. Ici, toutes les couleurs sont \npr\u00e9sentes (m\u00eame le bleu ciel avec, notamment, <em>D. victoria-reginae<\/em>, ou l\u2019orange vif, avec <em>D. unicum<\/em>). Les fleurs de <em>Dendrobium<\/em>\n pr\u00e9sentent la particularit\u00e9 d\u2019\u00eatre munies d\u2019un \u00e9peron parfois \nnectarif\u00e8re, mais pas toujours, il s\u2019agit le plus souvent d\u2019un leurre \npour attirer les insectes !<br>\n<br>\nElles apparaissent, en fonction du groupe auquel appartient l\u2019esp\u00e8ce, le\n long des pseudobulbes, au sommet de ceux-ci ou sont r\u00e9parties sur des \nhampes \u00e9mergeant, elles aussi, de diff\u00e9rents endroits du pseudobulbe ! \nElles sont soit solitaires, par paires ou en quantit\u00e9s importantes le \nlong des pseudobulbes ou sur les hampes florales. De m\u00eame, les feuilles \nsont dispos\u00e9es diff\u00e9remment, en fonction du groupe auquel l\u2019esp\u00e8ce \nappartient : tout le long, dans la moiti\u00e9 sup\u00e9rieure ou uniquement au \nsommet du pseudobulbe. Les pseudobulbes eux-m\u00eames adoptent des tailles \net des formes tr\u00e8s vari\u00e9es : certains sont petits et ronds, d\u2019autres \nsont en forme de courtes cannes charnues, alors que d\u2019autres ressemblent\n \u00e0 du bambou, pendant que certains figurent des massues, \u2026 Bref, on a le\n choix !<\/p>\n\n\n\n<p><strong>L<\/strong>es hybrides de <em>Dendrobium<\/em> les plus fr\u00e9quemment cultiv\u00e9s proviennent essentiellement de quatre ou cinq esp\u00e8ces, dont les plus connues sont <em>D. nobile<\/em>, <em>D. kingianum<\/em>, <em>D. biggibum<\/em> ou <em>D. phalaenopsis<\/em>.\n Ils sont g\u00e9n\u00e9ralement plus faciles \u00e0 cultiver que leurs parents, mais \ntr\u00e8s souvent, sont victimes de mauvaises conditions qui, rarement, \nentra\u00eenent leur perte mais qui par contre tr\u00e8s souvent inhibent la \nfloraison, ce qui nuit \u00e0 leur r\u00e9putation.<br>\n<br>\nPourtant, peu d\u2019orchid\u00e9es sont aussi florif\u00e8res que les <em>Dendrobium<\/em>\u2026 du moins, quand ils trouvent les conditions optimales ! Les hybrides de <em>D. nobile<\/em> (dont <em>D.<\/em>\n \u00ab\u00a0Stardust\u00a0\u00bb est un des plus connus) pr\u00e9sentent de petits bouquets de \nfleurs aux n\u0153uds des pseudobulbes charnus, le plus souvent encore \nfeuill\u00e9 lors de la floraison. Les hybrides de <em>D. kingianum<\/em> (notamment avec <em>D. tetragonum<\/em> ou <em>D. speciosum<\/em>) ont souvent une petite taille, ce qui en fait des plantes de choix pour ceux qui manquent de place.<br>\n<br>\nEnfin, les hybrides de <em>D. biggibum<\/em> et <em>D. phalaenopsis<\/em> \n(certains auteurs consid\u00e8rent ce dernier comme une vari\u00e9t\u00e9 du pr\u00e9c\u00e9dent \n!) pr\u00e9sentent des hampes florales apparaissant au sommet des \npseudobulbes en forme de canne, et garni d\u2019une dizaine ou d\u2019une \nquinzaine de fleurs. Dans une telle masse d\u2019esp\u00e8ces, il n\u2019est pas \n\u00e9tonnant d\u2019en retrouver plusieurs qui sont agr\u00e9ablement parfum\u00e9es (et \nnotamment <em>D. cariniferum<\/em> qui embaume d\u00e9licieusement la \nmandarine, couleur d\u2019ailleurs pr\u00e9sente sur son labelle !). C\u2019est une \npropri\u00e9t\u00e9 qui commence tout doucement \u00e0 \u00eatre prise en compte par les \nhybrideurs.<\/p>\n","protected":false},"excerpt":{"rendered":"<p>Avec les Dendrobium, on arrive dans un groupe o\u00f9 il n\u2019est pas toujours ais\u00e9 d\u2019y retrouver ses jeunes ! En effet, ce genre est un des quatre ou cinq plus grands de la famille et, avec ses \u00b1 1200 esp\u00e8ces (dont pr\u00e8s de 300 rien qu\u2019en Nouvelle-Guin\u00e9e), il peut revendiquer le titre du genre couramment [&hellip;]<\/p>\n","protected":false},"author":1,"featured_media":0,"parent":72,"menu_order":4,"comment_status":"closed","ping_status":"closed","template":"","meta":{"ngg_post_thumbnail":0,"footnotes":""},"_links":{"self":[{"href":"https:\/\/cawoliege.be\/index.php\/wp-json\/wp\/v2\/pages\/95"}],"collection":[{"href":"https:\/\/cawoliege.be\/index.php\/wp-json\/wp\/v2\/pages"}],"about":[{"href":"https:\/\/cawoliege.be\/index.php\/wp-json\/wp\/v2\/types\/page"}],"author":[{"embeddable":true,"href":"https:\/\/cawoliege.be\/index.php\/wp-json\/wp\/v2\/users\/1"}],"replies":[{"embeddable":true,"href":"https:\/\/cawoliege.be\/index.php\/wp-json\/wp\/v2\/comments?post=95"}],"version-history":[{"count":1,"href":"https:\/\/cawoliege.be\/index.php\/wp-json\/wp\/v2\/pages\/95\/revisions"}],"predecessor-version":[{"id":98,"href":"https:\/\/cawoliege.be\/index.php\/wp-json\/wp\/v2\/pages\/95\/revisions\/98"}],"up":[{"embeddable":true,"href":"https:\/\/cawoliege.be\/index.php\/wp-json\/wp\/v2\/pages\/72"}],"wp:attachment":[{"href":"https:\/\/cawoliege.be\/index.php\/wp-json\/wp\/v2\/media?parent=95"}],"curies":[{"name":"wp","href":"https:\/\/api.w.org\/{rel}","templated":true}]}}