{"id":89,"date":"2019-05-11T17:41:16","date_gmt":"2019-05-11T15:41:16","guid":{"rendered":"http:\/\/cawoliege.be\/?page_id=89"},"modified":"2019-05-11T17:42:03","modified_gmt":"2019-05-11T15:42:03","slug":"cymbidium","status":"publish","type":"page","link":"https:\/\/cawoliege.be\/index.php\/quelques-genres-et-especes\/cymbidium\/","title":{"rendered":"Cymbidium"},"content":{"rendered":"\n<div class=\"wp-block-image\"><figure class=\"aligncenter\"><img loading=\"lazy\" decoding=\"async\" width=\"160\" height=\"211\" src=\"http:\/\/cawoliege.be\/wp-content\/uploads\/2019\/05\/Cymbidium.gif\" alt=\"\" class=\"wp-image-90\"\/><\/figure><\/div>\n\n\n\n<p><strong>Q<\/strong>ui n\u2019a d\u00e9j\u00e0 aper\u00e7u, principalement \u00e0\n l\u2019approche des f\u00eates d\u2019ailleurs, une fleur d\u2019orchid\u00e9e dans une petite \nbo\u00eete en carton ? On les retrouve aussi dans des montages floraux o\u00f9 \nleurs grandes fleurs font beaucoup d\u2019effet. Alors, vous connaissez le <strong>Cymbidium<\/strong>.\n Enfin, quand je dis vous le connaissez, c\u2019est une fa\u00e7on de parler parce\n que, encore une fois, ce n\u2019est qu\u2019une infime partie des vari\u00e9t\u00e9s de <em>Cymbidium<\/em>.\n Ce sont probablement les orchid\u00e9es les plus anciennement cultiv\u00e9es. Les\n Chinois, \u00e0 l\u2019\u00e9poque de Confucius, les cultivaient d\u00e9j\u00e0 ! Ce sont \ng\u00e9n\u00e9ralement de grandes plantes avec de grandes feuilles en lani\u00e8res (le\n plus souvent), arqu\u00e9es ou \u00e9rig\u00e9es, coiffant un pseudobulbe quelquefois \nassez grand, et dont les fleurs apparaissent sur des tiges \u00e9mergeant de \nla base du pseudobulbe ou dans la nouvelle pousse, les hampes florales \nsont \u00e9rig\u00e9es ou bien pendantes, et portent de quelques-unes \u00e0 plus de 40\n fleurs.<br>\n<br>\nLa taille des plantes, comme celle des fleurs, est assez variable mais \nla plupart de ces plantes finissent par devenir assez encombrantes. \nC\u2019est d\u2019ailleurs un des reproches majeurs qu\u2019on peut faire aux <em>Cymbidium<\/em>,\n une plante adulte peut facilement avoir un diam\u00e8tre de 40 cm au niveau \ndu pot, mesurer jusqu\u2019\u00e0 200 cm de hauteur et un diam\u00e8tre de feuilles \nd\u00e9passant les 150 cm !!! Il est clair qu\u2019avec un encombrement pareil les\n amateurs cultivant les orchid\u00e9es sur leur appui de fen\u00eatre viendront \nvite \u00e0 manquer de place. Cet inconv\u00e9nient a partiellement \u00e9t\u00e9 lev\u00e9 avec \nl\u2019introduction de plantes plus petites et dont les fleurs ont suivi la \ntendance ! Certaines esp\u00e8ces sont agr\u00e9ablement parfum\u00e9es (notamment <em>Cymbidium devonianum<\/em> ou <em>Cym<\/em>. <em>atropurpureum<\/em>) et quelques hybrides en r\u00e9sultant ont conserv\u00e9 cette pr\u00e9cieuse propri\u00e9t\u00e9.<br>\n&nbsp;<\/p>\n\n\n\n<p><strong>L<\/strong>es <em>Cymbidium<\/em> sont \noriginaires d\u2019une vaste zone allant des deux Cor\u00e9e au Japon, jusqu\u2019aux \ncontreforts himalayens du Myanmar et toute l\u2019Asie du Sud-Est, y compris \nl\u2019Indon\u00e9sie et l&rsquo;Australie. Ils colonisent une grande vari\u00e9t\u00e9 de climats\n et d\u2019habitats, si bien que leurs conditions de culture seront dict\u00e9es \npar leur origine, bien que les hybrides cumulent souvent les qualit\u00e9s \ndes parents et se montrent moins exigeants quant aux conditions \nculturales. Si on conna\u00eet surtout les hybrides \u00e0 grandes fleurs, il \nexiste \u00e9galement des esp\u00e8ces botaniques \u00e0 petites fleurs et m\u00eame au \nmoins une esp\u00e8ce qui est partiellement caduque, le <em>Cymbidium goeringii<\/em>,\n de Chine, qui serait presque rustique dans beaucoup de r\u00e9gions \nd\u2019Europe. Les fleurs sont le plus souvent dans les tons de rose ou \nblanc, mais on en trouve aussi des vertes, brunes, jaunes, oranges, \u2026 Il\n est \u00e0 signaler ici que les Chinois, les Cor\u00e9ens et les Japonais vouent \nun v\u00e9ritable culte \u00e0 quelques esp\u00e8ces sp\u00e9cifiques de <em>Cymbidium<\/em> (<em>C. goeringii<\/em>, <em>C. chinense<\/em>, <em>C. kanran<\/em>,\n \u2026). Pour se rendre compte de la diversit\u00e9 des plantes recherch\u00e9es \nl\u00e0-bas, un petit tour sur le site de Korean Orchids vaut la peine ! Et, \nquand on voit ces photos, on remarque que quelques cultivars sont \nvraiment exceptionnels, tant par leurs couleurs que par leur forme, et \nce sont des plantes qu\u2019on ne voit quasiment jamais en Europe. C\u2019est bien\n dommage. Si un producteur lit ces lignes, je ne peux que l\u2019encourager \ndans cette voie !!! Les <em>Cymbidium<\/em> sont g\u00e9n\u00e9ralement terrestres,\n habitant la liti\u00e8re form\u00e9e par l\u2019accumulation de d\u00e9bris v\u00e9g\u00e9taux en \nsous-bois, mais certains poussent quelquefois sur des rochers et \nquelques-uns sont \u00e9piphytes.<br><a><\/a><a><\/a><a>Partager<\/a><\/p>\n","protected":false},"excerpt":{"rendered":"<p>Qui n\u2019a d\u00e9j\u00e0 aper\u00e7u, principalement \u00e0 l\u2019approche des f\u00eates d\u2019ailleurs, une fleur d\u2019orchid\u00e9e dans une petite bo\u00eete en carton ? On les retrouve aussi dans des montages floraux o\u00f9 leurs grandes fleurs font beaucoup d\u2019effet. Alors, vous connaissez le Cymbidium. Enfin, quand je dis vous le connaissez, c\u2019est une fa\u00e7on de parler parce que, encore [&hellip;]<\/p>\n","protected":false},"author":1,"featured_media":0,"parent":72,"menu_order":3,"comment_status":"closed","ping_status":"closed","template":"","meta":{"ngg_post_thumbnail":0,"footnotes":""},"_links":{"self":[{"href":"https:\/\/cawoliege.be\/index.php\/wp-json\/wp\/v2\/pages\/89"}],"collection":[{"href":"https:\/\/cawoliege.be\/index.php\/wp-json\/wp\/v2\/pages"}],"about":[{"href":"https:\/\/cawoliege.be\/index.php\/wp-json\/wp\/v2\/types\/page"}],"author":[{"embeddable":true,"href":"https:\/\/cawoliege.be\/index.php\/wp-json\/wp\/v2\/users\/1"}],"replies":[{"embeddable":true,"href":"https:\/\/cawoliege.be\/index.php\/wp-json\/wp\/v2\/comments?post=89"}],"version-history":[{"count":2,"href":"https:\/\/cawoliege.be\/index.php\/wp-json\/wp\/v2\/pages\/89\/revisions"}],"predecessor-version":[{"id":94,"href":"https:\/\/cawoliege.be\/index.php\/wp-json\/wp\/v2\/pages\/89\/revisions\/94"}],"up":[{"embeddable":true,"href":"https:\/\/cawoliege.be\/index.php\/wp-json\/wp\/v2\/pages\/72"}],"wp:attachment":[{"href":"https:\/\/cawoliege.be\/index.php\/wp-json\/wp\/v2\/media?parent=89"}],"curies":[{"name":"wp","href":"https:\/\/api.w.org\/{rel}","templated":true}]}}