{"id":76,"date":"2019-05-11T17:31:50","date_gmt":"2019-05-11T15:31:50","guid":{"rendered":"http:\/\/cawoliege.be\/?page_id=76"},"modified":"2019-05-11T17:38:30","modified_gmt":"2019-05-11T15:38:30","slug":"brassia","status":"publish","type":"page","link":"https:\/\/cawoliege.be\/index.php\/quelques-genres-et-especes\/brassia\/","title":{"rendered":"Brassia"},"content":{"rendered":"\n<div class=\"wp-block-image\"><figure class=\"aligncenter\"><img loading=\"lazy\" decoding=\"async\" width=\"160\" height=\"225\" src=\"http:\/\/cawoliege.be\/wp-content\/uploads\/2019\/05\/Brassia.gif\" alt=\"\" class=\"wp-image-77\"\/><figcaption>  <\/figcaption><\/figure><\/div>\n\n\n\n<p> Comment ne pas citer les <strong>Brassia<\/strong>, ces \u00ab\u00a0orchid\u00e9es \n  araign\u00e9es\u00a0\u00bb utilis\u00e9es depuis quelques temps dans les hybridations pour \n  leurs longs et fins p\u00e9tales et s\u00e9pales qui lui ont donn\u00e9 son surnom.  \n Elles se caract\u00e9risent par des pseudobulbes souvent gros, aplatis, en  \n forme de poire (piriforme), les racines sont blanches et \u00e9paisses et \nles   nouvelles pousses d\u00e9gagent une impression de puissance : \nl\u2019entonnoir   des nouvelles feuilles s\u2019ouvrant assez tard ce qui donne \nune forme de   poin\u00e7on \u00e0 la nouvelle pousse.<\/p>\n\n\n\n<p> Ce genre est aujourd\u2019hui tr\u00e8s employ\u00e9 en hybridation.\n\n<\/p>\n\n\n\n<p><br><\/p>\n","protected":false},"excerpt":{"rendered":"<p>Comment ne pas citer les Brassia, ces \u00ab\u00a0orchid\u00e9es araign\u00e9es\u00a0\u00bb utilis\u00e9es depuis quelques temps dans les hybridations pour leurs longs et fins p\u00e9tales et s\u00e9pales qui lui ont donn\u00e9 son surnom. Elles se caract\u00e9risent par des pseudobulbes souvent gros, aplatis, en forme de poire (piriforme), les racines sont blanches et \u00e9paisses et les nouvelles pousses d\u00e9gagent [&hellip;]<\/p>\n","protected":false},"author":1,"featured_media":0,"parent":72,"menu_order":1,"comment_status":"closed","ping_status":"closed","template":"","meta":{"ngg_post_thumbnail":0,"footnotes":""},"_links":{"self":[{"href":"https:\/\/cawoliege.be\/index.php\/wp-json\/wp\/v2\/pages\/76"}],"collection":[{"href":"https:\/\/cawoliege.be\/index.php\/wp-json\/wp\/v2\/pages"}],"about":[{"href":"https:\/\/cawoliege.be\/index.php\/wp-json\/wp\/v2\/types\/page"}],"author":[{"embeddable":true,"href":"https:\/\/cawoliege.be\/index.php\/wp-json\/wp\/v2\/users\/1"}],"replies":[{"embeddable":true,"href":"https:\/\/cawoliege.be\/index.php\/wp-json\/wp\/v2\/comments?post=76"}],"version-history":[{"count":3,"href":"https:\/\/cawoliege.be\/index.php\/wp-json\/wp\/v2\/pages\/76\/revisions"}],"predecessor-version":[{"id":86,"href":"https:\/\/cawoliege.be\/index.php\/wp-json\/wp\/v2\/pages\/76\/revisions\/86"}],"up":[{"embeddable":true,"href":"https:\/\/cawoliege.be\/index.php\/wp-json\/wp\/v2\/pages\/72"}],"wp:attachment":[{"href":"https:\/\/cawoliege.be\/index.php\/wp-json\/wp\/v2\/media?parent=76"}],"curies":[{"name":"wp","href":"https:\/\/api.w.org\/{rel}","templated":true}]}}