{"id":588,"date":"2019-05-28T10:03:43","date_gmt":"2019-05-28T08:03:43","guid":{"rendered":"http:\/\/cawoliege.be\/?page_id=588"},"modified":"2023-04-19T20:21:17","modified_gmt":"2023-04-19T18:21:17","slug":"le-comite","status":"publish","type":"page","link":"https:\/\/cawoliege.be\/index.php\/le-comite\/","title":{"rendered":"La gestion du Club (asbl)"},"content":{"rendered":"\n<h2 class=\"wp-block-heading\">Organe d&rsquo;administration coll\u00e9gial<\/h2>\n\n\n\n<ul>\n<li> <strong><em>Michel Caprasse<\/em><\/strong> &#8211;  Responsable du \u00ab\u00a0DRIVE\u00a0\u00bb <\/li>\n\n\n\n<li> <strong><em>Daniel Fraikin<\/em><\/strong> &#8211;  Logistique <\/li>\n\n\n\n<li> <em><strong>Suong  Nguyen<\/strong><\/em> &#8211;  Comptabilit\u00e9 <\/li>\n\n\n\n<li> <strong><em>Claude Rombauts<\/em><\/strong> &#8211; Webmaster &amp; Infographie (revue) \/ Festivit\u00e9s <\/li>\n\n\n\n<li> <strong><em>Christian Servais<\/em><\/strong> &#8211; Coordinateur &#8211; Excursions &amp; Voyages &#8211; R\u00e9dacteur en Chef de la revue et relecture<\/li>\n\n\n\n<li> <strong><em>Mario Sirotti<\/em> <\/strong>&#8211; Tr\u00e9sorier  <\/li>\n\n\n\n<li> <em><strong>Anne Stammen<\/strong><\/em> &#8211; Responsable des conf\u00e9rences et expositions &#8211; Comit\u00e9 de r\u00e9daction de la revue <\/li>\n\n\n\n<li><strong><em>Philippe Wilmotte<\/em><\/strong><em> <\/em>&#8211; Contacts et relations ext\u00e9rieures &#8211;  Comit\u00e9 de r\u00e9daction de la revue <\/li>\n<\/ul>\n\n\n\n<h2 class=\"wp-block-heading\">Les Membres effectifs<\/h2>\n\n\n\n<ul>\n<li><strong><em>Anselme  Brucculeri <\/em><\/strong><\/li>\n\n\n\n<li><strong><em>Ida Caruso<\/em><\/strong> <\/li>\n\n\n\n<li><strong><em>Jean Cloes<\/em><\/strong> <\/li>\n\n\n\n<li><strong><em>Cannelle Fourny<\/em><\/strong> <\/li>\n\n\n\n<li><strong><em>Rose Haas<\/em><\/strong> <\/li>\n\n\n\n<li><strong><em>Georges Lemoine<\/em><\/strong> &#8211; Comit\u00e9 de r\u00e9daction de la revue <\/li>\n\n\n\n<li><strong><em>Anne-Marie Peters<\/em><\/strong> <\/li>\n\n\n\n<li><\/li>\n<\/ul>\n\n\n","protected":false},"excerpt":{"rendered":"<p>Organe d&rsquo;administration coll\u00e9gial Les Membres effectifs<\/p>\n","protected":false},"author":1,"featured_media":0,"parent":0,"menu_order":0,"comment_status":"closed","ping_status":"closed","template":"","meta":{"ngg_post_thumbnail":0,"footnotes":""},"_links":{"self":[{"href":"https:\/\/cawoliege.be\/index.php\/wp-json\/wp\/v2\/pages\/588"}],"collection":[{"href":"https:\/\/cawoliege.be\/index.php\/wp-json\/wp\/v2\/pages"}],"about":[{"href":"https:\/\/cawoliege.be\/index.php\/wp-json\/wp\/v2\/types\/page"}],"author":[{"embeddable":true,"href":"https:\/\/cawoliege.be\/index.php\/wp-json\/wp\/v2\/users\/1"}],"replies":[{"embeddable":true,"href":"https:\/\/cawoliege.be\/index.php\/wp-json\/wp\/v2\/comments?post=588"}],"version-history":[{"count":10,"href":"https:\/\/cawoliege.be\/index.php\/wp-json\/wp\/v2\/pages\/588\/revisions"}],"predecessor-version":[{"id":1895,"href":"https:\/\/cawoliege.be\/index.php\/wp-json\/wp\/v2\/pages\/588\/revisions\/1895"}],"wp:attachment":[{"href":"https:\/\/cawoliege.be\/index.php\/wp-json\/wp\/v2\/media?parent=588"}],"curies":[{"name":"wp","href":"https:\/\/api.w.org\/{rel}","templated":true}]}}