{"id":58,"date":"2019-05-11T10:46:05","date_gmt":"2019-05-11T08:46:05","guid":{"rendered":"http:\/\/cawoliege.be\/?page_id=58"},"modified":"2019-05-12T11:34:30","modified_gmt":"2019-05-12T09:34:30","slug":"protection-des-orchidees","status":"publish","type":"page","link":"https:\/\/cawoliege.be\/index.php\/qui-sommes-nous\/protection-des-orchidees\/","title":{"rendered":"Protection des Orchid\u00e9es"},"content":{"rendered":"\n<figure class=\"wp-block-image\"><img loading=\"lazy\" decoding=\"async\" width=\"187\" height=\"277\" src=\"http:\/\/cawoliege.be\/wp-content\/uploads\/2019\/05\/protection.gif\" alt=\"\" class=\"wp-image-360\"\/><\/figure>\n\n\n\n<p><strong>L<\/strong>es orchid\u00e9es font partie des \u00eatres \nvivants dont la survie est des plus menac\u00e9es. La modification de leur \nmilieu naturel, les pr\u00e9l\u00e8vements sauvages, la pollution, l\u2019emploi \nd\u2019amendements chimiques, d\u2019herbicides et de pesticides, \u2026 sont autant de\n facteurs dont l\u2019impact est tr\u00e8s important sur ces plantes et leur \nenvironnement.<\/p>\n\n\n\n<p><strong>L<\/strong>a pr\u00e9sence d\u2019une orchid\u00e9e en un \nlieu donn\u00e9 est le signe de son \u00e9quilibre : ici cohabitent en harmonie \ntous ces \u00eatres vivants. La moindre modification intervenant dans ce \nmilieu met en p\u00e9ril de nombreuses esp\u00e8ces, dont les orchid\u00e9es. Ces \nderni\u00e8res sont hypersp\u00e9cialis\u00e9es et tributaires de facteurs bien pr\u00e9cis \npour leur germination, croissance, \u00e9panouissement et reproduction.<br>\n&nbsp;<\/p>\n\n\n\n<p><strong>A<\/strong>insi, la germination des graines \nd\u2019orchid\u00e9es, souvent minuscules, et quelquefois si fines qu\u2019elles sont \nquasi invisibles \u00e0 l\u2019\u0153il nu, d\u00e9pend de la pr\u00e9sence d\u2019un champignon \nsp\u00e9cifique qui va envahir la graine en lui apportant l\u2019eau et les \n\u00e9l\u00e9ments nutritifs n\u00e9cessaires au d\u00e9veloppement d\u2019un protocorme. En \nretour, ce protocorme, puis la jeune plantule qui en d\u00e9rivera, va \napporter au champignon les \u00e9l\u00e9ments nutritifs g\u00e9n\u00e9r\u00e9s par la \nphotosynth\u00e8se qu\u2019il est incapable de r\u00e9aliser lui-m\u00eame.<br>\n&nbsp;<\/p>\n\n\n\n<p><strong>L<\/strong>a croissance et l\u2019\u00e9panouissement \ndes orchid\u00e9es d\u00e9pendent essentiellement de facteurs climatiques, mais \naussi environnementaux. Chaque esp\u00e8ce d\u2019orchid\u00e9e pousse dans des \nconditions particuli\u00e8res (mais c\u2019est propre \u00e0 tous les \u00eatres vivants) : \ntemp\u00e9ratures, pr\u00e9cipitations, \u2026 Les modifications climatiques annonc\u00e9es \npour ces prochaines d\u00e9cennies vont avoir un impact certain sur les \norchid\u00e9es : des r\u00e9gions enti\u00e8res vont se retrouver avec un climat \ndiff\u00e9rent dans un laps de temps <em>a priori<\/em> trop court pour \nlaisser le temps aux plantes de s\u2019adapter. Il est clair qu\u2019une saison \ns\u00e8che plus longue ou, \u00e0 l\u2019inverse, une saison de pluie plus longue, \nmodifieront bien des comportements. De m\u00eame, les diff\u00e9rences thermiques \n(d\u00e9j\u00e0 bien sensibles sous nos latitudes !), que ce soit entre le jour et\n la nuit ou d\u2019un bout \u00e0 l\u2019autre de l\u2019ann\u00e9e, vont influencer tout autant \nla r\u00e9partition de certaines esp\u00e8ces que leur aptitude \u00e0 cro\u00eetre, fleurir\n ou germer. A des latitudes plus \u00e9lev\u00e9es, des esp\u00e8ces plus \n\u00ab\u00a0m\u00e9ridionales\u00a0\u00bb appara\u00eetront; tandis qu\u2019\u00e0 des altitudes plus \u00e9lev\u00e9es (et \ncela, sous n\u2019importe quelle latitude), l\u2019absence de fra\u00eecheur de plus en\n plus marqu\u00e9e risque de faire dispara\u00eetre nombre d\u2019esp\u00e8ces tributaires \nde ce froid ou de cette fra\u00eecheur.<br>\n&nbsp;<\/p>\n\n\n\n<p><strong>E<\/strong>nfin, la reproduction, somme toute \nl\u2019enjeu unique d\u2019une floraison &#8211; on a souvent tendance \u00e0 l\u2019oublier, la \nreproduction donc semble compromise d\u00e8s qu\u2019on touche, d\u2019une fa\u00e7on ou \nd\u2019une autre, \u00e0 ses vecteurs que sont les insectes ou les oiseaux (le \npollen des orchid\u00e9es \u00e9tant agglom\u00e9r\u00e9 en une substance visqueuse et \nlourde, l\u2019intervention du vent dans la pollinisation des ochid\u00e9es est \nnulle !). D\u00e8s qu\u2019on utilise un insecticide, on peut mettre en p\u00e9ril un \ninsecte pollinisateur et, par cons\u00e9quent, la reproduction d\u2019une (ou \nplusieurs) esp\u00e8ce(s) d\u2019orchid\u00e9es. En effet, il faut savoir que les \norchid\u00e9es ont, dans leur toute grande majorit\u00e9, chacune leur \npollinisateur attitr\u00e9 et quelquefois m\u00eame exclusif. Rendez-vous compte, \nsi cet insecte vient \u00e0 dispara\u00eetre, l\u2019orchid\u00e9e n\u2019y survivra pas \nlongtemps. D\u2019autant que, contrairement \u00e0 d\u2019autres esp\u00e8ces v\u00e9g\u00e9tales, peu\n d\u2019orchid\u00e9es ont d\u00e9velopp\u00e9 des m\u00e9thodes de multiplications \u00ab\u00a0secondaires\u00a0\u00bb\n : bouturage, marcottage, division\u2026 qui auraient pu leur permettre une \ndispersion plus vaste et moins cibl\u00e9e !<br>\n&nbsp;<\/p>\n\n\n\n<p><strong>E<\/strong>nfin, le mode de vie de beaucoup \nd\u2019orchid\u00e9es les rend particuli\u00e8rement fragiles aux activit\u00e9s humaines. \nQue ce soient les orchid\u00e9es de prairies (an\u00e9anties par les pratiques \nculturales utilisant les engrais chimiques qui favorisent les gramin\u00e9es \naux d\u00e9pens du reste), de marais (victimes de soi-disant \n\u00ab\u00a0assainissements\u00a0\u00bb n\u00e9cessaires \u00e0 la rentabilisation de ces milieux \npr\u00e9tendus improductifs), ou \u00e9piphytes (qui ont la mauvaise habitude de \npousser sur les vieux arbres dont la valeur commerciale \u00e9lev\u00e9e attire \nles sp\u00e9culateurs), toutes ces pauvres plantes se retrouvent donc sur le \nchemin du \u00ab\u00a0progr\u00e8s\u00a0\u00bb et du \u00ab\u00a0profit\u00a0\u00bb ! Et qui s\u2019en pr\u00e9occupe ? Personne\u2026 \nsinon les amateurs d\u2019orchid\u00e9es que nous sommes !<\/p>\n\n\n\n<p><strong>C<\/strong>\u2019est la raison pour laquelle toute \nassociation d\u2019orchidophiles qui se respecte doit tenir compte de cet \naspect important. Trop d\u2019esp\u00e8ces ont d\u00e9j\u00e0 disparu \u00e0 tout jamais de la \nsurface de la Terre, arr\u00eatons le massacre et sauvons ce qui peut encore \nl\u2019\u00eatre !<br>\n&nbsp;<\/p>\n\n\n\n<p><strong>L<\/strong>e CAWO s\u2019est donc engag\u00e9, par ses \nstatuts, \u00e0 respecter la Convention de Washington qui r\u00e9glemente le \ncommerce des esp\u00e8ces en danger, mieux connue sous l\u2019appellation <strong>CITES<\/strong>, pour \u00ab\u00a0<em>Convention on International Trade of Endangered Species<\/em>\u00ab\u00a0.\n Cette convention sp\u00e9cifie les esp\u00e8ces concern\u00e9es par son application et\n prescrit les moyens \u00e0 mettre en vigueur pour le respect de son \napplication. Les pays ayant ratifi\u00e9 cette convention (dont la Belgique) \nsont cens\u00e9s la respecter et la faire appliquer sur leur territoire. La \nCommunaut\u00e9 europ\u00e9enne a \u00e9galement \u00e9dict\u00e9 des directives allant dans le \nm\u00eame sens, mais assorties de particularismes locaux.<br>\n<strong>P<\/strong>our acc\u00e9der au site : <br>\n<br>\n<strong>C<\/strong>ette convention a pourtant des effets pervers. En \neffet, certaines esp\u00e8ces class\u00e9es en Annexe I, c\u2019est-\u00e0-dire dont la \nvente, voire la possession m\u00eame, sont strictement interdites, continuent\n pourtant de circuler. La liste compl\u00e8te peut \u00eatre obtenue sur le site \nde l&rsquo;<strong>IUCN<\/strong> (International Union for Conservation of Nature.<br>\nUn exemple r\u00e9cent est le mini-scandale qui a \u00e9clat\u00e9 lors de la derni\u00e8re \n\u00e9dition de l\u2019EOC, \u00e0 Londres, en 2003 : des exposants am\u00e9ricains se sont \nvus autoriser la vente de plantes de <em>Paphiopedilum vietnamense<\/em> \n(pourtant class\u00e9 en Annexe I, comme tous les Paphiopedilums) et certains\n de ses hybrides, mais il leur a \u00e9t\u00e9 refus\u00e9 de les r\u00e9exporter vers les \nEtats-Unis ! D\u2019autre part, en partant du principe que ce qui est rare \nest cher, cette convention, au lieu de favoriser la protection et la \npr\u00e9servation des orchid\u00e9es, encourage la contrebande et les arrachages \nmassifs, en raison des profits \u00e9normes g\u00e9n\u00e9r\u00e9s par les orchid\u00e9es. Autre \nexemple, il est d\u00e9j\u00e0 arriv\u00e9 que certains esp\u00e8ces soient d\u00e9couvertes, \nmais que cette trouvaille soit gard\u00e9e secr\u00e8te le temps, pour certains \nproducteurs, de les multiplier en cachette avant les revendre \u00e0 prix \nd\u2019or d\u00e8s que leur d\u00e9couverte a \u00e9t\u00e9 publi\u00e9e et leur commerce autoris\u00e9 ! \nEnfin, l\u2019histoire rocambolesque du <em>Phragmipedium kovachii<\/em> constitue \u00e9galement un exemple frappant r\u00e9cent !<br>\n<strong>P<\/strong>our acc\u00e9der au site : <\/p>\n\n\n\n<p><strong>Q<\/strong>ue faire \u00e0 notre petit niveau pour \nlimiter au maximum les effets de ces trafics ? La premi\u00e8re chose est de \nse limiter aux plantes qui proviennent de culture. On trouve \nmalheureusement encore trop souvent des plantes arrach\u00e9es \u00e0 leur nature \nou \u00ab\u00a0tomb\u00e9es de l\u2019arbre\u00a0\u00bb chez des revendeurs, voire m\u00eame chez des \nproducteurs connus peu scrupuleux. Ce sont des pratiques et des gens \nqu\u2019il faut \u00e9viter. Normalement, il est assez facile de les distinguer. \nLes plantes cultiv\u00e9es pr\u00e9sentent g\u00e9n\u00e9ralement une croissance r\u00e9guli\u00e8re \net harmonieuse, des feuilles en bon \u00e9tat (sans trou, tache, coup de \nsoleil, \u2026) et des racines poussant en cercle (dans le cas d&rsquo;esp\u00e8ces \ncultiv\u00e9es en pot). La question ne se pose d\u2019habitude pas pour les \nhybrides, r\u00e9sultat de manipulations humaines en vue d\u2019obtenir des \nplantes plus faciles \u00e0 cultiver que les parents, tout en ne conservant \nque les avantages de l\u2019un et de l\u2019autre ! Les plantes provenant de la \nnature ont souvent un tout autre aspect : les conditions climatiques \nn\u2019\u00e9tant pas toujours r\u00e9guli\u00e8res, m\u00eame sous les Tropiques, la croissance \nest tout aussi irr\u00e9guli\u00e8re; les feuilles sont souvent attaqu\u00e9es par \nl\u2019une ou l\u2019autre bestiole ou pr\u00e9sentent des coups de soleil\u2026<\/p>\n\n\n\n<p><strong>M<\/strong>ais on aurait grand tort de limiter\n cette protection aux orchid\u00e9es exotiques. En Europe, poussent plusieurs\n centaines d\u2019esp\u00e8ces d\u2019orchid\u00e9es (le dernier recensement signale plus de\n 400 esp\u00e8ces !). Et on peut affirmer sans crainte (!?!) que pr\u00e8s de 90% \nsont menac\u00e9es de disparition \u00e0 \u00b1 court terme\u2026 si on n\u2019intervient pas \nrapidement. Des mesures ont d\u00e9j\u00e0 \u00e9t\u00e9 prises pour pr\u00e9server de vastes \nterritoires, mais cela reste encore insuffisant. Au rythme de 5 \u00e0 10 \nesp\u00e8ces qui disparaissent par an, faites le compte des ann\u00e9es restant \navant l\u2019extinction totale des orchid\u00e9es europ\u00e9ennes !<\/p>\n\n\n\n<p><strong>L<\/strong>e CAWO s\u2019est donc adress\u00e9 aux <strong>RNOB<\/strong>\n (R\u00e9serves naturelles et ornithologiques de Belgique) pour \u00e9tablir un \nplan d\u2019action commun en vue de la sauvegarde des orchid\u00e9es en Belgique. \nOh, bien s\u00fbr, nos moyens sont limit\u00e9s, mais si chacun s\u2019y mettait, elles\n auraient d\u2019autant plus de chance de survivre. Nous travaillons donc en \npartenariat depuis 2002 avec les RNOB, pour la gestion de la r\u00e9serve de \nOn. Cette r\u00e9serve abrite une quinzaine d\u2019orchid\u00e9es, dont la station la \nplus septentrionale de l\u2019<em>Himantoglossum hircinum<\/em>, l\u2019orchis bouc. Un <em>Epipactis<\/em>\n inhabituel s\u2019y trouve \u00e9galement et fait actuellement l\u2019objet d\u2019\u00e9tudes \nparticuli\u00e8res. Divers am\u00e9nagements, destin\u00e9s \u00e0 favoriser l\u2019expansion des\n orchid\u00e9es, ont d\u00e9j\u00e0 \u00e9t\u00e9 r\u00e9alis\u00e9s. Les premiers r\u00e9sultats sont donc \nattendus avec impatience. Ils seront naturellement publi\u00e9s dans ces \npages.<br>\nPour acc\u00e9der au site :<\/p>\n\n\n\n<p><strong>U<\/strong>ne station d\u2019<em>Orchis purpurea<\/em>,\n devenu tr\u00e8s rare en Belgique, situ\u00e9e pr\u00e8s de Henri-Chapelle, leur a \n\u00e9galement \u00e9t\u00e9 signal\u00e9e en 2003. Il semblerait que la proc\u00e9dure de \nclassement soit en cours.<\/p>\n\n\n\n<p><strong>B<\/strong>ref, ce ne sont ni les \nr\u00e9jouissements ni les craintes qui manquent. Il reste du travail et un \nde nos buts est justement d\u2019inculquer les enjeux et les cons\u00e9quences de \nla protection des orchid\u00e9es \u00e0 nos membres, car, si on ne fait rien, \nquelle Terre laisserons-nous \u00e0 nos enfants ???<\/p>\n","protected":false},"excerpt":{"rendered":"<p>Les orchid\u00e9es font partie des \u00eatres vivants dont la survie est des plus menac\u00e9es. La modification de leur milieu naturel, les pr\u00e9l\u00e8vements sauvages, la pollution, l\u2019emploi d\u2019amendements chimiques, d\u2019herbicides et de pesticides, \u2026 sont autant de facteurs dont l\u2019impact est tr\u00e8s important sur ces plantes et leur environnement. La pr\u00e9sence d\u2019une orchid\u00e9e en un lieu [&hellip;]<\/p>\n","protected":false},"author":1,"featured_media":0,"parent":8,"menu_order":0,"comment_status":"closed","ping_status":"closed","template":"","meta":{"ngg_post_thumbnail":0,"footnotes":""},"_links":{"self":[{"href":"https:\/\/cawoliege.be\/index.php\/wp-json\/wp\/v2\/pages\/58"}],"collection":[{"href":"https:\/\/cawoliege.be\/index.php\/wp-json\/wp\/v2\/pages"}],"about":[{"href":"https:\/\/cawoliege.be\/index.php\/wp-json\/wp\/v2\/types\/page"}],"author":[{"embeddable":true,"href":"https:\/\/cawoliege.be\/index.php\/wp-json\/wp\/v2\/users\/1"}],"replies":[{"embeddable":true,"href":"https:\/\/cawoliege.be\/index.php\/wp-json\/wp\/v2\/comments?post=58"}],"version-history":[{"count":3,"href":"https:\/\/cawoliege.be\/index.php\/wp-json\/wp\/v2\/pages\/58\/revisions"}],"predecessor-version":[{"id":361,"href":"https:\/\/cawoliege.be\/index.php\/wp-json\/wp\/v2\/pages\/58\/revisions\/361"}],"up":[{"embeddable":true,"href":"https:\/\/cawoliege.be\/index.php\/wp-json\/wp\/v2\/pages\/8"}],"wp:attachment":[{"href":"https:\/\/cawoliege.be\/index.php\/wp-json\/wp\/v2\/media?parent=58"}],"curies":[{"name":"wp","href":"https:\/\/api.w.org\/{rel}","templated":true}]}}