{"id":50,"date":"2019-05-11T10:40:12","date_gmt":"2019-05-11T08:40:12","guid":{"rendered":"http:\/\/cawoliege.be\/?page_id=50"},"modified":"2019-05-11T10:40:12","modified_gmt":"2019-05-11T08:40:12","slug":"organisation","status":"publish","type":"page","link":"https:\/\/cawoliege.be\/index.php\/le-cawo\/organisation\/","title":{"rendered":"Organisation"},"content":{"rendered":"\n<p><strong>D<\/strong>ans l\u2019optique d\u2019offrir un maximum d\u2019activit\u00e9s \u00e0 ses \nmembres, le CAWO s\u2019est structur\u00e9 en diff\u00e9rentes commissions, chacune \nayant des t\u00e2ches et des responsabilit\u00e9s bien pr\u00e9cises, mais travaillant \nde concert avec les autres. Ceci d\u00e9gage du temps et de l\u2019\u00e9nergie (qui \nferaient d\u00e9faut sinon) au Comit\u00e9 pour g\u00e9rer le CAWO de la fa\u00e7on la plus \noptimale possible. L\u2019acc\u00e8s \u00e0 ces groupes de travail est libre, chaque \nmembre ayant la possibilit\u00e9 de s\u2019y impliquer ou de s\u2019en retirer \u00e0 sa \nguise.<br><br><strong>A<\/strong>insi, un groupe charg\u00e9 de la mise sur pied des \nexpositions (mais les participations aux expositions ext\u00e9rieures \n\u00e9galement) se d\u00e9m\u00e8ne pour pr\u00e9senter aux visiteurs les stands les plus \nattrayants, leur imagination est au pouvoir. Un autre groupe est charg\u00e9 \nde la gestion de la r\u00e9serve naturelle de On et de la liaison entre les \nRNOB et le CAWO. Un groupe organise nos activit\u00e9s festives. Un autre \nencore a la responsabilit\u00e9 de l\u2019organisation des r\u00e9unions. Les \nexcursions et les voyages sont pris en charge par un groupe. Un \u00ab\u00a0coin du\n d\u00e9butant\u00a0\u00bb, \u00e0 chaque r\u00e9union, se propose de r\u00e9pondre aux questions les \nplus fr\u00e9quentes li\u00e9es aux probl\u00e8mes rencontr\u00e9s dans la culture des \norchid\u00e9es. Et d\u2019autres\u2026 Bref, un panel assez imposant d\u2019activit\u00e9s et \nd\u2019offres vari\u00e9es susceptibles d\u2019int\u00e9resser le plus grand nombre.<br><br><strong>P<\/strong>ar ailleurs, nous proposons \u00e0 nos membres la \npossibilit\u00e9 de louer des ouvrages sp\u00e9cialis\u00e9s (pour un prix modique) et \nd\u2019acqu\u00e9rir du mat\u00e9riel de culture. La biblioth\u00e8que dispose actuellement \nde plus de 80 ouvrages diff\u00e9rents, cibl\u00e9s ou g\u00e9n\u00e9ralistes, sur les \norchid\u00e9es exotiques ou europ\u00e9ennes. Des ouvrages sont achet\u00e9s \nr\u00e9guli\u00e8rement et viennent enrichir ce patrimoine accessible \u00e0 tous les \nmembres en ordre de cotisation. La boutique propose des engrais \u00e0 \ndiff\u00e9rentes dilutions, du substrat convenant \u00e0 la plupart des esp\u00e8ces \ncourantes, des plaques de li\u00e8ge pour monter les plantes en \u00e9piphytes, de\n la sphaigne de Nouvelle-Z\u00e9lande, \u2026<br><strong>U<\/strong>ne tombola est organis\u00e9e, en principe, \u00e0 chaque \nr\u00e9union. Elle permet de gagner des plantes, le plus souvent en fleur, et\n d\u2019agrandir sa collection \u00e0 bon prix. Et, si la chance est avec vous, \npeut-\u00eatre m\u00eame deux plantes, ou trois, ou\u2026 !<br><br><strong>E<\/strong>nfin, le CAWO \u00e9dite une revue trimestrielle, <strong>Les Cahiers de l\u2019Orchidophile<\/strong>\n (voir ci-dessus), qui rassemble des articles abordant diff\u00e9rents \naspects de la culture des orchid\u00e9es, des esp\u00e8ces particuli\u00e8res, des \nrelations de visite, des critiques d\u2019ouvrages r\u00e9cemment parus ou acquis,\n de m\u00eame que des fiches de culture plastifi\u00e9es, permettant leur \nutilisation m\u00eame dans un milieu humide tel qu\u2019une serre ! Cette revue \nest distribu\u00e9e aux membres en ordre de cotisation. Elle se veut aussi \n\u00eatre le lien du club, permettant \u00e0 chacun de s\u2019exprimer sur son sujet \nfavori et partager ainsi sa passion avec les autres membres. Dans cette \nrevue est \u00e9galement repris l\u2019agenda des activit\u00e9s du C.A.W.O. et des \ndates nationales et internationales.\n\n<\/p>\n","protected":false},"excerpt":{"rendered":"<p>Dans l\u2019optique d\u2019offrir un maximum d\u2019activit\u00e9s \u00e0 ses membres, le CAWO s\u2019est structur\u00e9 en diff\u00e9rentes commissions, chacune ayant des t\u00e2ches et des responsabilit\u00e9s bien pr\u00e9cises, mais travaillant de concert avec les autres. Ceci d\u00e9gage du temps et de l\u2019\u00e9nergie (qui feraient d\u00e9faut sinon) au Comit\u00e9 pour g\u00e9rer le CAWO de la fa\u00e7on la plus optimale [&hellip;]<\/p>\n","protected":false},"author":1,"featured_media":0,"parent":25,"menu_order":0,"comment_status":"closed","ping_status":"closed","template":"","meta":{"ngg_post_thumbnail":0,"footnotes":""},"_links":{"self":[{"href":"https:\/\/cawoliege.be\/index.php\/wp-json\/wp\/v2\/pages\/50"}],"collection":[{"href":"https:\/\/cawoliege.be\/index.php\/wp-json\/wp\/v2\/pages"}],"about":[{"href":"https:\/\/cawoliege.be\/index.php\/wp-json\/wp\/v2\/types\/page"}],"author":[{"embeddable":true,"href":"https:\/\/cawoliege.be\/index.php\/wp-json\/wp\/v2\/users\/1"}],"replies":[{"embeddable":true,"href":"https:\/\/cawoliege.be\/index.php\/wp-json\/wp\/v2\/comments?post=50"}],"version-history":[{"count":1,"href":"https:\/\/cawoliege.be\/index.php\/wp-json\/wp\/v2\/pages\/50\/revisions"}],"predecessor-version":[{"id":51,"href":"https:\/\/cawoliege.be\/index.php\/wp-json\/wp\/v2\/pages\/50\/revisions\/51"}],"up":[{"embeddable":true,"href":"https:\/\/cawoliege.be\/index.php\/wp-json\/wp\/v2\/pages\/25"}],"wp:attachment":[{"href":"https:\/\/cawoliege.be\/index.php\/wp-json\/wp\/v2\/media?parent=50"}],"curies":[{"name":"wp","href":"https:\/\/api.w.org\/{rel}","templated":true}]}}