{"id":495,"date":"2019-05-12T12:38:52","date_gmt":"2019-05-12T10:38:52","guid":{"rendered":"http:\/\/cawoliege.be\/?page_id=495"},"modified":"2019-05-12T12:38:52","modified_gmt":"2019-05-12T10:38:52","slug":"de-lutilite-des-bourses-dechanges","status":"publish","type":"page","link":"https:\/\/cawoliege.be\/index.php\/la-vie-du-club\/experiences-personnelles\/de-lutilite-des-bourses-dechanges\/","title":{"rendered":"De l&rsquo;utilit\u00e9 des bourses d&rsquo;\u00e9changes"},"content":{"rendered":"\n<h4 class=\"wp-block-heading\">Exp\u00e9rience relat\u00e9e par : Christian Servais<\/h4>\n\n\n\n<p>Nous sommes souvent confront\u00e9s, au club, mais je suppose que c&rsquo;est \nidentique partout ailleurs, au probl\u00e8me suivant : \u00ab\u00a0J&rsquo;ai achet\u00e9 une \nplante dans une grande surface X, puis les fleurs ont rapidement fan\u00e9, \npuis quelques semaines plus tard, ma plante \u00e9tait morte. Pourquoi ?\u00a0\u00bb<br>\n<br>\nNous sommes d&rsquo;avis, au CAWO, qu&rsquo;il vaut mieux acheter ses plantes chez \ndes petits producteurs locaux (il y a d\u00e9j\u00e0 quelques bonnes adresses sur \nce site). En effet, ceux-ci, \u00e0 de rares exceptions pr\u00e8s, ne font pas de \nla production en masse, dop\u00e9e et \u00e9lev\u00e9e dans des conditions id\u00e9ales, qui\n conduisent souvent \u00e0 la perte de ces plantes, une fois sorties de leur \n\u00ab\u00a0cocon\u00a0\u00bb hollandais et arriv\u00e9es chez vous apr\u00e8s un passage, souvent \np\u00e9rilleux, par une grande surface ou des fleuristes.<\/p>\n\n\n\n<p><br>\nCes derniers, loin de moi l&rsquo;id\u00e9e de les en bl\u00e2mer, font tout ce qu&rsquo;ils \npeuvent, eux, pour vendre des plantes de qualit\u00e9, mais leur formation ne\n leur a rien appris sur les orchid\u00e9es si bien que, bien souvent, ils \ns&rsquo;en remettent \u00e0 nous pour glaner de ci de l\u00e0 des renseignements \nconcernant la culture des orchid\u00e9es (histoire maintes fois v\u00e9cue !).<\/p>\n\n\n\n<p>Or donc, et pour en revenir au sujet qui nous int\u00e9resse, pourquoi mettre sur pied une bourse d&rsquo;\u00e9changes ?<br>\nAu vu de ce qui pr\u00e9c\u00e8de, c&rsquo;est tout bonnement logique ! Les plantes \nqu&rsquo;on trouve dans les bourses d&rsquo;\u00e9changes (la n\u00f4tre, ou celles des autres\n clubs, c&rsquo;est kif kif !) sont adapt\u00e9es \u00e0 des conditions radicalement \ndiff\u00e9rentes des serres de production hollandaises, il y a donc nettement\n plus de chances que ces plantes s&rsquo;adaptent en tr\u00e8s peu de temps chez \nvous. Ou moins de risques qu&rsquo;elles ne d\u00e9p\u00e9rissent ! J&rsquo;ai pu moi-m\u00eame \nm&rsquo;en rendre compte plus d&rsquo;une fois, mais je constate que, quelle que \nsoit l&rsquo;esp\u00e8ce ou le genre, je r\u00e9ussis en g\u00e9n\u00e9ral bien mieux les plantes \nacquises (ou \u00e9chang\u00e9es) lors des bourses que celles achet\u00e9es aux expos \nou lors de visites.<\/p>\n\n\n\n<p>D\u00e8s lors, non seulement nous vous invitons \u00e0 participer \u00e0 ces \nbourses, mais nous vous invitons \u00e9galement \u00e0 y participer en tant que \n\u00ab\u00a0\u00e9changeurs\u00a0\u00bb de divisions de vos plantes. Et vous verrez le monde \norchidophile tout autrement !<\/p>\n","protected":false},"excerpt":{"rendered":"<p>Exp\u00e9rience relat\u00e9e par : Christian Servais Nous sommes souvent confront\u00e9s, au club, mais je suppose que c&rsquo;est identique partout ailleurs, au probl\u00e8me suivant : \u00ab\u00a0J&rsquo;ai achet\u00e9 une plante dans une grande surface X, puis les fleurs ont rapidement fan\u00e9, puis quelques semaines plus tard, ma plante \u00e9tait morte. Pourquoi ?\u00a0\u00bb Nous sommes d&rsquo;avis, au CAWO, [&hellip;]<\/p>\n","protected":false},"author":1,"featured_media":0,"parent":493,"menu_order":1,"comment_status":"closed","ping_status":"closed","template":"","meta":{"ngg_post_thumbnail":0,"footnotes":""},"_links":{"self":[{"href":"https:\/\/cawoliege.be\/index.php\/wp-json\/wp\/v2\/pages\/495"}],"collection":[{"href":"https:\/\/cawoliege.be\/index.php\/wp-json\/wp\/v2\/pages"}],"about":[{"href":"https:\/\/cawoliege.be\/index.php\/wp-json\/wp\/v2\/types\/page"}],"author":[{"embeddable":true,"href":"https:\/\/cawoliege.be\/index.php\/wp-json\/wp\/v2\/users\/1"}],"replies":[{"embeddable":true,"href":"https:\/\/cawoliege.be\/index.php\/wp-json\/wp\/v2\/comments?post=495"}],"version-history":[{"count":1,"href":"https:\/\/cawoliege.be\/index.php\/wp-json\/wp\/v2\/pages\/495\/revisions"}],"predecessor-version":[{"id":496,"href":"https:\/\/cawoliege.be\/index.php\/wp-json\/wp\/v2\/pages\/495\/revisions\/496"}],"up":[{"embeddable":true,"href":"https:\/\/cawoliege.be\/index.php\/wp-json\/wp\/v2\/pages\/493"}],"wp:attachment":[{"href":"https:\/\/cawoliege.be\/index.php\/wp-json\/wp\/v2\/media?parent=495"}],"curies":[{"name":"wp","href":"https:\/\/api.w.org\/{rel}","templated":true}]}}