{"id":46,"date":"2019-05-11T10:38:05","date_gmt":"2019-05-11T08:38:05","guid":{"rendered":"http:\/\/cawoliege.be\/?page_id=46"},"modified":"2020-03-31T18:47:25","modified_gmt":"2020-03-31T16:47:25","slug":"expositions","status":"publish","type":"page","link":"https:\/\/cawoliege.be\/index.php\/le-cawo\/expositions\/","title":{"rendered":"Expositions"},"content":{"rendered":"\n<p><strong>L<\/strong>e CAWO organise tous les 2 ans une grande Exposition  Internationale d&rsquo;Orchid\u00e9es. La derni\u00e8re \u00e9dition a eu lieu les 11-12-13 octobre 2019 \u00e0 Herstal. <\/p>\n","protected":false},"excerpt":{"rendered":"<p>Le CAWO organise tous les 2 ans une grande Exposition Internationale d&rsquo;Orchid\u00e9es. La derni\u00e8re \u00e9dition a eu lieu les 11-12-13 octobre 2019 \u00e0 Herstal.<\/p>\n","protected":false},"author":1,"featured_media":0,"parent":25,"menu_order":0,"comment_status":"closed","ping_status":"closed","template":"","meta":{"ngg_post_thumbnail":0,"footnotes":""},"_links":{"self":[{"href":"https:\/\/cawoliege.be\/index.php\/wp-json\/wp\/v2\/pages\/46"}],"collection":[{"href":"https:\/\/cawoliege.be\/index.php\/wp-json\/wp\/v2\/pages"}],"about":[{"href":"https:\/\/cawoliege.be\/index.php\/wp-json\/wp\/v2\/types\/page"}],"author":[{"embeddable":true,"href":"https:\/\/cawoliege.be\/index.php\/wp-json\/wp\/v2\/users\/1"}],"replies":[{"embeddable":true,"href":"https:\/\/cawoliege.be\/index.php\/wp-json\/wp\/v2\/comments?post=46"}],"version-history":[{"count":2,"href":"https:\/\/cawoliege.be\/index.php\/wp-json\/wp\/v2\/pages\/46\/revisions"}],"predecessor-version":[{"id":881,"href":"https:\/\/cawoliege.be\/index.php\/wp-json\/wp\/v2\/pages\/46\/revisions\/881"}],"up":[{"embeddable":true,"href":"https:\/\/cawoliege.be\/index.php\/wp-json\/wp\/v2\/pages\/25"}],"wp:attachment":[{"href":"https:\/\/cawoliege.be\/index.php\/wp-json\/wp\/v2\/media?parent=46"}],"curies":[{"name":"wp","href":"https:\/\/api.w.org\/{rel}","templated":true}]}}