{"id":42,"date":"2019-05-11T10:35:09","date_gmt":"2019-05-11T08:35:09","guid":{"rendered":"http:\/\/cawoliege.be\/?page_id=42"},"modified":"2019-05-11T10:35:09","modified_gmt":"2019-05-11T08:35:09","slug":"activites","status":"publish","type":"page","link":"https:\/\/cawoliege.be\/index.php\/le-cawo\/activites\/","title":{"rendered":"Activit\u00e9s"},"content":{"rendered":"\n<p><strong>L<\/strong>e CAWO s\u2019applique \u00e0 proposer au moins une activit\u00e9 par\n mois, hormis au mois de juillet, \u00e9poque de vacances pour tout le monde !\n Sch\u00e9matiquement, l\u2019ann\u00e9e du CAWO se compose des activit\u00e9s suivantes : \nune assembl\u00e9e g\u00e9n\u00e9rale (janvier), une s\u00e9ance de rempotage (mars), une \nvisite d\u2019une r\u00e9serve naturelle (mai), une bourse aux orchid\u00e9es \n(septembre), des conf\u00e9rences (f\u00e9vrier, avril, juin, d\u00e9cembre), et une \nconf\u00e9rence vente (octobre). Des activit\u00e9s festives sont mises sur pied \npour faire plus ample connaissance dans une ambiance bien sympathique : \nainsi sont organis\u00e9s un barbecue (ao\u00fbt) et un repas de fin d\u2019ann\u00e9e \n(novembre).<br><strong>L<\/strong>e CAWO organise \u00e9galement son exposition, une biennale\n qui rassemble des professionnels et des clubs belges et \u00e9trangers. \nC\u2019est l\u2019occasion d\u2019une grande messe orchidophilique o\u00f9 chaque visiteur \ncommunie, communique et peut assouvir sa passion pour ses fleurs \npr\u00e9f\u00e9r\u00e9es.<br><strong>E<\/strong>n ext\u00e9rieur, le CAWO visite fr\u00e9quemment des \nexpositions en Belgique ou dans les pays voisins, se rend chez des \nproducteurs belges ou \u00e9trangers et participe \u00e0 des expositions \norganis\u00e9es par d\u2019autres clubs, de nouveau en Belgique ou \u00e0 l\u2019\u00e9tranger. \nCe sont en g\u00e9n\u00e9ral des excursions d\u2019un jour ou des voyages de 2\/3\/4 \njours (voir l\u2019agenda). Le CAWO visite aussi, dans la mesure de ses \nmoyens, les E.O.C. (<em>European Orchids Congres<\/em>) et les W.O.C. (<em>World Orchids Conference<\/em>), organis\u00e9s chacun tous les trois ans dans des pays diff\u00e9rents.\n\n<\/p>\n","protected":false},"excerpt":{"rendered":"<p>Le CAWO s\u2019applique \u00e0 proposer au moins une activit\u00e9 par mois, hormis au mois de juillet, \u00e9poque de vacances pour tout le monde ! Sch\u00e9matiquement, l\u2019ann\u00e9e du CAWO se compose des activit\u00e9s suivantes : une assembl\u00e9e g\u00e9n\u00e9rale (janvier), une s\u00e9ance de rempotage (mars), une visite d\u2019une r\u00e9serve naturelle (mai), une bourse aux orchid\u00e9es (septembre), des [&hellip;]<\/p>\n","protected":false},"author":1,"featured_media":0,"parent":25,"menu_order":0,"comment_status":"closed","ping_status":"closed","template":"","meta":{"ngg_post_thumbnail":0,"footnotes":""},"_links":{"self":[{"href":"https:\/\/cawoliege.be\/index.php\/wp-json\/wp\/v2\/pages\/42"}],"collection":[{"href":"https:\/\/cawoliege.be\/index.php\/wp-json\/wp\/v2\/pages"}],"about":[{"href":"https:\/\/cawoliege.be\/index.php\/wp-json\/wp\/v2\/types\/page"}],"author":[{"embeddable":true,"href":"https:\/\/cawoliege.be\/index.php\/wp-json\/wp\/v2\/users\/1"}],"replies":[{"embeddable":true,"href":"https:\/\/cawoliege.be\/index.php\/wp-json\/wp\/v2\/comments?post=42"}],"version-history":[{"count":1,"href":"https:\/\/cawoliege.be\/index.php\/wp-json\/wp\/v2\/pages\/42\/revisions"}],"predecessor-version":[{"id":43,"href":"https:\/\/cawoliege.be\/index.php\/wp-json\/wp\/v2\/pages\/42\/revisions\/43"}],"up":[{"embeddable":true,"href":"https:\/\/cawoliege.be\/index.php\/wp-json\/wp\/v2\/pages\/25"}],"wp:attachment":[{"href":"https:\/\/cawoliege.be\/index.php\/wp-json\/wp\/v2\/media?parent=42"}],"curies":[{"name":"wp","href":"https:\/\/api.w.org\/{rel}","templated":true}]}}