{"id":391,"date":"2019-05-12T12:05:01","date_gmt":"2019-05-12T10:05:01","guid":{"rendered":"http:\/\/cawoliege.be\/?page_id=391"},"modified":"2019-05-12T12:05:01","modified_gmt":"2019-05-12T10:05:01","slug":"les-spinets","status":"publish","type":"page","link":"https:\/\/cawoliege.be\/index.php\/les-spinets\/","title":{"rendered":"Les Spinets"},"content":{"rendered":"\n<figure class=\"wp-block-image\"><img loading=\"lazy\" decoding=\"async\" width=\"1024\" height=\"426\" src=\"http:\/\/cawoliege.be\/wp-content\/uploads\/2019\/05\/spinets-1024x426.jpg\" alt=\"\" class=\"wp-image-17\" srcset=\"https:\/\/cawoliege.be\/wp-content\/uploads\/2019\/05\/spinets-1024x426.jpg 1024w, https:\/\/cawoliege.be\/wp-content\/uploads\/2019\/05\/spinets-300x125.jpg 300w, https:\/\/cawoliege.be\/wp-content\/uploads\/2019\/05\/spinets-768x319.jpg 768w, https:\/\/cawoliege.be\/wp-content\/uploads\/2019\/05\/spinets.jpg 1140w\" sizes=\"(max-width: 1024px) 100vw, 1024px\" \/><\/figure>\n\n\n\n<p><strong>C<\/strong>omme il est dit ailleurs dans ce site, le CAWO a \nparticip\u00e9 \u00e0 l&rsquo;achat d&rsquo;un terrain abritant des orchid\u00e9es, en \ncollaboration avec les RNOB \u00e0 l&rsquo;\u00e9poque, aujourd&rsquo;hui NATAGORA.<br>\n<br>\n<strong>C<\/strong>e terrain, situ\u00e9 dans la r\u00e9gion de Marche-en-Famenne, a\n la particularit\u00e9 de faire partie d&rsquo;un ensemble de coteaux calcaires \nrepris dans le massif dit de \u00ab\u00a0La Calestienne\u00a0\u00bb, barre calcaire s&rsquo;\u00e9tendant\n <em>grosso modo<\/em> de Thuin jusqu&rsquo;au Pays de Herve, en passant par la\n Famenne et le Condroz. Cette \u00ab\u00a0Calestienne\u00a0\u00bb est reconnue pour sa \nrichesse en orchid\u00e9es. Le sous-sol calcaire, bien drain\u00e9 et se \nr\u00e9chauffant rapidement au printemps, est en effet un biotope id\u00e9al pour \nbon nombre d&rsquo;esp\u00e8ces thermophiles si bien que, dans certaines stations, \non rencontre des plantes originaires de r\u00e9gions bien plus m\u00e9ridionales \nqui trouvent ici, plus au nord, le dernier biotope favorable \u00e0 leur \nsurvie.<\/p>\n\n\n\n<p> <strong>N<\/strong>otre m\u00e9c\u00e9nat se poursuit bien au-del\u00e0 du simple  financement de l&rsquo;achat du terrain. En effet, faisant de la sorte \u00e9cho  aux statuts de notre club, plusieurs membres participent r\u00e9guli\u00e8rement \u00e0  diverses activit\u00e9s sur le site : chantiers de gestion, recensements,  visites, &#8230; le plus souvent encadr\u00e9 par des membres de Natagora.<br> <strong>E<\/strong>t il est remarquable de constater que ces chantiers,  entrepris depuis plusieurs ann\u00e9es d\u00e9j\u00e0, portent si rapidement leurs  fruits. En effet, dans les zones d\u00e9frich\u00e9es, am\u00e9nag\u00e9es ou \u00ab\u00a0simplement\u00a0\u00bb  p\u00e2tur\u00e9es, on constate un accroissement du nombre de plantes, voire  l&rsquo;apparition ou la r\u00e9surgence de certaines esp\u00e8ces&#8230; Des semis naturels  ne sont m\u00eame pas rares ! De quoi encourager les plus sceptiques d&rsquo;entre  nous et confirmer (si besoin \u00e9tait) le bien-fond\u00e9 de ces actions plus  que b\u00e9n\u00e9fiques.<\/p>\n\n\n\n<figure class=\"wp-block-image\"><img loading=\"lazy\" decoding=\"async\" width=\"670\" height=\"503\" src=\"http:\/\/cawoliege.be\/wp-content\/uploads\/2019\/05\/Image-01.jpg\" alt=\"\" class=\"wp-image-392\" srcset=\"https:\/\/cawoliege.be\/wp-content\/uploads\/2019\/05\/Image-01.jpg 670w, https:\/\/cawoliege.be\/wp-content\/uploads\/2019\/05\/Image-01-300x225.jpg 300w, https:\/\/cawoliege.be\/wp-content\/uploads\/2019\/05\/Image-01-480x360.jpg 480w\" sizes=\"(max-width: 670px) 100vw, 670px\" \/><\/figure>\n\n\n\n<p> <strong>S<\/strong>i les orchid\u00e9es sont, bien s\u00fbr, les plus favoris\u00e9es  par ces travaux de gestion, d&rsquo;autres \u00eatres vivants profitent \u00e9galement  des d\u00e9gagements et autres mises en lumi\u00e8re r\u00e9alis\u00e9s par les courageux  volontaires \u00e0 chaque fois bien pr\u00e9sents&#8230; et toujours tr\u00e8s motiv\u00e9s !  Ainsi, des abris sont am\u00e9nag\u00e9s pour les insectes, amphibiens, araign\u00e9es,  petits mammif\u00e8res, &#8230; Certains arbres et arbustes, connus pour  accueillir une grande bio-diversit\u00e9, sont conserv\u00e9s. L&rsquo;avifaune est bien  s\u00fbr concern\u00e9e par la gestion. Des murets de pierres s\u00e8ches sont d\u00e9gag\u00e9s  pour permettre l&rsquo;\u00e9tablissement des l\u00e9zards et autres orvets.<\/p>\n\n\n\n<figure class=\"wp-block-image\"><img loading=\"lazy\" decoding=\"async\" width=\"768\" height=\"1024\" src=\"http:\/\/cawoliege.be\/wp-content\/uploads\/2019\/05\/Image-02-768x1024.jpg\" alt=\"\" class=\"wp-image-393\" srcset=\"https:\/\/cawoliege.be\/wp-content\/uploads\/2019\/05\/Image-02-768x1024.jpg 768w, https:\/\/cawoliege.be\/wp-content\/uploads\/2019\/05\/Image-02-225x300.jpg 225w, https:\/\/cawoliege.be\/wp-content\/uploads\/2019\/05\/Image-02.jpg 840w\" sizes=\"(max-width: 768px) 100vw, 768px\" \/><\/figure>\n\n\n\n<p> <strong>A<\/strong>nn\u00e9e apr\u00e8s ann\u00e9e, des r\u00e9sultats de plus en plus  spectaculaires sont enregistr\u00e9s. Des changements notables sont visibles,  la plupart favorisant les orchid\u00e9es, mais pas seulement. Ainsi, en  automne 2009, plusieurs anciennes vari\u00e9t\u00e9s locales de pommiers ont \u00e9t\u00e9  replant\u00e9s dans le bas de la r\u00e9serve. \u00c0 terme, les \u00ab\u00a0fruits\u00a0\u00bb de ce labeur  seront valoris\u00e9s et permettront une petite rentr\u00e9e d&rsquo;argent toujours  appr\u00e9ci\u00e9e dans ce secteur peu subventionn\u00e9 et souvent d\u00e9pendant de la  bonne volont\u00e9 de donateurs priv\u00e9s&#8230;<br> <strong>A<\/strong>pr\u00e8s plusieurs ann\u00e9es de gestion, il s&rsquo;agira  maintenant d&rsquo;effectuer des travaux d&rsquo;entretien des zones d\u00e9gag\u00e9es et non  soumises au p\u00e2turage des moutons.<br> <strong>N<\/strong>ous pouvons \u00eatre fiers du travail accompli, il est  d&rsquo;ailleurs montr\u00e9 en exemple par de nombreux acteurs du milieu. Ce n&rsquo;est  en aucun cas de l&rsquo;autosatisfaction, mais une r\u00e9alit\u00e9 tangible et dont  chacun peut se f\u00e9liciter. Puissions-nous encore longtemps nous r\u00e9jouir  du spectacle gratifiant r\u00e9sultant des travaux entrepris&#8230;<br> <strong>D<\/strong>epuis peu, une nouvelle parcelle est venue agrandir la  surface de la r\u00e9serve et permet maintenant de relier les deux zones  soeur. Il s&rsquo;agit de proc\u00e9der aux travaux n\u00e9cessaires \u00e0 la cr\u00e9ation de  nouvelles zones de vie dans cette ancienne pessi\u00e8re. Les dates de ces  chantiers sont anonc\u00e9es sur ce site. N&rsquo;h\u00e9sitez pas \u00e0 y revenir  fr\u00e9quemment !<\/p>\n","protected":false},"excerpt":{"rendered":"<p>Comme il est dit ailleurs dans ce site, le CAWO a particip\u00e9 \u00e0 l&rsquo;achat d&rsquo;un terrain abritant des orchid\u00e9es, en collaboration avec les RNOB \u00e0 l&rsquo;\u00e9poque, aujourd&rsquo;hui NATAGORA. Ce terrain, situ\u00e9 dans la r\u00e9gion de Marche-en-Famenne, a la particularit\u00e9 de faire partie d&rsquo;un ensemble de coteaux calcaires repris dans le massif dit de \u00ab\u00a0La Calestienne\u00a0\u00bb, [&hellip;]<\/p>\n","protected":false},"author":1,"featured_media":0,"parent":0,"menu_order":0,"comment_status":"closed","ping_status":"closed","template":"","meta":{"ngg_post_thumbnail":0,"footnotes":""},"_links":{"self":[{"href":"https:\/\/cawoliege.be\/index.php\/wp-json\/wp\/v2\/pages\/391"}],"collection":[{"href":"https:\/\/cawoliege.be\/index.php\/wp-json\/wp\/v2\/pages"}],"about":[{"href":"https:\/\/cawoliege.be\/index.php\/wp-json\/wp\/v2\/types\/page"}],"author":[{"embeddable":true,"href":"https:\/\/cawoliege.be\/index.php\/wp-json\/wp\/v2\/users\/1"}],"replies":[{"embeddable":true,"href":"https:\/\/cawoliege.be\/index.php\/wp-json\/wp\/v2\/comments?post=391"}],"version-history":[{"count":1,"href":"https:\/\/cawoliege.be\/index.php\/wp-json\/wp\/v2\/pages\/391\/revisions"}],"predecessor-version":[{"id":394,"href":"https:\/\/cawoliege.be\/index.php\/wp-json\/wp\/v2\/pages\/391\/revisions\/394"}],"wp:attachment":[{"href":"https:\/\/cawoliege.be\/index.php\/wp-json\/wp\/v2\/media?parent=391"}],"curies":[{"name":"wp","href":"https:\/\/api.w.org\/{rel}","templated":true}]}}