{"id":373,"date":"2019-05-12T11:43:39","date_gmt":"2019-05-12T09:43:39","guid":{"rendered":"http:\/\/cawoliege.be\/?page_id=373"},"modified":"2019-05-12T11:43:39","modified_gmt":"2019-05-12T09:43:39","slug":"la-croissance","status":"publish","type":"page","link":"https:\/\/cawoliege.be\/index.php\/qui-sommes-nous\/la-croissance\/","title":{"rendered":"La croissance"},"content":{"rendered":"\n<blockquote class=\"wp-block-quote\"><p> <br><strong>L<\/strong>es orchid\u00e9es pr\u00e9sentent deux types de croissance bien distincts. On en trouve des <strong>sympodiales<\/strong> et des <strong>monopodiales<\/strong>. <\/p><\/blockquote>\n\n\n\n<p><strong>L<\/strong>es orchid\u00e9es <strong>sympodiales<\/strong>\n ont un mode de croissance somme toute banal : chaque nouvelle pousse \nappara\u00eet \u00e0 la base ou sur le c\u00f4t\u00e9 ou \u00e0 une certaine hauteur du \npseudobulbe, de la tige, etc. Bref, comme toute autre plante. En \napparence, on dirait que ces plantes rampent sur leur support (sol, \nbranche, rocher). Ces plantes finissent par former, au fil des ans, une \ngrosse touffe. Cela pr\u00e9sente un avantage certain lorsqu\u2019on veut diviser \nsa plante, on en a vite 2, 3, 4 exemplaires (ou plus !) en fonction de \nsa force. Parmi les plus connues, on peut citer : <em>Cymbidium<\/em>, <em>Cattleya<\/em>, <em>Dendrobium<\/em>, <em>Oncidium<\/em>, <em>Coelogyne<\/em>, <em>Epidendrum<\/em>, <em>Lycaste<\/em>, <em>Calanthe<\/em>, <em>Orchis<\/em>, <em>Paphiopedilum<\/em>, etc.<br> <strong>L<\/strong>es orchid\u00e9es <strong>monopodiales<\/strong> croissent toute leur vie sur la m\u00eame tige qui  s\u2019allonge ind\u00e9finiment. Il n\u2019y a pas d\u2019apparition de nouvelle tige, les  feuilles naissent au sommet de la tige et viennent se superposer sur  les pr\u00e9c\u00e9dentes. En apparence, on dirait que ces plantes grimpent vers  la cime des arbres qui les abritent. Ces plantes forment beaucoup plus  rarement des touffes et leur m\u00e9thode de division est plus compliqu\u00e9e\u2026  hormis celles qui produisent r\u00e9guli\u00e8rement des racines sur leur tige.  Parmi les plus connues, citons : <em>Phalaenopsis<\/em>, <em>Angraecum<\/em>, <em>Aerides<\/em>, <em>Renanthera<\/em>, <em>Vanda<\/em>, <em>Ascocentrum<\/em>, etc.<br> \u00a0<strong>I<\/strong>l faut \u00e9galement signaler un ph\u00e9nom\u00e8ne parfois \u00e9tonnant intervenant indiff\u00e9remment chez l\u2019un ou l\u2019autre mode de croissance, les <strong>keikis<\/strong>.\n Ce mot, qui serait d\u2019origine hawa\u00efenne, signifie b\u00e9b\u00e9. Il s\u2019agit en \nfait de jeunes plantes apparaissant \u00e0 divers endroits sur une plante \n\u00ab\u00a0m\u00e8re\u00a0\u00bb. La cause de la production de ces rejetons fait encore l\u2019objet de\n nombreux d\u00e9bats dans la communaut\u00e9 scientifique. Il semblerait en tout \ncas que certaines esp\u00e8ces en produisent de mani\u00e8re syst\u00e9matique, tandis \nque d\u2019autres (dont l\u2019environnement n\u2019est visiblement plus optimal) les \nproduisent afin d\u2019assurer leur descendance. Les avis sur le sujet sont \ntr\u00e8s partag\u00e9s. Parmi les esp\u00e8ces habitu\u00e9es qui semblent en produire de \nfa\u00e7on physiologique, citons : <em>Phalaenopsis <\/em><em>equestris<\/em>, <em>Dendrobium kingianum<\/em>, <em>Pleione<\/em> sp., <em>Hammarbya paludosa<\/em>, <em>Epidendrum radicans<\/em>,\n etc. Par contre, d\u2019autres esp\u00e8ces produisent des keikis en cas de \nn\u00e9cessit\u00e9 vitale soit parce que les conditions de vie ne sont plus \nbonnes ou parce que les conditions culturales ne sont pas adapt\u00e9es, soit\n parce que la plante n\u2019arrive pas \u00e0 fleurir, \u2026 Ainsi, de nombreuses \nesp\u00e8ces de <em>Dendrobium<\/em> produisent des keikis quand le m\u00e9canisme \nde la floraison est perturb\u00e9 par un \u00e9l\u00e9ment ext\u00e9rieur (temp\u00e9rature, \nhumidit\u00e9, \u2026 ) inad\u00e9quat. Enfin, il arrive que certaines esp\u00e8ces non \ncoutumi\u00e8res du fait produisent \u00e0 l\u2019occasion des keikis : citons certains\n <em>Phalaenopsis<\/em>, <em>Aerides<\/em>, <em>Vanda<\/em>, \u2026 Ces keikis \npr\u00e9sentent en outre l\u2019avantage d\u2019\u00eatre bien pratiques pour multiplier la \nplante concern\u00e9e : il suffit de pr\u00e9lever ces \u00ab\u00a0b\u00e9b\u00e9s\u00a0\u00bb d\u00e8s qu\u2019ils ont des \nracines suffisamment longues et de le rempoter \u00e0 part.<br>\n&nbsp;<strong>E<\/strong>nfin, quelques rares esp\u00e8ces \nd\u2019orchid\u00e9es s\u2019apparentent aux lianes par leur mode de croissance, la \nplus connue est \u00e9galement l\u2019esp\u00e8ce la plus cultiv\u00e9e au monde, c\u2019est la \nVanille !<\/p>\n","protected":false},"excerpt":{"rendered":"<p>Les orchid\u00e9es pr\u00e9sentent deux types de croissance bien distincts. On en trouve des sympodiales et des monopodiales. Les orchid\u00e9es sympodiales ont un mode de croissance somme toute banal : chaque nouvelle pousse appara\u00eet \u00e0 la base ou sur le c\u00f4t\u00e9 ou \u00e0 une certaine hauteur du pseudobulbe, de la tige, etc. Bref, comme toute autre [&hellip;]<\/p>\n","protected":false},"author":1,"featured_media":0,"parent":8,"menu_order":4,"comment_status":"closed","ping_status":"closed","template":"","meta":{"ngg_post_thumbnail":0,"footnotes":""},"_links":{"self":[{"href":"https:\/\/cawoliege.be\/index.php\/wp-json\/wp\/v2\/pages\/373"}],"collection":[{"href":"https:\/\/cawoliege.be\/index.php\/wp-json\/wp\/v2\/pages"}],"about":[{"href":"https:\/\/cawoliege.be\/index.php\/wp-json\/wp\/v2\/types\/page"}],"author":[{"embeddable":true,"href":"https:\/\/cawoliege.be\/index.php\/wp-json\/wp\/v2\/users\/1"}],"replies":[{"embeddable":true,"href":"https:\/\/cawoliege.be\/index.php\/wp-json\/wp\/v2\/comments?post=373"}],"version-history":[{"count":1,"href":"https:\/\/cawoliege.be\/index.php\/wp-json\/wp\/v2\/pages\/373\/revisions"}],"predecessor-version":[{"id":374,"href":"https:\/\/cawoliege.be\/index.php\/wp-json\/wp\/v2\/pages\/373\/revisions\/374"}],"up":[{"embeddable":true,"href":"https:\/\/cawoliege.be\/index.php\/wp-json\/wp\/v2\/pages\/8"}],"wp:attachment":[{"href":"https:\/\/cawoliege.be\/index.php\/wp-json\/wp\/v2\/media?parent=373"}],"curies":[{"name":"wp","href":"https:\/\/api.w.org\/{rel}","templated":true}]}}