{"id":351,"date":"2019-05-12T10:09:15","date_gmt":"2019-05-12T08:09:15","guid":{"rendered":"http:\/\/cawoliege.be\/?page_id=351"},"modified":"2019-05-12T10:09:15","modified_gmt":"2019-05-12T08:09:15","slug":"serapias","status":"publish","type":"page","link":"https:\/\/cawoliege.be\/index.php\/orchidees-deurope\/serapias\/","title":{"rendered":"Serapias"},"content":{"rendered":"\n<div class=\"wp-block-image\"><figure class=\"aligncenter\"><img loading=\"lazy\" decoding=\"async\" width=\"160\" height=\"219\" src=\"http:\/\/cawoliege.be\/wp-content\/uploads\/2019\/05\/Serapias.gif\" alt=\"\" class=\"wp-image-352\"\/><\/figure><\/div>\n\n\n\n<p><strong>L<\/strong>es <strong>Serapias<\/strong> sont \ndes orchid\u00e9es assez sp\u00e9ciales et un peu anachroniques, du moins pour la \nflore europ\u00e9enne. En effet, la fleur se pr\u00e9sente sous forme d\u2019un cornet :\n les pi\u00e8ces florales sont regroup\u00e9es et forment un long tunnel au fond \nduquel se trouvent les organes de reproduction. Le labelle est plus \nd\u00e9velopp\u00e9 et forme une langue pendante. On ignore la raison de ce \n\u00ab\u00a0tunnel\u00a0\u00bb, mais plusieurs sp\u00e9cialistes ont d\u00e9j\u00e0 not\u00e9 la pr\u00e9sence \nd\u2019insectes dans les fleurs lors de journ\u00e9es tr\u00e8s pluvieuses. \nAuraient-elles d\u00e9velopp\u00e9 ce stratag\u00e8me (le tunnel) pour profiter de la \npr\u00e9sence de l\u2019insecte et s\u2019en servir comme auxiliaire ? Rien n\u2019est moins\n s\u00fbr, mais pourquoi pas !<\/p>\n\n\n\n<p><strong>C<\/strong>es esp\u00e8ces ont une r\u00e9partition \nassez atlantico-m\u00e9ridionale et sont limit\u00e9es \u00e0 la zone m\u00e9diterran\u00e9enne, \nne poussant vers le nord qu\u2019en Irlande, au niveau de la Bretagne et de \nla Bourgogne en France, du sud de l\u2019Allemagne et \u00e0 quelques rares zones \nde l\u2019Europe centrale. Ce sont souvent des plantes croissant dans le \nmaquis, en plein soleil, ou dans les fourr\u00e9s, les champs, bref, dans les\n zones g\u00e9n\u00e9ralement assez d\u00e9gag\u00e9es.<\/p>\n\n\n\n<p><strong>L<\/strong>es feuilles sont \u00e9troites et assez \nfines, en rosette basale; la hampe florale appara\u00eet au c\u0153ur des feuilles\n et porte de 1 \u00e0 8 fleurs (en fonction des esp\u00e8ces et des conditions). \nLa plupart des esp\u00e8ces pr\u00e9sentent des fleurs aux tons de rouge, rose, \nainsi qu\u2019un peu de brun et de vert. Certaines sont r\u00e9put\u00e9es odorantes. \nCe sont de jolies plantes, un peu surprenantes pour qui les aper\u00e7oit \npour la premi\u00e8re fois. La plupart sont tr\u00e8s menac\u00e9es par les activit\u00e9s \nhumaines.<\/p>\n","protected":false},"excerpt":{"rendered":"<p>Les Serapias sont des orchid\u00e9es assez sp\u00e9ciales et un peu anachroniques, du moins pour la flore europ\u00e9enne. En effet, la fleur se pr\u00e9sente sous forme d\u2019un cornet : les pi\u00e8ces florales sont regroup\u00e9es et forment un long tunnel au fond duquel se trouvent les organes de reproduction. Le labelle est plus d\u00e9velopp\u00e9 et forme une [&hellip;]<\/p>\n","protected":false},"author":1,"featured_media":0,"parent":304,"menu_order":8,"comment_status":"closed","ping_status":"closed","template":"","meta":{"ngg_post_thumbnail":0,"footnotes":""},"_links":{"self":[{"href":"https:\/\/cawoliege.be\/index.php\/wp-json\/wp\/v2\/pages\/351"}],"collection":[{"href":"https:\/\/cawoliege.be\/index.php\/wp-json\/wp\/v2\/pages"}],"about":[{"href":"https:\/\/cawoliege.be\/index.php\/wp-json\/wp\/v2\/types\/page"}],"author":[{"embeddable":true,"href":"https:\/\/cawoliege.be\/index.php\/wp-json\/wp\/v2\/users\/1"}],"replies":[{"embeddable":true,"href":"https:\/\/cawoliege.be\/index.php\/wp-json\/wp\/v2\/comments?post=351"}],"version-history":[{"count":1,"href":"https:\/\/cawoliege.be\/index.php\/wp-json\/wp\/v2\/pages\/351\/revisions"}],"predecessor-version":[{"id":353,"href":"https:\/\/cawoliege.be\/index.php\/wp-json\/wp\/v2\/pages\/351\/revisions\/353"}],"up":[{"embeddable":true,"href":"https:\/\/cawoliege.be\/index.php\/wp-json\/wp\/v2\/pages\/304"}],"wp:attachment":[{"href":"https:\/\/cawoliege.be\/index.php\/wp-json\/wp\/v2\/media?parent=351"}],"curies":[{"name":"wp","href":"https:\/\/api.w.org\/{rel}","templated":true}]}}