{"id":346,"date":"2019-05-12T10:07:10","date_gmt":"2019-05-12T08:07:10","guid":{"rendered":"http:\/\/cawoliege.be\/?page_id=346"},"modified":"2019-05-12T10:07:10","modified_gmt":"2019-05-12T08:07:10","slug":"platanthera","status":"publish","type":"page","link":"https:\/\/cawoliege.be\/index.php\/orchidees-deurope\/platanthera\/","title":{"rendered":"Platanthera"},"content":{"rendered":"\n<div class=\"wp-block-image\"><figure class=\"aligncenter\"><img loading=\"lazy\" decoding=\"async\" width=\"160\" height=\"251\" src=\"http:\/\/cawoliege.be\/wp-content\/uploads\/2019\/05\/Platanthera.gif\" alt=\"\" class=\"wp-image-347\"\/><\/figure><\/div>\n\n\n\n<p><strong>T<\/strong>out comme les <em>Gymnadenia<\/em>, les <strong>Platanthera<\/strong> comprennent tr\u00e8s peu d\u2019esp\u00e8ces en Europe, dont deux principales, largement r\u00e9pandues, surtout la premi\u00e8re : <em>Platanthera bifolia<\/em> et <em>Platanthera chlorantha<\/em>.\n Ce sont des plantes pr\u00e9sentant deux (plus rarement trois) grandes \nfeuilles plates, \u00b1 plaqu\u00e9es sur le sol, avec des pseudobulbes palm\u00e9s. La\n hampe florale porte de 3 \u00e0 plus de 20 fleurs blanches teint\u00e9es de vert \nou de jaune et qui poss\u00e8dent un \u00e9peron assez long. Le labelle des deux \nesp\u00e8ces ressemble \u00e0 une grande langue tir\u00e9e par quelque enfant mutin ! \nLes p\u00e9tales et le s\u00e9pale sup\u00e9rieur forment un genre de casque, les \ns\u00e9pales lat\u00e9raux sont \u00e9tal\u00e9s. Les ressemblances s\u2019arr\u00eatent ici.<\/p>\n\n\n\n<p> <strong>P<\/strong>assons maintenant aux dissemblances. <em>Platanthera chlorantha<\/em>  pousse le plus souvent dans la liti\u00e8re foresti\u00e8re des sous-bois parfois  assez sombres, o\u00f9 ses fleurs blanches se remarquent de loin. C\u2019est  aussi un bon moyen pour \u00eatre vu la nuit. De plus, ces fleurs sont  parfum\u00e9es, elles attirent essentiellement les l\u00e9pidopt\u00e8res nocturnes.  Les pollinies sont assez \u00e9cart\u00e9es et elles forment un V invers\u00e9. Du vert  fonc\u00e9 est assez pr\u00e9sent sur le labelle et par endroits dans la fleur.  C\u2019est une esp\u00e8ce moins courante que la suivante. <em>Platanthera bifolia<\/em>,  quant \u00e0 lui, colonise plut\u00f4t les endroits ouverts, souvent en plein  soleil, dans les herbes rases, au bord des chemins, dans des milieux  secs ou, au contraire, bien humides. Ses fleurs sont blanches et  odorantes \u00e9galement. Les pollinies sont proches et \u00b1 parall\u00e8les. La  fleur est nettement plus p\u00e2le et c\u2019est plut\u00f4t du vert jaune qu\u2019on  rencontre sur cette fleur. Il pousse souvent en compagnie d\u2019autres  orchid\u00e9es (<em>Orchis morio<\/em>, <em>Dactylorhiza majalis<\/em>, <em>Ophrys insectifera<\/em>, \u2026) affectionnant des conditions semblables.<\/p>\n\n\n\n<p><strong>C<\/strong>e sont de belles plantes, certains \npieds, assez gros, d\u00e9gageant une impression de puissance assez \n\u00e9tonnante, de loin, on dirait des jacinthes blanches, vraiment \nsurprenant ! Les <em>Platanthera<\/em> sont r\u00e9pandus de la fa\u00e7ade Atlantique jusqu\u2019\u00e0 l\u2019Oural (et m\u00eame jusqu\u2019au Japon) !<\/p>\n","protected":false},"excerpt":{"rendered":"<p>Tout comme les Gymnadenia, les Platanthera comprennent tr\u00e8s peu d\u2019esp\u00e8ces en Europe, dont deux principales, largement r\u00e9pandues, surtout la premi\u00e8re : Platanthera bifolia et Platanthera chlorantha. Ce sont des plantes pr\u00e9sentant deux (plus rarement trois) grandes feuilles plates, \u00b1 plaqu\u00e9es sur le sol, avec des pseudobulbes palm\u00e9s. La hampe florale porte de 3 \u00e0 plus [&hellip;]<\/p>\n","protected":false},"author":1,"featured_media":0,"parent":304,"menu_order":7,"comment_status":"closed","ping_status":"closed","template":"","meta":{"ngg_post_thumbnail":0,"footnotes":""},"_links":{"self":[{"href":"https:\/\/cawoliege.be\/index.php\/wp-json\/wp\/v2\/pages\/346"}],"collection":[{"href":"https:\/\/cawoliege.be\/index.php\/wp-json\/wp\/v2\/pages"}],"about":[{"href":"https:\/\/cawoliege.be\/index.php\/wp-json\/wp\/v2\/types\/page"}],"author":[{"embeddable":true,"href":"https:\/\/cawoliege.be\/index.php\/wp-json\/wp\/v2\/users\/1"}],"replies":[{"embeddable":true,"href":"https:\/\/cawoliege.be\/index.php\/wp-json\/wp\/v2\/comments?post=346"}],"version-history":[{"count":1,"href":"https:\/\/cawoliege.be\/index.php\/wp-json\/wp\/v2\/pages\/346\/revisions"}],"predecessor-version":[{"id":348,"href":"https:\/\/cawoliege.be\/index.php\/wp-json\/wp\/v2\/pages\/346\/revisions\/348"}],"up":[{"embeddable":true,"href":"https:\/\/cawoliege.be\/index.php\/wp-json\/wp\/v2\/pages\/304"}],"wp:attachment":[{"href":"https:\/\/cawoliege.be\/index.php\/wp-json\/wp\/v2\/media?parent=346"}],"curies":[{"name":"wp","href":"https:\/\/api.w.org\/{rel}","templated":true}]}}