{"id":341,"date":"2019-05-12T10:05:00","date_gmt":"2019-05-12T08:05:00","guid":{"rendered":"http:\/\/cawoliege.be\/?page_id=341"},"modified":"2019-05-12T10:05:00","modified_gmt":"2019-05-12T08:05:00","slug":"orchis","status":"publish","type":"page","link":"https:\/\/cawoliege.be\/index.php\/orchidees-deurope\/orchis\/","title":{"rendered":"Orchis"},"content":{"rendered":"\n<div class=\"wp-block-image\"><figure class=\"aligncenter\"><img loading=\"lazy\" decoding=\"async\" width=\"160\" height=\"182\" src=\"http:\/\/cawoliege.be\/wp-content\/uploads\/2019\/05\/Orchis.gif\" alt=\"\" class=\"wp-image-342\"\/><\/figure><\/div>\n\n\n\n<p><strong>L<\/strong>es <strong>Orchis<\/strong> (qui ont donn\u00e9 leur nom \u00e0\n la famille) sont des orchid\u00e9es un peu diff\u00e9rentes des pr\u00e9c\u00e9dentes. En \neffet, les feuilles apparaissent souvent d\u00e8s la fin de l\u2019automne ou \ndurant l\u2019hiver, si bien qu\u2019elles sont souvent ab\u00eem\u00e9es par le gel au \nprintemps, quand \u00e9merge la hampe florale du centre de la rosette.<\/p>\n\n\n\n<p>Contrairement aux <em>Dactylorhiza<\/em>, dont les feuilles sont alternes sur la tige, celles des <em>Orchis<\/em>\n forment une rosette plaqu\u00e9e au sol. La hampe florale appara\u00eet dans une \nspathe (en fait, une bract\u00e9e) de couleur p\u00e2le puis, apr\u00e8s complet \nd\u00e9veloppement, les fleurs, \u00b1 nombreuses, s\u2019\u00e9panouissent. Contrairement \naux <em>Dactylorhiza<\/em> (autrefois rattach\u00e9s aux <em>Orchis<\/em>), la \nfleur poss\u00e8de le plus souvent un \u00e9peron, prolongement du labelle, \nsouvent trilob\u00e9 aussi, de m\u00eame, les s\u00e9pales et p\u00e9tales forment \ng\u00e9n\u00e9ralement un casque. Les feuilles pr\u00e9sentent moins souvent des taches\n et m\u00eame <em>Orchis mascula<\/em> (l\u2019orchis tachet\u00e9) n\u2019est pas toujours\u2026 tachet\u00e9 !<\/p>\n\n\n\n<p><strong>I<\/strong>ci aussi, on peut regrouper les <em>Orchis<\/em> en \nplusieurs groupes assez distincts, comprenant une esp\u00e8ce \u00ab\u00a0type\u00a0\u00bb et \nd\u2019autres \u00b1 diff\u00e9renci\u00e9es mais proches. On peut en citer plusieurs, comme\n : <em>Orchis mascula<\/em>, <em>Orchis morio<\/em>, <em>Orchis militaris<\/em>, <em>Orchis spitzelii<\/em>, <em>Orchis fragrans<\/em>, <em>Orchis palustris<\/em> (qui \u00ab\u00a0serait\u00a0\u00bb interm\u00e9diaire entre les <em>Orchis<\/em> et les <em>Dactylorhiza<\/em>,\n mais les auteurs ne sont pas d\u2019accord entre eux) et bien d\u2019autres. Je \nrenvoie de nouveau le lecteur au m\u00eame livre de Pierre Delforge, cit\u00e9 \nplus haut. La couleur dominante est ici aussi le rose pourpre, mais il \nexiste davantage de variations que chez <em>Dactylorhiza<\/em>, plusieurs esp\u00e8ces (notamment dans le groupe <em>Orchis morio<\/em>) pr\u00e9sentent des tons vert-brun, du blanc, du violet, \u2026<\/p>\n\n\n\n<p><strong>L<\/strong>e nom \u00ab\u00a0<em>orchis<\/em>\u00a0\u00bb lui-m\u00eame \nsignifie \u00ab\u00a0testicule\u00a0\u00bb, en grec, car les pseudobulbes ovo\u00efdes vont \ntoujours par paire : celui de l\u2019ann\u00e9e pr\u00e9c\u00e9dente et celui de l\u2019ann\u00e9e en \ncours ! Ce qui a contribu\u00e9 \u00e0 leur attribuer des appellations quelquefois\n farfelues par le pass\u00e9 : couillon de chien, satyre, \u2026 Nos anciens y \nvoyaient la trace d\u2019une quelconque semence lucif\u00e9rienne !!! C\u2019est dire \nsi ces plantes n\u2019ont pas toujours eu tr\u00e8s bonne r\u00e9putation. Aujourd\u2019hui,\n nous savons que tout cela n\u2019a ni queue ni t\u00eate et que ces pseudobulbes \nsont l\u00e0 pour assurer la p\u00e9rennit\u00e9 de la plante. Ici aussi, mais tout \naussi rarement, plusieurs pseudobulbes peuvent \u00eatre produits la m\u00eame \nann\u00e9e et contribuer ainsi \u00e0 la formation de petites touffes.<\/p>\n\n\n\n<p><strong>L<\/strong>es <em>Orchis<\/em> croissent g\u00e9n\u00e9ralement dans des endroits plus secs que les <em>Dactylorhiza<\/em> (sauf <em>Orchis palustris<\/em>\n et l\u2019une ou l\u2019autre esp\u00e8ce), plus souvent dans les lieux ouverts aussi :\n prairies, talus, bord des chemins ou des routes, flancs de montagnes, \u2026\n Ce genre renferme plusieurs dizaines d\u2019esp\u00e8ces \u00e9galement, r\u00e9parties \nsurtout autour de la M\u00e9diterran\u00e9e, mais plusieurs esp\u00e8ces s\u2019aventurent \npresque jusqu\u2019au Cercle polaire, peu d\u2019entre elles croissent \u00e0 haute \naltitude et il n\u2019est gu\u00e8re que l\u2019<em>Orchis spitzelii<\/em> pour s\u2019aventurer au-dessus de 2000 m.<\/p>\n\n\n\n<p><strong>U<\/strong>n nouveau d\u00e9bat est n\u00e9 d\u2019une publication r\u00e9cente (<em>Generae Orchidacearum<\/em>\n vol 1) \u00e9manant de scientifiques aussi illustres que Pridgeon, Cribb, \nRasmussen, \u2026, et qui avance l\u2019hypoth\u00e8se selon laquelle il faudrait \nr\u00e9unir plusieurs genres satellites \u00e0 celui des <em>Orchis<\/em>, tels que <em>Aceras<\/em>, <em>Anacamptis<\/em>, <em>Barlia<\/em>, \u2026 Chose qui fait hurler aux loups certains de leurs confr\u00e8res, pas d\u2019accord du tout avec cette th\u00e9orie. Ainsi, <em>Aceras anthropophorum<\/em> deviendrait <em>Orchis anthropophora<\/em>,\n et ainsi de suite ! En tout \u00e9tat de cause, et en attendant de nouvelles\n informations sur le sujet, je m\u2019en tiendrai \u00e0 la classification qui \npr\u00e9valait avant la parution de ces publications.<\/p>\n\n\n\n<p><strong>E<\/strong>nfin, malgr\u00e9 une parent\u00e9 \u00e9vidente, il semblerait que le croisement <em>Orchis<\/em> par <em>Dactylorhiza<\/em>, ou <em>vice versa<\/em>, soit impossible !<\/p>\n","protected":false},"excerpt":{"rendered":"<p>Les Orchis (qui ont donn\u00e9 leur nom \u00e0 la famille) sont des orchid\u00e9es un peu diff\u00e9rentes des pr\u00e9c\u00e9dentes. En effet, les feuilles apparaissent souvent d\u00e8s la fin de l\u2019automne ou durant l\u2019hiver, si bien qu\u2019elles sont souvent ab\u00eem\u00e9es par le gel au printemps, quand \u00e9merge la hampe florale du centre de la rosette. Contrairement aux [&hellip;]<\/p>\n","protected":false},"author":1,"featured_media":0,"parent":304,"menu_order":6,"comment_status":"closed","ping_status":"closed","template":"","meta":{"ngg_post_thumbnail":0,"footnotes":""},"_links":{"self":[{"href":"https:\/\/cawoliege.be\/index.php\/wp-json\/wp\/v2\/pages\/341"}],"collection":[{"href":"https:\/\/cawoliege.be\/index.php\/wp-json\/wp\/v2\/pages"}],"about":[{"href":"https:\/\/cawoliege.be\/index.php\/wp-json\/wp\/v2\/types\/page"}],"author":[{"embeddable":true,"href":"https:\/\/cawoliege.be\/index.php\/wp-json\/wp\/v2\/users\/1"}],"replies":[{"embeddable":true,"href":"https:\/\/cawoliege.be\/index.php\/wp-json\/wp\/v2\/comments?post=341"}],"version-history":[{"count":1,"href":"https:\/\/cawoliege.be\/index.php\/wp-json\/wp\/v2\/pages\/341\/revisions"}],"predecessor-version":[{"id":343,"href":"https:\/\/cawoliege.be\/index.php\/wp-json\/wp\/v2\/pages\/341\/revisions\/343"}],"up":[{"embeddable":true,"href":"https:\/\/cawoliege.be\/index.php\/wp-json\/wp\/v2\/pages\/304"}],"wp:attachment":[{"href":"https:\/\/cawoliege.be\/index.php\/wp-json\/wp\/v2\/media?parent=341"}],"curies":[{"name":"wp","href":"https:\/\/api.w.org\/{rel}","templated":true}]}}