{"id":336,"date":"2019-05-12T10:02:38","date_gmt":"2019-05-12T08:02:38","guid":{"rendered":"http:\/\/cawoliege.be\/?page_id=336"},"modified":"2019-05-12T10:02:38","modified_gmt":"2019-05-12T08:02:38","slug":"ophrys","status":"publish","type":"page","link":"https:\/\/cawoliege.be\/index.php\/orchidees-deurope\/ophrys\/","title":{"rendered":"Ophrys"},"content":{"rendered":"\n<div class=\"wp-block-image\"><figure class=\"aligncenter\"><img loading=\"lazy\" decoding=\"async\" width=\"160\" height=\"212\" src=\"http:\/\/cawoliege.be\/wp-content\/uploads\/2019\/05\/Ophrys.gif\" alt=\"\" class=\"wp-image-337\"\/><\/figure><\/div>\n\n\n\n<p><strong>Q<\/strong>uand on \u00e9voque les tr\u00e9sors \nd\u2019imagination et d\u2019adaptation d\u00e9velopp\u00e9s par les orchid\u00e9es pour attirer \nl\u2019insecte qui sera leur auxiliaire de pollinisation, on ne peut \ns\u2019emp\u00eacher de penser aux <strong>Ophrys<\/strong>. En effet, peu \nd\u2019orchid\u00e9es ont pouss\u00e9 si loin les similitudes. Les esp\u00e8ces de ce genre \nont \u00e9t\u00e9 jusqu\u2019\u00e0 imiter, non seulement la forme de la femelle de \nl\u2019insecte qu\u2019elles d\u00e9sirent attirer, mais \u00e9galement le parfum que cette \nfemelle d\u00e9gage en p\u00e9riode de reproduction pour attirer les m\u00e2les ! De \nsurcro\u00eet, la floraison intervient au moment o\u00f9 les m\u00e2les sortent en \nqu\u00eate d\u2019une partenaire pour assurer leur p\u00e9rennit\u00e9 ! Bref, elles ont mis\n tous les atouts de leur c\u00f4t\u00e9 pour assurer leur pollinisation. Enfin, \npresque tous ! Beaucoup de ces esp\u00e8ces se sont tellement sp\u00e9cialis\u00e9es \ndans l\u2019un ou l\u2019autre insecte que, si celui-ci venait \u00e0 dispara\u00eetre, \nl\u2019orchid\u00e9e risquerait de suivre le m\u00eame chemin ! C\u2019est donc une \nsp\u00e9cialisation qui n\u2019est pas d\u00e9nu\u00e9e de risques. Alors, la question est \nde savoir qui de l\u2019insecte ou de l\u2019orchid\u00e9e a \u00e9volu\u00e9 par rapport \u00e0 \nl\u2019autre ? C\u2019est l\u2019\u0153uf de Colomb !!! <em>A priori<\/em>, il semblerait cependant que ce soient les <em>Ophrys<\/em> qui aient \u00e9volu\u00e9 en fonction des insectes \u00ab\u00a0disponibles\u00a0\u00bb !<\/p>\n\n\n\n<p> <strong>L<\/strong>e genre regroupe plusieurs dizaines d\u2019esp\u00e8ces,  certaines \u00e0 large r\u00e9partition, d\u2019autres extr\u00eamement limit\u00e9es  g\u00e9ographiquement ! On les rencontre de l\u2019Algarve \u00e0 l\u2019Ecosse, en passant  par la Scandinavie jusqu\u2019\u00e0 la Mer Noire, et tout le pourtour  m\u00e9diterran\u00e9en, o\u00f9 on trouve la majorit\u00e9 des esp\u00e8ces. Tout comme les <em>Dactylorhiza<\/em> et les <em>Orchis<\/em>, les <em>Ophrys<\/em>  sont divis\u00e9s en plusieurs groupes comprenant une esp\u00e8ce principale et  plusieurs esp\u00e8ces satellites dont les caract\u00e9ristiques sont \u00b1  similaires. Ici aussi, je vous conseille le livre de Pierre Delforge  d\u00e9j\u00e0 cit\u00e9 plus haut, pour vous y retrouver dans le d\u00e9dale d\u2019esp\u00e8ces  souvent difficiles \u00e0 diff\u00e9rencier. Parmi les <em>Ophrys<\/em> \u00ab\u00a0principaux\u00a0\u00bb, citons : <em>Ophrys scolopax<\/em>, <em>Ophrys araneola<\/em>, <em>Ophrys fusca<\/em>, <em>Ophrys apifera<\/em>, <em>Ophrys insectifera<\/em>, <em>Ophrys bertolonii<\/em>, <em>Ophrys lutea<\/em>, etc. La plupart des esp\u00e8ces poussent en plein soleil, bien que certaines se contentent de bois clair (<em>Ophrys insectifera<\/em> par ex.)<\/p>\n\n\n\n<p><strong>L<\/strong>a plante pr\u00e9sente une rosette de  feuilles apparaissant de la fin de l&rsquo;automne \u00e0 la fin de l\u2019hiver. On  trouve souvent des feuilles noircies par le gel. La hampe florale \u00e9merge  d\u2019une spathe naissant au c\u0153ur de la rosette de feuilles (tout comme les  <em>Orchis<\/em>), les fleurs sont plus ou moins nombreuses en fonction  de l\u2019esp\u00e8ce (de 2 \u00e0 une dizaine). La fleur est \u00e9tal\u00e9e, chaque s\u00e9pale et  p\u00e9tale \u00e9tant bien distinct. Le labelle, en raison du stratag\u00e8me  d\u2019attraction sexuelle d\u00e9taill\u00e9 ci-dessus, se pr\u00e9sente sous de multiples  formes parfois \u00e9tonnantes. En ce qui concerne les couleurs, les <em>Ophrys<\/em>  peuvent \u00eatre class\u00e9s parmi les orchid\u00e9es les plus diversement color\u00e9es,  on y retrouve toutes les couleurs, m\u00eame quelques traces de bleu, dans  des arrangements des plus surprenants.<\/p>\n","protected":false},"excerpt":{"rendered":"<p>Quand on \u00e9voque les tr\u00e9sors d\u2019imagination et d\u2019adaptation d\u00e9velopp\u00e9s par les orchid\u00e9es pour attirer l\u2019insecte qui sera leur auxiliaire de pollinisation, on ne peut s\u2019emp\u00eacher de penser aux Ophrys. En effet, peu d\u2019orchid\u00e9es ont pouss\u00e9 si loin les similitudes. Les esp\u00e8ces de ce genre ont \u00e9t\u00e9 jusqu\u2019\u00e0 imiter, non seulement la forme de la femelle [&hellip;]<\/p>\n","protected":false},"author":1,"featured_media":0,"parent":304,"menu_order":5,"comment_status":"closed","ping_status":"closed","template":"","meta":{"ngg_post_thumbnail":0,"footnotes":""},"_links":{"self":[{"href":"https:\/\/cawoliege.be\/index.php\/wp-json\/wp\/v2\/pages\/336"}],"collection":[{"href":"https:\/\/cawoliege.be\/index.php\/wp-json\/wp\/v2\/pages"}],"about":[{"href":"https:\/\/cawoliege.be\/index.php\/wp-json\/wp\/v2\/types\/page"}],"author":[{"embeddable":true,"href":"https:\/\/cawoliege.be\/index.php\/wp-json\/wp\/v2\/users\/1"}],"replies":[{"embeddable":true,"href":"https:\/\/cawoliege.be\/index.php\/wp-json\/wp\/v2\/comments?post=336"}],"version-history":[{"count":1,"href":"https:\/\/cawoliege.be\/index.php\/wp-json\/wp\/v2\/pages\/336\/revisions"}],"predecessor-version":[{"id":338,"href":"https:\/\/cawoliege.be\/index.php\/wp-json\/wp\/v2\/pages\/336\/revisions\/338"}],"up":[{"embeddable":true,"href":"https:\/\/cawoliege.be\/index.php\/wp-json\/wp\/v2\/pages\/304"}],"wp:attachment":[{"href":"https:\/\/cawoliege.be\/index.php\/wp-json\/wp\/v2\/media?parent=336"}],"curies":[{"name":"wp","href":"https:\/\/api.w.org\/{rel}","templated":true}]}}