{"id":326,"date":"2019-05-12T09:57:48","date_gmt":"2019-05-12T07:57:48","guid":{"rendered":"http:\/\/cawoliege.be\/?page_id=326"},"modified":"2019-05-12T09:57:48","modified_gmt":"2019-05-12T07:57:48","slug":"gymnadenia","status":"publish","type":"page","link":"https:\/\/cawoliege.be\/index.php\/orchidees-deurope\/gymnadenia\/","title":{"rendered":"Gymnadenia"},"content":{"rendered":"\n<div class=\"wp-block-image\"><figure class=\"aligncenter\"><img loading=\"lazy\" decoding=\"async\" width=\"160\" height=\"237\" src=\"http:\/\/cawoliege.be\/wp-content\/uploads\/2019\/05\/Gymnadenia.gif\" alt=\"\" class=\"wp-image-327\"\/><\/figure><\/div>\n\n\n\n<p><strong>U<\/strong>n peu moins courants les jolis <strong>Gymnadenia<\/strong>. Ce nom d\u2019apparence barbare renferme deux principales esp\u00e8ces (du moins en Europe), <em>Gymnadenia conopsea<\/em> (orchis punaise) et <em>Gymnadenia odoratissima<\/em>\n (orchis parfum\u00e9). Ces deux esp\u00e8ces, d\u2019apparence fort proche, ont un \nrhizome palm\u00e9 duquel \u00e9mergent une rosette de feuilles assez nombreuses, \nfines et \u00b1 canalicul\u00e9es (en forme de goutti\u00e8re). Toutes les deux sont \nintens\u00e9ment parfum\u00e9es et, en d\u00e9pit de son nom, l\u2019orchis punaise n\u2019a pas \nune odeur d\u00e9sagr\u00e9able, tout comme sa s\u0153ur, elle sent, en moins intense \nil est vrai, la vanille (qui n\u2019est autre qu\u2019une de leurs tropicales \ncousines). Ce parfum est un v\u00e9ritable aimant pour de nombreux insectes \n(hym\u00e9nopt\u00e8res, col\u00e9opt\u00e8res, l\u00e9pidopt\u00e8res, etc.)\u2026 qui ne se privent \nd\u2019ailleurs pas de visiter les fleurs \u00e9panouies de ces esp\u00e8ces ! A n\u2019en \npas douter, la pollinisation crois\u00e9e est une chose qui doit bien \nfonctionner chez les <em>Gymnadenia<\/em> !!!<\/p>\n\n\n\n<p> <strong>P<\/strong>our un \u0153il non entra\u00een\u00e9 (et parfois pour les autres  aussi), il n\u2019est pas toujours facile de distinguer ces deux esp\u00e8ces,  mais on peut cependant se baser sur quelques crit\u00e8res pas trop  difficiles \u00e0 prendre en compte. Chez <em>Gymnadenia conopsea<\/em>, la  hampe florale pr\u00e9sente des fleurs assez nombreuses, rose-violet vif  (mais quelquefois blanc), au parfum de vanille, d\u2019un diam\u00e8tre  approximatif de 6 mm, et des feuilles relativement proches du sol. Chez  sa s\u0153ur par contre, la hampe florale porte beaucoup de petites fleurs (\u00f8  3\/4 mm), rose p\u00e2le \u00e0 blanc, \u00e0 l\u2019intense parfum de vanille et des  feuilles souvent \u00b1 \u00e9rig\u00e9es. L\u2019id\u00e9al serait d\u2019avoir les deux esp\u00e8ces  poussant c\u00f4te \u00e0 c\u00f4te pour pouvoir les distinguer plus facilement (\u00e7a  arrive !).<\/p>\n\n\n\n<p><strong>L<\/strong>es <em>Gymnadenia<\/em> colonisent \nune multitude de biotopes, mais semblent pr\u00e9f\u00e9rer les milieux ouverts, \nbien qu\u2019on en rencontre quelquefois dans des bois clairs. Leur aire de \nr\u00e9partition englobe toute l\u2019Europe jusqu\u2019\u00e0 l\u2019Oural pour <em>Gymnadenia conopsea<\/em>, celle-ci \u00e9tant d\u2019ailleurs plus largement r\u00e9pandue et plus fr\u00e9quente que l\u2019autre.<\/p>\n\n\n\n<p><strong>L<\/strong>es <em>Gymnadenia<\/em> (quelle que \nsoit l\u2019esp\u00e8ce) font partie de mes orchid\u00e9es pr\u00e9f\u00e9r\u00e9es, leur port \ngracile, leur d\u00e9licieux parfum, leur couleur tendre en font de \nv\u00e9ritables petits bijoux, et leur d\u00e9couverte me ravit toujours. C\u2019est \nbien s\u00fbr un avis purement personnel, mais je le partage !<\/p>\n","protected":false},"excerpt":{"rendered":"<p>Un peu moins courants les jolis Gymnadenia. Ce nom d\u2019apparence barbare renferme deux principales esp\u00e8ces (du moins en Europe), Gymnadenia conopsea (orchis punaise) et Gymnadenia odoratissima (orchis parfum\u00e9). Ces deux esp\u00e8ces, d\u2019apparence fort proche, ont un rhizome palm\u00e9 duquel \u00e9mergent une rosette de feuilles assez nombreuses, fines et \u00b1 canalicul\u00e9es (en forme de goutti\u00e8re). Toutes [&hellip;]<\/p>\n","protected":false},"author":1,"featured_media":0,"parent":304,"menu_order":3,"comment_status":"closed","ping_status":"closed","template":"","meta":{"ngg_post_thumbnail":0,"footnotes":""},"_links":{"self":[{"href":"https:\/\/cawoliege.be\/index.php\/wp-json\/wp\/v2\/pages\/326"}],"collection":[{"href":"https:\/\/cawoliege.be\/index.php\/wp-json\/wp\/v2\/pages"}],"about":[{"href":"https:\/\/cawoliege.be\/index.php\/wp-json\/wp\/v2\/types\/page"}],"author":[{"embeddable":true,"href":"https:\/\/cawoliege.be\/index.php\/wp-json\/wp\/v2\/users\/1"}],"replies":[{"embeddable":true,"href":"https:\/\/cawoliege.be\/index.php\/wp-json\/wp\/v2\/comments?post=326"}],"version-history":[{"count":1,"href":"https:\/\/cawoliege.be\/index.php\/wp-json\/wp\/v2\/pages\/326\/revisions"}],"predecessor-version":[{"id":328,"href":"https:\/\/cawoliege.be\/index.php\/wp-json\/wp\/v2\/pages\/326\/revisions\/328"}],"up":[{"embeddable":true,"href":"https:\/\/cawoliege.be\/index.php\/wp-json\/wp\/v2\/pages\/304"}],"wp:attachment":[{"href":"https:\/\/cawoliege.be\/index.php\/wp-json\/wp\/v2\/media?parent=326"}],"curies":[{"name":"wp","href":"https:\/\/api.w.org\/{rel}","templated":true}]}}