{"id":300,"date":"2019-05-12T09:39:27","date_gmt":"2019-05-12T07:39:27","guid":{"rendered":"http:\/\/cawoliege.be\/?page_id=300"},"modified":"2019-05-12T09:39:27","modified_gmt":"2019-05-12T07:39:27","slug":"zygopetalum","status":"publish","type":"page","link":"https:\/\/cawoliege.be\/index.php\/orchidees-plus-rares\/zygopetalum\/","title":{"rendered":"Zygopetalum"},"content":{"rendered":"\n<div class=\"wp-block-image\"><figure class=\"aligncenter\"><img loading=\"lazy\" decoding=\"async\" width=\"160\" height=\"185\" src=\"http:\/\/cawoliege.be\/wp-content\/uploads\/2019\/05\/Zygopetalum.gif\" alt=\"\" class=\"wp-image-301\"\/><\/figure><\/div>\n\n\n\n<p><strong>L<\/strong>es <em>Zygopetalum<\/em> font partie, avec les <em>Grammatophyllum<\/em>, du groupe des <em>Cymbidium<\/em>. Ces deux derniers \u00e9tant asiatiques alors que le premier est am\u00e9ricain.<\/p>\n\n\n\n<p> Tr\u00e8s r\u00e9pandus aujourd&rsquo;hui dans les jardineries et les grandes surfaces, les <em>Zygopetalum<\/em> et leurs hybrides sont tr\u00e8s recherch\u00e9s pour le d\u00e9licat parfum de leurs fleurs. Il en existe plusieurs esp\u00e8ces. Elles ont sensiblement les m\u00eames exigences : beaucoup d&rsquo;eau, beaucoup d&rsquo;engrais, beaucoup de lumi\u00e8re, pendant leur croissance. Elles n&rsquo;ont pas de r\u00e9elle p\u00e9riode de repos, mais on ralentira tout de m\u00eame les arrosages et les amendements en hiver. Des croisements intersp\u00e9cifiques (entre esp\u00e8ces du m\u00eame genre) ou interg\u00e9n\u00e9riques (entre genres diff\u00e9rents) ont \u00e9t\u00e9 r\u00e9alis\u00e9s.<\/p>\n\n\n\n<p> Les fleurs pr\u00e9sentent un labelle qui est souvent dans les tons de bleu  ou violet, avec des veines plus fonc\u00e9es; alors que les autres pi\u00e8ces  florales sont souvent beaucoup moins chatoyantes : vert, brun, noir, \u2026 Il ne faut pas les laisser s\u00e9cher, la motte doit constamment conserver un peu d&rsquo;humidit\u00e9. Certains amateurs ajoutent, ici aussi, du fumier au substrat, ce qui permet aux grandes feuilles de bien se d\u00e9velopper. Les  arrosages fr\u00e9quents ont pour effet d&rsquo;entra\u00eener une d\u00e9composition plus  rapide du substrat, il faudra donc rempoter fr\u00e9quemment, d&rsquo;autant que  les <em>Zygopetalum<\/em> sont voraces et \u00e9puisent rapidement le compost mis \u00e0 leur disposition ! Ces plantes profitent g\u00e9n\u00e9ralement d&rsquo;un estivage \u00e0 mi-ombre, ou au soleil si l&rsquo;humidit\u00e9 est importante.<\/p>\n","protected":false},"excerpt":{"rendered":"<p>Les Zygopetalum font partie, avec les Grammatophyllum, du groupe des Cymbidium. Ces deux derniers \u00e9tant asiatiques alors que le premier est am\u00e9ricain. Tr\u00e8s r\u00e9pandus aujourd&rsquo;hui dans les jardineries et les grandes surfaces, les Zygopetalum et leurs hybrides sont tr\u00e8s recherch\u00e9s pour le d\u00e9licat parfum de leurs fleurs. Il en existe plusieurs esp\u00e8ces. Elles ont sensiblement [&hellip;]<\/p>\n","protected":false},"author":1,"featured_media":0,"parent":156,"menu_order":29,"comment_status":"closed","ping_status":"closed","template":"","meta":{"ngg_post_thumbnail":0,"footnotes":""},"_links":{"self":[{"href":"https:\/\/cawoliege.be\/index.php\/wp-json\/wp\/v2\/pages\/300"}],"collection":[{"href":"https:\/\/cawoliege.be\/index.php\/wp-json\/wp\/v2\/pages"}],"about":[{"href":"https:\/\/cawoliege.be\/index.php\/wp-json\/wp\/v2\/types\/page"}],"author":[{"embeddable":true,"href":"https:\/\/cawoliege.be\/index.php\/wp-json\/wp\/v2\/users\/1"}],"replies":[{"embeddable":true,"href":"https:\/\/cawoliege.be\/index.php\/wp-json\/wp\/v2\/comments?post=300"}],"version-history":[{"count":1,"href":"https:\/\/cawoliege.be\/index.php\/wp-json\/wp\/v2\/pages\/300\/revisions"}],"predecessor-version":[{"id":302,"href":"https:\/\/cawoliege.be\/index.php\/wp-json\/wp\/v2\/pages\/300\/revisions\/302"}],"up":[{"embeddable":true,"href":"https:\/\/cawoliege.be\/index.php\/wp-json\/wp\/v2\/pages\/156"}],"wp:attachment":[{"href":"https:\/\/cawoliege.be\/index.php\/wp-json\/wp\/v2\/media?parent=300"}],"curies":[{"name":"wp","href":"https:\/\/api.w.org\/{rel}","templated":true}]}}