{"id":292,"date":"2019-05-12T09:33:41","date_gmt":"2019-05-12T07:33:41","guid":{"rendered":"http:\/\/cawoliege.be\/?page_id=292"},"modified":"2019-05-12T09:33:41","modified_gmt":"2019-05-12T07:33:41","slug":"sobralia","status":"publish","type":"page","link":"https:\/\/cawoliege.be\/index.php\/orchidees-plus-rares\/sobralia\/","title":{"rendered":"Sobralia"},"content":{"rendered":"\n<div class=\"wp-block-image\"><figure class=\"aligncenter\"><img loading=\"lazy\" decoding=\"async\" width=\"160\" height=\"201\" src=\"http:\/\/cawoliege.be\/wp-content\/uploads\/2019\/05\/Sobralia.gif\" alt=\"\" class=\"wp-image-293\"\/><\/figure><\/div>\n\n\n\n<p><strong>L<\/strong>es <em>Sobralia<\/em> pr\u00e9sentent des fleurs de <em>Cattleya<\/em> sur une plante ressemblant furieusement \u00e0 certains \u00ab\u00a0<em>Epidendrum<\/em>-roseau\u00a0\u00bb. Le genre est r\u00e9parti du Mexique \u00e0 la Bolivie et au Br\u00e9sil. Plusieurs esp\u00e8ces vivent \u00e0 haute altitude et\/ou subissent une p\u00e9riode de repos tr\u00e8s marqu\u00e9e. Si\n la tige, tr\u00e8s fine et ressemblant \u00e0 du bambou, n&rsquo;est gu\u00e8re capable \nd&rsquo;accumuler des r\u00e9serves, leurs grosses racines par contre font office \nd&rsquo;organe de r\u00e9serve pour les jours plus difficiles. <\/p>\n\n\n\n<p>La plupart des esp\u00e8ces sont terrestres, mais il existe quelques lithophytes et des \u00e9piphytes. Peu d&rsquo;hybrides ont \u00e9t\u00e9 r\u00e9alis\u00e9s, et c&rsquo;est \u00e9tonnant quand on voit la taille de la fleur et\/ou le parfum de certaines esp\u00e8ces.<\/p>\n\n\n\n<p> Leurs fleurs ressemblent tr\u00e8s fort \u00e0 celles des <em>Cattleya<\/em>, elles pr\u00e9sentent des teintes de rose, blanc, jaune, magenta, violet, \u2026 Certaines sont agr\u00e9ablement parfum\u00e9es.<br> Les <em>Sobralia<\/em> ont besoin de beaucoup d&rsquo;eau en croissance. Beaucoup de lumi\u00e8re peut leur \u00eatre apport\u00e9e \u00e9galement. Le rempotage pose quelquefois probl\u00e8me en raison de la fragilit\u00e9 des grosses racines. On  veillera tout particuli\u00e8rement \u00e0 arroser \u00e0 l&rsquo;eau ti\u00e8de (\u00b1 30\u00b0C) avant  le rempotage pour les ramollir et diminuer ainsi le risque de casse.  Tout comme les deux autres genres, un s\u00e9jour \u00e0 l&rsquo;ext\u00e9rieur \u00e0 la bonne saison leur sera profitable.<\/p>\n","protected":false},"excerpt":{"rendered":"<p>Les Sobralia pr\u00e9sentent des fleurs de Cattleya sur une plante ressemblant furieusement \u00e0 certains \u00ab\u00a0Epidendrum-roseau\u00a0\u00bb. Le genre est r\u00e9parti du Mexique \u00e0 la Bolivie et au Br\u00e9sil. Plusieurs esp\u00e8ces vivent \u00e0 haute altitude et\/ou subissent une p\u00e9riode de repos tr\u00e8s marqu\u00e9e. Si la tige, tr\u00e8s fine et ressemblant \u00e0 du bambou, n&rsquo;est gu\u00e8re capable d&rsquo;accumuler [&hellip;]<\/p>\n","protected":false},"author":1,"featured_media":0,"parent":156,"menu_order":27,"comment_status":"closed","ping_status":"closed","template":"","meta":{"ngg_post_thumbnail":0,"footnotes":""},"_links":{"self":[{"href":"https:\/\/cawoliege.be\/index.php\/wp-json\/wp\/v2\/pages\/292"}],"collection":[{"href":"https:\/\/cawoliege.be\/index.php\/wp-json\/wp\/v2\/pages"}],"about":[{"href":"https:\/\/cawoliege.be\/index.php\/wp-json\/wp\/v2\/types\/page"}],"author":[{"embeddable":true,"href":"https:\/\/cawoliege.be\/index.php\/wp-json\/wp\/v2\/users\/1"}],"replies":[{"embeddable":true,"href":"https:\/\/cawoliege.be\/index.php\/wp-json\/wp\/v2\/comments?post=292"}],"version-history":[{"count":1,"href":"https:\/\/cawoliege.be\/index.php\/wp-json\/wp\/v2\/pages\/292\/revisions"}],"predecessor-version":[{"id":294,"href":"https:\/\/cawoliege.be\/index.php\/wp-json\/wp\/v2\/pages\/292\/revisions\/294"}],"up":[{"embeddable":true,"href":"https:\/\/cawoliege.be\/index.php\/wp-json\/wp\/v2\/pages\/156"}],"wp:attachment":[{"href":"https:\/\/cawoliege.be\/index.php\/wp-json\/wp\/v2\/media?parent=292"}],"curies":[{"name":"wp","href":"https:\/\/api.w.org\/{rel}","templated":true}]}}