{"id":29,"date":"2019-05-11T10:24:26","date_gmt":"2019-05-11T08:24:26","guid":{"rendered":"http:\/\/cawoliege.be\/?page_id=29"},"modified":"2019-05-11T10:38:47","modified_gmt":"2019-05-11T08:38:47","slug":"historique","status":"publish","type":"page","link":"https:\/\/cawoliege.be\/index.php\/le-cawo\/historique\/","title":{"rendered":"Historique"},"content":{"rendered":"\n<p><strong>L<\/strong>e <strong>C<\/strong>lub des <strong>A<\/strong>mateurs <strong>W<\/strong>allons d\u2019<strong>O<\/strong>rchid\u00e9es\n est une association de fait n\u00e9e en janvier 1999. Pourquoi ce vocable de\n \u00ab\u00a0wallon\u00a0\u00bb ? Tout simplement parce que, m\u00eame s\u2019il est bas\u00e9 \u00e0 Li\u00e8ge \n(Angleur), ce club se veut avant tout wallon au sens large, signe \nd\u2019ouverture \u00e0 toutes les r\u00e9gions francophones du pays et, <em>a fortiori<\/em>,\n \u00e0 tous les clubs qui s\u2019y trouvent. En effet, il ne sert \u00e0 rien de \nrester cloisonn\u00e9 dans son petit coin. Seule l\u2019ouverture permettra, non \nseulement des \u00e9changes, mais \u00e9galement une meilleure connaissance des \norchid\u00e9es. Nous invitons d\u2019ailleurs nos membres \u00e0 participer le plus \npossible aux activit\u00e9s organis\u00e9es par d\u2019autres clubs. De m\u00eame, nous \nfavorisons \u00e9galement au maximum les contacts avec les associations \nflamandes, m\u00eame si la barri\u00e8re de la langue pose parfois probl\u00e8me, mais \ncomme les noms d\u2019orchid\u00e9es sont en latin\u2026\u2026 ! Enfin, nous avons aussi des\n contacts r\u00e9guliers avec des associations fran\u00e7aises, n\u00e9erlandaises, \nallemandes, &#8230;<br>\nL\u2019embl\u00e8me du CAWO est le <em>Bulbophyllum lobbii<\/em>. Pourquoi ? Parce que nous voulions quelque chose de diff\u00e9rent, et puis parce que \u00e7a nous plaisait !\n\n<\/p>\n","protected":false},"excerpt":{"rendered":"<p>Le Club des Amateurs Wallons d\u2019Orchid\u00e9es est une association de fait n\u00e9e en janvier 1999. Pourquoi ce vocable de \u00ab\u00a0wallon\u00a0\u00bb ? Tout simplement parce que, m\u00eame s\u2019il est bas\u00e9 \u00e0 Li\u00e8ge (Angleur), ce club se veut avant tout wallon au sens large, signe d\u2019ouverture \u00e0 toutes les r\u00e9gions francophones du pays et, a fortiori, \u00e0 [&hellip;]<\/p>\n","protected":false},"author":1,"featured_media":0,"parent":25,"menu_order":0,"comment_status":"closed","ping_status":"closed","template":"","meta":{"ngg_post_thumbnail":0,"footnotes":""},"_links":{"self":[{"href":"https:\/\/cawoliege.be\/index.php\/wp-json\/wp\/v2\/pages\/29"}],"collection":[{"href":"https:\/\/cawoliege.be\/index.php\/wp-json\/wp\/v2\/pages"}],"about":[{"href":"https:\/\/cawoliege.be\/index.php\/wp-json\/wp\/v2\/types\/page"}],"author":[{"embeddable":true,"href":"https:\/\/cawoliege.be\/index.php\/wp-json\/wp\/v2\/users\/1"}],"replies":[{"embeddable":true,"href":"https:\/\/cawoliege.be\/index.php\/wp-json\/wp\/v2\/comments?post=29"}],"version-history":[{"count":1,"href":"https:\/\/cawoliege.be\/index.php\/wp-json\/wp\/v2\/pages\/29\/revisions"}],"predecessor-version":[{"id":30,"href":"https:\/\/cawoliege.be\/index.php\/wp-json\/wp\/v2\/pages\/29\/revisions\/30"}],"up":[{"embeddable":true,"href":"https:\/\/cawoliege.be\/index.php\/wp-json\/wp\/v2\/pages\/25"}],"wp:attachment":[{"href":"https:\/\/cawoliege.be\/index.php\/wp-json\/wp\/v2\/media?parent=29"}],"curies":[{"name":"wp","href":"https:\/\/api.w.org\/{rel}","templated":true}]}}