{"id":288,"date":"2019-05-12T09:30:59","date_gmt":"2019-05-12T07:30:59","guid":{"rendered":"http:\/\/cawoliege.be\/?page_id=288"},"modified":"2019-05-12T09:30:59","modified_gmt":"2019-05-12T07:30:59","slug":"schomburgkia","status":"publish","type":"page","link":"https:\/\/cawoliege.be\/index.php\/orchidees-plus-rares\/schomburgkia\/","title":{"rendered":"Schomburgkia"},"content":{"rendered":"\n<div class=\"wp-block-image\"><figure class=\"aligncenter\"><img loading=\"lazy\" decoding=\"async\" width=\"210\" height=\"187\" src=\"http:\/\/cawoliege.be\/wp-content\/uploads\/2019\/05\/Schomburgkia.gif\" alt=\"\" class=\"wp-image-289\"\/><\/figure><\/div>\n\n\n\n<p><strong>A<\/strong>vec les <em>Schomburgkia<\/em>, nous entrons dans une autre dimension. Non\n seulement parce que beaucoup finissent par former de grandes et grosses\n touffes, peu compatibles avec la culture en appartement par exemple, \nmais aussi par le comportement particulier que ces plantes ont adopt\u00e9. En effet, les <em>Schomburgkia<\/em> font partie de ces rares plantes qui vivent en symbiose avec les fourmis. Et\n la symbiose est telle que la plante pr\u00e9sente un trou \u00e0 la base des \npseudobulbes, pour permettre \u00e0 ces hym\u00e9nopt\u00e8res de trouver un abri et de\n former une petite colonie. Les fourmis se nourrissent des exsudats sucr\u00e9s produits par la plante. La pr\u00e9sence des fourmis pr\u00e9sente par ailleurs un autre avantage, elle \u00e9loigne d&rsquo;\u00e9ventuels pr\u00e9dateurs.<\/p>\n\n\n\n<p> Ce sont des plantes qui demandent en g\u00e9n\u00e9ral plus de chaleur que les genres pr\u00e9c\u00e9dents. La  plupart sont \u00e9piphytes et ont de grands besoins en eau : vu leur taille  imposante et leur d\u00e9veloppement, les arrosages seront abondants et  r\u00e9guliers \u00e0 la bonne saison. Les hampes florales portant de  nombreuses fleurs assez grandes dans les tons de violet, mauve, mais  aussi jaune et orange, peuvent s&rsquo;\u00e9lever jusqu&rsquo;\u00e0 plusieurs m\u00e8tres chez  certaines esp\u00e8ces. <\/p>\n\n\n\n<p>Le rempotage est parfois difficile quand on a affaire \u00e0 une grosse plante ! L&rsquo;estivage doit \u00eatre fait dans un endroit abrit\u00e9. Ce genre a \u00e9t\u00e9 utilis\u00e9 dans des hybridations avec d&rsquo;autres du groupe<\/p>\n","protected":false},"excerpt":{"rendered":"<p>Avec les Schomburgkia, nous entrons dans une autre dimension. Non seulement parce que beaucoup finissent par former de grandes et grosses touffes, peu compatibles avec la culture en appartement par exemple, mais aussi par le comportement particulier que ces plantes ont adopt\u00e9. En effet, les Schomburgkia font partie de ces rares plantes qui vivent en [&hellip;]<\/p>\n","protected":false},"author":1,"featured_media":0,"parent":156,"menu_order":25,"comment_status":"closed","ping_status":"closed","template":"","meta":{"ngg_post_thumbnail":0,"footnotes":""},"_links":{"self":[{"href":"https:\/\/cawoliege.be\/index.php\/wp-json\/wp\/v2\/pages\/288"}],"collection":[{"href":"https:\/\/cawoliege.be\/index.php\/wp-json\/wp\/v2\/pages"}],"about":[{"href":"https:\/\/cawoliege.be\/index.php\/wp-json\/wp\/v2\/types\/page"}],"author":[{"embeddable":true,"href":"https:\/\/cawoliege.be\/index.php\/wp-json\/wp\/v2\/users\/1"}],"replies":[{"embeddable":true,"href":"https:\/\/cawoliege.be\/index.php\/wp-json\/wp\/v2\/comments?post=288"}],"version-history":[{"count":1,"href":"https:\/\/cawoliege.be\/index.php\/wp-json\/wp\/v2\/pages\/288\/revisions"}],"predecessor-version":[{"id":290,"href":"https:\/\/cawoliege.be\/index.php\/wp-json\/wp\/v2\/pages\/288\/revisions\/290"}],"up":[{"embeddable":true,"href":"https:\/\/cawoliege.be\/index.php\/wp-json\/wp\/v2\/pages\/156"}],"wp:attachment":[{"href":"https:\/\/cawoliege.be\/index.php\/wp-json\/wp\/v2\/media?parent=288"}],"curies":[{"name":"wp","href":"https:\/\/api.w.org\/{rel}","templated":true}]}}