{"id":284,"date":"2019-05-12T09:26:56","date_gmt":"2019-05-12T07:26:56","guid":{"rendered":"http:\/\/cawoliege.be\/?page_id=284"},"modified":"2019-05-12T09:28:22","modified_gmt":"2019-05-12T07:28:22","slug":"pleurothallis","status":"publish","type":"page","link":"https:\/\/cawoliege.be\/index.php\/orchidees-plus-rares\/pleurothallis\/","title":{"rendered":"Pleurothallis"},"content":{"rendered":"\n<div class=\"wp-block-image\"><figure class=\"aligncenter\"><img loading=\"lazy\" decoding=\"async\" width=\"210\" height=\"176\" src=\"http:\/\/cawoliege.be\/wp-content\/uploads\/2019\/05\/Pleurothallis.gif\" alt=\"\" class=\"wp-image-285\"\/><\/figure><\/div>\n\n\n\n<p><strong>L<\/strong>es <em>Pleurothallis<\/em> constituent un grand \ngenre de plus de 1.300 esp\u00e8ces comprenant des plantes minuscules (la \nmajorit\u00e9) et d&rsquo;autres qui d\u00e9passent 1,50 m ! Ce sont essentiellement des \u00e9piphytes, avec quelques lithophytes et des terrestres. On\n trouve g\u00e9n\u00e9ralement ces esp\u00e8ces dans les for\u00eats humides, le plus \nsouvent en altitude, mais aussi plus bas, si bien qu&rsquo;il faudra bien se \nrenseigner sur l&rsquo;origine de la plante pour conna\u00eetre ses conditions de \nculture. On peut cependant dire que le substrat des <em>Pleurothallis<\/em> ne doit jamais s\u00e9cher et qu&rsquo;il ne leur faut normalement ni le plein soleil, ni des temp\u00e9ratures trop \u00e9lev\u00e9es.<br>\nLes fleurs apparaissent sur une hampe florale qui prend naissance \u00e0 la \nlimite entre le faux p\u00e9tiole et la base de la fausse feuille. Ben\n oui, en fait, ce ne sont pas \u00e0 \u00ab\u00a0botaniquement parler\u00a0\u00bb de vraies \nfeuilles, mais plut\u00f4t des cladodes (= tige dont une partie est plus \nlarge et qui ressemble \u00e0 une feuille). La hampe florale est\n typique : les fleurs s&rsquo;ouvrent successivement et les p\u00e9tioles des \nfleurs fan\u00e9es restent en place, formant progressivement un genre de \nsquelette de poisson caract\u00e9ristique. <\/p>\n\n\n\n<p>La forme de la fleur est souvent la m\u00eame : les trois s\u00e9pales ne sont \npas compl\u00e8tement ouverts et la fleur ressemble alors \u00e0 une petite \nclochette, dont les p\u00e9tales et le labelle sont minuscules. Pratiquement toutes les couleurs se retrouvent chez les <em>Pleurothallis<\/em>, sauf peut-\u00eatre le bleu est ses variations (\u00e0 ma connaissance du moins !). J&rsquo;ignore s&rsquo;il existe des esp\u00e8ces parfum\u00e9es. <\/p>\n\n\n\n<p> Le rempotage peut intervenir assez vite du fait des arrosages fr\u00e9quents  qui entra\u00eenent souvent une d\u00e9composition plus rapide du substrat. Vu leur taille, ce sont des candidates id\u00e9ales pour un montage sur support. Dans  ce cas, leur culture sera r\u00e9serv\u00e9e \u00e0 la serre ou \u00e0 un orchidarium  (terrarium ou aquarium transform\u00e9 pour accueillir des orchid\u00e9es), seuls  capables de fournir un taux d&rsquo;humidit\u00e9 suffisant pour ne pas faire  dess\u00e9cher les plantes. Plusieurs esp\u00e8ces n&rsquo;ont pas de p\u00e9riode de floraison particuli\u00e8re et peuvent fleurir \u00e0 tout moment de l&rsquo;ann\u00e9e. L&rsquo;estivage \u00e0 l&rsquo;ombre (m\u00eame expos\u00e9 plein Nord) et \u00e0 la pluie leur est recommand\u00e9.<\/p>\n","protected":false},"excerpt":{"rendered":"<p>Les Pleurothallis constituent un grand genre de plus de 1.300 esp\u00e8ces comprenant des plantes minuscules (la majorit\u00e9) et d&rsquo;autres qui d\u00e9passent 1,50 m ! Ce sont essentiellement des \u00e9piphytes, avec quelques lithophytes et des terrestres. On trouve g\u00e9n\u00e9ralement ces esp\u00e8ces dans les for\u00eats humides, le plus souvent en altitude, mais aussi plus bas, si bien [&hellip;]<\/p>\n","protected":false},"author":1,"featured_media":0,"parent":156,"menu_order":23,"comment_status":"closed","ping_status":"closed","template":"","meta":{"ngg_post_thumbnail":0,"footnotes":""},"_links":{"self":[{"href":"https:\/\/cawoliege.be\/index.php\/wp-json\/wp\/v2\/pages\/284"}],"collection":[{"href":"https:\/\/cawoliege.be\/index.php\/wp-json\/wp\/v2\/pages"}],"about":[{"href":"https:\/\/cawoliege.be\/index.php\/wp-json\/wp\/v2\/types\/page"}],"author":[{"embeddable":true,"href":"https:\/\/cawoliege.be\/index.php\/wp-json\/wp\/v2\/users\/1"}],"replies":[{"embeddable":true,"href":"https:\/\/cawoliege.be\/index.php\/wp-json\/wp\/v2\/comments?post=284"}],"version-history":[{"count":1,"href":"https:\/\/cawoliege.be\/index.php\/wp-json\/wp\/v2\/pages\/284\/revisions"}],"predecessor-version":[{"id":286,"href":"https:\/\/cawoliege.be\/index.php\/wp-json\/wp\/v2\/pages\/284\/revisions\/286"}],"up":[{"embeddable":true,"href":"https:\/\/cawoliege.be\/index.php\/wp-json\/wp\/v2\/pages\/156"}],"wp:attachment":[{"href":"https:\/\/cawoliege.be\/index.php\/wp-json\/wp\/v2\/media?parent=284"}],"curies":[{"name":"wp","href":"https:\/\/api.w.org\/{rel}","templated":true}]}}