{"id":260,"date":"2019-05-12T08:59:03","date_gmt":"2019-05-12T06:59:03","guid":{"rendered":"http:\/\/cawoliege.be\/?page_id=260"},"modified":"2019-05-12T08:59:03","modified_gmt":"2019-05-12T06:59:03","slug":"phaius","status":"publish","type":"page","link":"https:\/\/cawoliege.be\/index.php\/orchidees-plus-rares\/phaius\/","title":{"rendered":"Phaius"},"content":{"rendered":"\n<div class=\"wp-block-image\"><figure class=\"aligncenter\"><img loading=\"lazy\" decoding=\"async\" width=\"160\" height=\"235\" src=\"http:\/\/cawoliege.be\/wp-content\/uploads\/2019\/05\/Phaius.gif\" alt=\"\" class=\"wp-image-263\"\/><\/figure><\/div>\n\n\n\n<p><strong>L<\/strong>es <em>Phaius<\/em>, <em>Gastrorchis<\/em>, <em>Calanthe<\/em> et apparent\u00e9es sont essentiellement originaires de la zone asiatique, m\u00eame si <em>Gastrorchis<\/em> est plus typiquement malgache et africain et si l&rsquo;on retrouve des <em>Calanthe<\/em> en Afrique et en Am\u00e9rique aussi. Tous  ces genres ont en commun le m\u00eame type de croissance : la formation  d&rsquo;une rosette de feuilles, souvent grandes, au sein de laquelle \u00e9merge  la hampe florale. Ces plantes ont de petits pseudobulbes, souvent cach\u00e9s par la base des feuilles. La  plupart sont terrestres et poussent dans les for\u00eats, \u00e0 la mi-ombre,  sous des arbres persistants ou caducs, les esp\u00e8ces craignent donc  g\u00e9n\u00e9ralement le plein soleil.<br>  <strong>L<\/strong>es <em>Phaius<\/em> sont originaire de l&rsquo;Asie du Sud-Est, y compris une grande partie de l&rsquo;Oc\u00e9anie. Ce sont des plantes qui appr\u00e9cient, pour la plupart, un niveau \u00e9lev\u00e9 de chaleur. Comme  ils n&rsquo;ont pas de p\u00e9riode de repos \u00e0 proprement parler, les arrosages  seront r\u00e9guliers toute l&rsquo;ann\u00e9e, bien que plus abondants en pleine  croissance. Leur grande v\u00e9g\u00e9tation leur fait appr\u00e9cier tout particuli\u00e8rement les engrais. <\/p>\n\n\n\n<p> Le plus connu est <em>Phaius tankervillae<\/em> qui, plant\u00e9 partout sous les Tropiques, s&rsquo;est naturalis\u00e9 en Afrique, en Oc\u00e9anie et en Am\u00e9rique. Cette esp\u00e8ce appr\u00e9cie tout particuli\u00e8rement l&rsquo;eau, certaines plantes poussent m\u00eame \u00e0 proximit\u00e9 des rivi\u00e8res. C&rsquo;est une grande plante aux nombreuses grandes fleurs dans les tons brun et orange. Les feuilles peuvent d\u00e9passer un m\u00e8tre de long et la rosette en compte plusieurs ! Ce  vaste feuillage implique l&rsquo;apport d&rsquo;engrais r\u00e9gulier et certains  amateurs n&rsquo;h\u00e9sitent pas \u00e0 lui donner du fumier de vache ou de cheval en  compl\u00e9ment \u00e0 leur substrat habituel ! Les racines des <em>Phaius<\/em> sont assez fragiles, le rempotage se fera donc avec certaines pr\u00e9cautions. <\/p>\n\n\n\n<p>Vu les arrosages fr\u00e9quents (qui d\u00e9composent plus rapidement le \nsubstrat) et les besoins en nourriture importants (une esp\u00e8ce vorace a \nvite fait de retirer tous les \u00e9l\u00e9ments nutritifs d&rsquo;un substrat), un \nrempotage annuel peut \u00eatre conseill\u00e9.<\/p>\n","protected":false},"excerpt":{"rendered":"<p>Les Phaius, Gastrorchis, Calanthe et apparent\u00e9es sont essentiellement originaires de la zone asiatique, m\u00eame si Gastrorchis est plus typiquement malgache et africain et si l&rsquo;on retrouve des Calanthe en Afrique et en Am\u00e9rique aussi. Tous ces genres ont en commun le m\u00eame type de croissance : la formation d&rsquo;une rosette de feuilles, souvent grandes, au [&hellip;]<\/p>\n","protected":false},"author":1,"featured_media":0,"parent":156,"menu_order":21,"comment_status":"closed","ping_status":"closed","template":"","meta":{"ngg_post_thumbnail":0,"footnotes":""},"_links":{"self":[{"href":"https:\/\/cawoliege.be\/index.php\/wp-json\/wp\/v2\/pages\/260"}],"collection":[{"href":"https:\/\/cawoliege.be\/index.php\/wp-json\/wp\/v2\/pages"}],"about":[{"href":"https:\/\/cawoliege.be\/index.php\/wp-json\/wp\/v2\/types\/page"}],"author":[{"embeddable":true,"href":"https:\/\/cawoliege.be\/index.php\/wp-json\/wp\/v2\/users\/1"}],"replies":[{"embeddable":true,"href":"https:\/\/cawoliege.be\/index.php\/wp-json\/wp\/v2\/comments?post=260"}],"version-history":[{"count":1,"href":"https:\/\/cawoliege.be\/index.php\/wp-json\/wp\/v2\/pages\/260\/revisions"}],"predecessor-version":[{"id":264,"href":"https:\/\/cawoliege.be\/index.php\/wp-json\/wp\/v2\/pages\/260\/revisions\/264"}],"up":[{"embeddable":true,"href":"https:\/\/cawoliege.be\/index.php\/wp-json\/wp\/v2\/pages\/156"}],"wp:attachment":[{"href":"https:\/\/cawoliege.be\/index.php\/wp-json\/wp\/v2\/media?parent=260"}],"curies":[{"name":"wp","href":"https:\/\/api.w.org\/{rel}","templated":true}]}}