{"id":255,"date":"2019-05-12T08:56:33","date_gmt":"2019-05-12T06:56:33","guid":{"rendered":"http:\/\/cawoliege.be\/?page_id=255"},"modified":"2019-05-12T08:56:33","modified_gmt":"2019-05-12T06:56:33","slug":"paphinia","status":"publish","type":"page","link":"https:\/\/cawoliege.be\/index.php\/orchidees-plus-rares\/paphinia\/","title":{"rendered":"Paphinia"},"content":{"rendered":"\n<div class=\"wp-block-image\"><figure class=\"aligncenter\"><img loading=\"lazy\" decoding=\"async\" width=\"160\" height=\"193\" src=\"http:\/\/cawoliege.be\/wp-content\/uploads\/2019\/05\/Paphinia.gif\" alt=\"\" class=\"wp-image-258\"\/><\/figure><\/div>\n\n\n\n<p><strong>L<\/strong>es <em>Paphinia<\/em>, bien que proches des <em>Stanhopea<\/em>,\n s&rsquo;en distinguent notamment par une taille g\u00e9n\u00e9ralement plus petite, \ndeux feuilles sur les pseudobulbes allong\u00e9s (plus ovo\u00efdes chez <em>Stanhopea<\/em>) et des fleurs moins compliqu\u00e9es, mais avec un labelle dont le lobe m\u00e9dian est souvent profond\u00e9ment et \u00b1 longuement frang\u00e9. La douzaine d&rsquo;esp\u00e8ces \u00e9piphytes est r\u00e9pandue de la Colombie au P\u00e9rou et du V\u00e9n\u00e9zu\u00e9la au Br\u00e9sil. Les fleurs sont g\u00e9n\u00e9ralement grandes par rapport \u00e0 la taille des plantes. Les couleurs dominantes sont le rose et le violet. Beaucoup sont agr\u00e9ablement parfum\u00e9es aussi. <\/p>\n\n\n\n<p> Ces esp\u00e8ces appr\u00e9cient une humidit\u00e9 permanente, avec un peu moins d&rsquo;eau  apr\u00e8s la floraison jusqu&rsquo;au d\u00e9part des pousses suivantes. De l&rsquo;engrais sera apport\u00e9 en croissance. Leur hampe florale pendante, voire verticale, nous oblige aussi \u00e0 les cultiver en caissette ou en corbeille.<\/p>\n\n\n\n<p><strong>L<\/strong>e rempotage des Stanhop\u00e9in\u00e9es ne doit pas \u00eatre trop fr\u00e9quent. Mais l&rsquo;humidit\u00e9 \u00e9lev\u00e9e qu&rsquo;elles exigent provoque souvent une acc\u00e9l\u00e9ration de la d\u00e9composition du substrat. Si vous voulez \u00e9viter un rempotage total, il faudra donc veiller \u00e0 remplacer de temps en temps du substrat dans les caissettes. Certains amateurs les cultivent dans de la sphaigne pure, ou dans des fibres de coco. En fait, beaucoup de recettes semblent bien fonctionner pour ces orchid\u00e9es. \u00c0 vous de cr\u00e9er la v\u00f4tre !<\/p>\n","protected":false},"excerpt":{"rendered":"<p>Les Paphinia, bien que proches des Stanhopea, s&rsquo;en distinguent notamment par une taille g\u00e9n\u00e9ralement plus petite, deux feuilles sur les pseudobulbes allong\u00e9s (plus ovo\u00efdes chez Stanhopea) et des fleurs moins compliqu\u00e9es, mais avec un labelle dont le lobe m\u00e9dian est souvent profond\u00e9ment et \u00b1 longuement frang\u00e9. La douzaine d&rsquo;esp\u00e8ces \u00e9piphytes est r\u00e9pandue de la Colombie [&hellip;]<\/p>\n","protected":false},"author":1,"featured_media":0,"parent":156,"menu_order":20,"comment_status":"closed","ping_status":"closed","template":"","meta":{"ngg_post_thumbnail":0,"footnotes":""},"_links":{"self":[{"href":"https:\/\/cawoliege.be\/index.php\/wp-json\/wp\/v2\/pages\/255"}],"collection":[{"href":"https:\/\/cawoliege.be\/index.php\/wp-json\/wp\/v2\/pages"}],"about":[{"href":"https:\/\/cawoliege.be\/index.php\/wp-json\/wp\/v2\/types\/page"}],"author":[{"embeddable":true,"href":"https:\/\/cawoliege.be\/index.php\/wp-json\/wp\/v2\/users\/1"}],"replies":[{"embeddable":true,"href":"https:\/\/cawoliege.be\/index.php\/wp-json\/wp\/v2\/comments?post=255"}],"version-history":[{"count":1,"href":"https:\/\/cawoliege.be\/index.php\/wp-json\/wp\/v2\/pages\/255\/revisions"}],"predecessor-version":[{"id":259,"href":"https:\/\/cawoliege.be\/index.php\/wp-json\/wp\/v2\/pages\/255\/revisions\/259"}],"up":[{"embeddable":true,"href":"https:\/\/cawoliege.be\/index.php\/wp-json\/wp\/v2\/pages\/156"}],"wp:attachment":[{"href":"https:\/\/cawoliege.be\/index.php\/wp-json\/wp\/v2\/media?parent=255"}],"curies":[{"name":"wp","href":"https:\/\/api.w.org\/{rel}","templated":true}]}}