{"id":250,"date":"2019-05-12T08:54:11","date_gmt":"2019-05-12T06:54:11","guid":{"rendered":"http:\/\/cawoliege.be\/?page_id=250"},"modified":"2019-05-12T08:54:11","modified_gmt":"2019-05-12T06:54:11","slug":"mormodes","status":"publish","type":"page","link":"https:\/\/cawoliege.be\/index.php\/orchidees-plus-rares\/mormodes\/","title":{"rendered":"Mormodes"},"content":{"rendered":"\n<div class=\"wp-block-image\"><figure class=\"aligncenter\"><img loading=\"lazy\" decoding=\"async\" width=\"210\" height=\"160\" src=\"http:\/\/cawoliege.be\/wp-content\/uploads\/2019\/05\/Mormodes.gif\" alt=\"\" class=\"wp-image-253\"\/><\/figure><\/div>\n\n\n\n<p><strong>L<\/strong>es <em>Mormodes<\/em> sont originaires des for\u00eats temp\u00e9r\u00e9es chaudes de basse altitude, du Mexique au Br\u00e9sil. Alors que la hampe florale appara\u00eet \u00e0 la base des pseudobulbes chez les <em>Catasetum<\/em>, et \u00e0 leur extr\u00e9mit\u00e9 chez les <em>Cycnoches<\/em>, chez les <em>Mormodes<\/em>, elle appara\u00eet\u2026 \u00e0 mi-hauteur sur les pseudobulbes.  \u00c0 chacun son truc !!! Un bon moyen de les distinguer quand elles ne sont pas en fleur. Enfin,\n contrairement aux deux autres genres, les fleurs de ce genre sont \nhermaphrodites, ce qui ne les emp\u00eache pas de prendre quelquefois des \nformes biscornues, bizarres ou compl\u00e8tement d\u00e9mentes. Le labelle prend parfois un air de sabot invers\u00e9 (avec l&rsquo;ouverture en bas). Elles poss\u00e8dent par contre le m\u00eame m\u00e9canisme d&rsquo;\u00e9jection des pollinies. Beaucoup\n d&rsquo;esp\u00e8ces sont parfum\u00e9es et fleurissent de l&rsquo;automne au printemps, avec\n un pic en hiver, m\u00eame si quelques esp\u00e8ces fleurissent aussi en \u00e9t\u00e9.<\/p>\n\n\n\n<p> Les feuilles caduques sont fines, assez grandes et nervur\u00e9es. Ces  plantes appr\u00e9cient une ambiance humide, temp\u00e9r\u00e9e chaude, \u00e0 la mi-ombre,  avec des amendements r\u00e9guliers et \u00e0 dose prescrite par le fabricant,  lors de leur croissance. Par contre, en automne, lorsque le  pseudobulbe a termin\u00e9 sa maturation, il est bon de suspendre arrosage  et engrais jusqu&rsquo;au printemps suivant. L&rsquo;estivage est possible dans un endroit bien ventil\u00e9, \u00e0 mi-ombre et \u00e0 la pluie. Le rempotage et la division se font dans les m\u00eames conditions que les deux pr\u00e9c\u00e9dentes.<br> Certains cultivateurs se sont amus\u00e9s \u00e0 hybrider ces trois genres et le  r\u00e9sultat donne des plantes aux fleurs tr\u00e8s complexes, bizarres.<\/p>\n","protected":false},"excerpt":{"rendered":"<p>Les Mormodes sont originaires des for\u00eats temp\u00e9r\u00e9es chaudes de basse altitude, du Mexique au Br\u00e9sil. Alors que la hampe florale appara\u00eet \u00e0 la base des pseudobulbes chez les Catasetum, et \u00e0 leur extr\u00e9mit\u00e9 chez les Cycnoches, chez les Mormodes, elle appara\u00eet\u2026 \u00e0 mi-hauteur sur les pseudobulbes. \u00c0 chacun son truc !!! Un bon moyen de [&hellip;]<\/p>\n","protected":false},"author":1,"featured_media":0,"parent":156,"menu_order":19,"comment_status":"closed","ping_status":"closed","template":"","meta":{"ngg_post_thumbnail":0,"footnotes":""},"_links":{"self":[{"href":"https:\/\/cawoliege.be\/index.php\/wp-json\/wp\/v2\/pages\/250"}],"collection":[{"href":"https:\/\/cawoliege.be\/index.php\/wp-json\/wp\/v2\/pages"}],"about":[{"href":"https:\/\/cawoliege.be\/index.php\/wp-json\/wp\/v2\/types\/page"}],"author":[{"embeddable":true,"href":"https:\/\/cawoliege.be\/index.php\/wp-json\/wp\/v2\/users\/1"}],"replies":[{"embeddable":true,"href":"https:\/\/cawoliege.be\/index.php\/wp-json\/wp\/v2\/comments?post=250"}],"version-history":[{"count":1,"href":"https:\/\/cawoliege.be\/index.php\/wp-json\/wp\/v2\/pages\/250\/revisions"}],"predecessor-version":[{"id":254,"href":"https:\/\/cawoliege.be\/index.php\/wp-json\/wp\/v2\/pages\/250\/revisions\/254"}],"up":[{"embeddable":true,"href":"https:\/\/cawoliege.be\/index.php\/wp-json\/wp\/v2\/pages\/156"}],"wp:attachment":[{"href":"https:\/\/cawoliege.be\/index.php\/wp-json\/wp\/v2\/media?parent=250"}],"curies":[{"name":"wp","href":"https:\/\/api.w.org\/{rel}","templated":true}]}}