{"id":247,"date":"2019-05-12T08:52:06","date_gmt":"2019-05-12T06:52:06","guid":{"rendered":"http:\/\/cawoliege.be\/?page_id=247"},"modified":"2019-05-12T08:52:06","modified_gmt":"2019-05-12T06:52:06","slug":"maxillaria","status":"publish","type":"page","link":"https:\/\/cawoliege.be\/index.php\/orchidees-plus-rares\/maxillaria\/","title":{"rendered":"Maxillaria"},"content":{"rendered":"\n<div class=\"wp-block-image\"><figure class=\"aligncenter\"><img loading=\"lazy\" decoding=\"async\" width=\"160\" height=\"210\" src=\"http:\/\/cawoliege.be\/wp-content\/uploads\/2019\/05\/Maxillaria.gif\" alt=\"\" class=\"wp-image-248\"\/><\/figure><\/div>\n\n\n\n<p><strong>E<\/strong>ncore un grand groupe, celui des <em>Maxillaria<\/em>. Environ\n 700 esp\u00e8ces constituent ce genre qui cro\u00eet du bord de mer jusqu&rsquo;\u00e0 plus \nde 3.500 m d&rsquo;altitude, le plus souvent dans les for\u00eats humides. Les plantes peuvent \u00eatre minuscules ou grandes, les fleurs aussi ! Toutes les couleurs sont repr\u00e9sent\u00e9es (sauf le bleu ?).<\/p>\n\n\n\n<p> Les pseudobulbes sont souvent cach\u00e9s par les gaines basales des feuilles  et les hampes florales (un pseudobulbe produit souvent plusieurs hampes  florales \u00e0 la fois) apparaissent parmi ces gaines, souvent lors de la  croissance de la nouvelle pousse ou apr\u00e8s sa maturation. Beaucoup  d&rsquo;esp\u00e8ces ont des feuilles lin\u00e9aires, ou tr\u00e8s fines, \u00e9paisses et  allong\u00e9es; tandis que d&rsquo;autres pr\u00e9sentent des feuilles nettement plus  larges.<\/p>\n\n\n\n<p> Les fleurs sont g\u00e9n\u00e9ralement solitaires, parfois en petites grappes, et  on peut diviser le genre en deux groupes en fonction du point d&rsquo;attache  du labelle \u00e0 la colonne. Dans le premier groupe, le labelle est attach\u00e9 \u00e0 une grande partie de la colonne et les fleurs sont g\u00e9n\u00e9ralement petites. Dans  le deuxi\u00e8me, le labelle est attach\u00e9 \u00e0 la base de la colonne et est  beaucoup plus mobile, ce qui lui conf\u00e8re un aspect de m\u00e2choire (<em>maxilla<\/em> en latin !) pr\u00eate \u00e0 se refermer sur le visiteur ! Les fleurs du deuxi\u00e8me groupe sont souvent assez grandes. \u00c0 ma connaissance, certaines sont parfum\u00e9es.<\/p>\n\n\n\n<p> Beaucoup r\u00e9clament un minimum d&rsquo;humidit\u00e9 dans le substrat toute l&rsquo;ann\u00e9e. D&rsquo;autres ont besoin d&rsquo;une p\u00e9riode de repos, \u00b1 variable selon les esp\u00e8ces. Les besoins thermiques sont assez diff\u00e9rents, mais une majorit\u00e9 de plantes se pla\u00eet en milieu temp\u00e9r\u00e9. Le  rempotage se fera tous les 2 ou 3 ans et on profitera de l&rsquo;occasion  pour multiplier les touffes que ces esp\u00e8ces forment rapidement. Leur origine foresti\u00e8re les pr\u00e9destine \u00e0 un endroit mi-ombrag\u00e9. Ces esp\u00e8ces appr\u00e9cient g\u00e9n\u00e9ralement un estivage \u00e0 mi-ombre et \u00e0 la pluie.<\/p>\n","protected":false},"excerpt":{"rendered":"<p>Encore un grand groupe, celui des Maxillaria. Environ 700 esp\u00e8ces constituent ce genre qui cro\u00eet du bord de mer jusqu&rsquo;\u00e0 plus de 3.500 m d&rsquo;altitude, le plus souvent dans les for\u00eats humides. Les plantes peuvent \u00eatre minuscules ou grandes, les fleurs aussi ! Toutes les couleurs sont repr\u00e9sent\u00e9es (sauf le bleu ?). Les pseudobulbes sont [&hellip;]<\/p>\n","protected":false},"author":1,"featured_media":0,"parent":156,"menu_order":18,"comment_status":"closed","ping_status":"closed","template":"","meta":{"ngg_post_thumbnail":0,"footnotes":""},"_links":{"self":[{"href":"https:\/\/cawoliege.be\/index.php\/wp-json\/wp\/v2\/pages\/247"}],"collection":[{"href":"https:\/\/cawoliege.be\/index.php\/wp-json\/wp\/v2\/pages"}],"about":[{"href":"https:\/\/cawoliege.be\/index.php\/wp-json\/wp\/v2\/types\/page"}],"author":[{"embeddable":true,"href":"https:\/\/cawoliege.be\/index.php\/wp-json\/wp\/v2\/users\/1"}],"replies":[{"embeddable":true,"href":"https:\/\/cawoliege.be\/index.php\/wp-json\/wp\/v2\/comments?post=247"}],"version-history":[{"count":1,"href":"https:\/\/cawoliege.be\/index.php\/wp-json\/wp\/v2\/pages\/247\/revisions"}],"predecessor-version":[{"id":249,"href":"https:\/\/cawoliege.be\/index.php\/wp-json\/wp\/v2\/pages\/247\/revisions\/249"}],"up":[{"embeddable":true,"href":"https:\/\/cawoliege.be\/index.php\/wp-json\/wp\/v2\/pages\/156"}],"wp:attachment":[{"href":"https:\/\/cawoliege.be\/index.php\/wp-json\/wp\/v2\/media?parent=247"}],"curies":[{"name":"wp","href":"https:\/\/api.w.org\/{rel}","templated":true}]}}