{"id":239,"date":"2019-05-12T08:50:02","date_gmt":"2019-05-12T06:50:02","guid":{"rendered":"http:\/\/cawoliege.be\/?page_id=239"},"modified":"2019-05-12T08:50:02","modified_gmt":"2019-05-12T06:50:02","slug":"masdevallia","status":"publish","type":"page","link":"https:\/\/cawoliege.be\/index.php\/orchidees-plus-rares\/masdevallia\/","title":{"rendered":"Masdevallia"},"content":{"rendered":"\n<ul class=\"wp-block-gallery columns-2 is-cropped wp-block-gallery-1 is-layout-flex wp-block-gallery-is-layout-flex\"><li class=\"blocks-gallery-item\"><figure><img loading=\"lazy\" decoding=\"async\" width=\"210\" height=\"160\" src=\"http:\/\/cawoliege.be\/wp-content\/uploads\/2019\/05\/Masdevallia-01.gif\" alt=\"\" data-id=\"242\" data-link=\"http:\/\/cawoliege.be\/?attachment_id=242\" class=\"wp-image-242\"\/><\/figure><\/li><li class=\"blocks-gallery-item\"><figure><img loading=\"lazy\" decoding=\"async\" width=\"170\" height=\"210\" src=\"http:\/\/cawoliege.be\/wp-content\/uploads\/2019\/05\/Masdevallia-02.gif\" alt=\"\" data-id=\"243\" data-link=\"http:\/\/cawoliege.be\/?attachment_id=243\" class=\"wp-image-243\"\/><\/figure><\/li><\/ul>\n\n\n\n<p><strong>L<\/strong>es <em>Masdevallia<\/em>, et leurs voisines les <em>Dracula<\/em>\n (!), forment \u00e9galement une grande famille d&rsquo;environ 1.200 esp\u00e8ces avec,\n ici aussi, une toute grande majorit\u00e9 de petites plantes. La plupart sont \u00e9galement \u00e9piphytes, avec quelques terrestres et\/ou lithophytes. Les\n esp\u00e8ces poussent majoritairement dans les for\u00eats d&rsquo;altitude (parfois \n\u00e9lev\u00e9e) constamment humides, sauf quelques-unes qui croissent dans un \nenvironnement toujours humide mais plus chaud. Ici aussi, il sera bon de se renseigner sur l&rsquo;origine de la plante pour conna\u00eetre les conditions de culture. Cependant, les conditions appliqu\u00e9es aux <em>Pleurothallis<\/em> (ne jamais laisser s\u00e9cher, pas de soleil direct, pas de temp\u00e9ratures au-dessus de 25\u00b0C, \u2026) leur conviennent g\u00e9n\u00e9ralement aussi. <\/p>\n\n\n\n<p> Les fleurs peuvent \u00eatre soit solitaires, soit en grappe. La hampe florale (\u00e9rig\u00e9e chez <em>Masdevallia<\/em> et pendante chez <em>Dracula<\/em>) fane normalement apr\u00e8s la floraison, mais chez quelques esp\u00e8ces de <em>Masdevallia<\/em>  (celles pr\u00e9sentant une hampe florale \u00e0 section triangulaire), elles  peuvent refleurir sur la m\u00eame hampe plusieurs ann\u00e9es de suite, il ne  faudra donc pas couper les hampes de ces esp\u00e8ces-l\u00e0 ! <\/p>\n\n\n\n<p> Le  sch\u00e9ma de la fleur est fort semblable d&rsquo;une esp\u00e8ce \u00e0 l&rsquo;autre : les  trois s\u00e9pales sont plus ou moins \u00e9tal\u00e9s et tr\u00e8s nettement plus grands  que les p\u00e9tales et le labelle. Ici aussi, quasi toutes les couleurs (sauf le bleu !) sont repr\u00e9sent\u00e9es. Plusieurs esp\u00e8ces sont parfum\u00e9es, parfois agr\u00e9ablement, parfois non !<\/p>\n\n\n\n<p> Pour les m\u00eames raisons que les <em>Pleurothallis<\/em>, il faudra rempoter les <em>Masdevallia<\/em> (en pot ou sur support) et les <em>Dracula<\/em> (en caissette en raison de leur hampe florale tombante) tous les 1 ou 2 ans. Ici aussi, une culture en serre ou dans un orchidarium leur sera b\u00e9n\u00e9fique. Beaucoup d&rsquo;esp\u00e8ces sont en fleur 12 mois par an, ce qui ne g\u00e2che rien. L&rsquo;estivage se fera dans les m\u00eames <\/p>\n","protected":false},"excerpt":{"rendered":"<p>Les Masdevallia, et leurs voisines les Dracula (!), forment \u00e9galement une grande famille d&rsquo;environ 1.200 esp\u00e8ces avec, ici aussi, une toute grande majorit\u00e9 de petites plantes. La plupart sont \u00e9galement \u00e9piphytes, avec quelques terrestres et\/ou lithophytes. Les esp\u00e8ces poussent majoritairement dans les for\u00eats d&rsquo;altitude (parfois \u00e9lev\u00e9e) constamment humides, sauf quelques-unes qui croissent dans un environnement [&hellip;]<\/p>\n","protected":false},"author":1,"featured_media":0,"parent":156,"menu_order":17,"comment_status":"closed","ping_status":"closed","template":"","meta":{"ngg_post_thumbnail":0,"footnotes":""},"_links":{"self":[{"href":"https:\/\/cawoliege.be\/index.php\/wp-json\/wp\/v2\/pages\/239"}],"collection":[{"href":"https:\/\/cawoliege.be\/index.php\/wp-json\/wp\/v2\/pages"}],"about":[{"href":"https:\/\/cawoliege.be\/index.php\/wp-json\/wp\/v2\/types\/page"}],"author":[{"embeddable":true,"href":"https:\/\/cawoliege.be\/index.php\/wp-json\/wp\/v2\/users\/1"}],"replies":[{"embeddable":true,"href":"https:\/\/cawoliege.be\/index.php\/wp-json\/wp\/v2\/comments?post=239"}],"version-history":[{"count":1,"href":"https:\/\/cawoliege.be\/index.php\/wp-json\/wp\/v2\/pages\/239\/revisions"}],"predecessor-version":[{"id":244,"href":"https:\/\/cawoliege.be\/index.php\/wp-json\/wp\/v2\/pages\/239\/revisions\/244"}],"up":[{"embeddable":true,"href":"https:\/\/cawoliege.be\/index.php\/wp-json\/wp\/v2\/pages\/156"}],"wp:attachment":[{"href":"https:\/\/cawoliege.be\/index.php\/wp-json\/wp\/v2\/media?parent=239"}],"curies":[{"name":"wp","href":"https:\/\/api.w.org\/{rel}","templated":true}]}}