{"id":234,"date":"2019-05-12T08:47:01","date_gmt":"2019-05-12T06:47:01","guid":{"rendered":"http:\/\/cawoliege.be\/?page_id=234"},"modified":"2019-05-12T08:47:01","modified_gmt":"2019-05-12T06:47:01","slug":"lycaste","status":"publish","type":"page","link":"https:\/\/cawoliege.be\/index.php\/orchidees-plus-rares\/lycaste\/","title":{"rendered":"Lycaste"},"content":{"rendered":"\n<div class=\"wp-block-image\"><figure class=\"aligncenter\"><img loading=\"lazy\" decoding=\"async\" width=\"210\" height=\"160\" src=\"http:\/\/cawoliege.be\/wp-content\/uploads\/2019\/05\/Lycaste.gif\" alt=\"\" class=\"wp-image-237\"\/><\/figure><\/div>\n\n\n\n<p><strong>L<\/strong>e groupe <em>Lycaste<\/em>, <em>Ida<\/em> et <em>Anguloa<\/em> est originaire de l&rsquo;Am\u00e9rique centrale et du Sud. Les\n trois genres ont en commun des pseudobulbes serr\u00e9s, parfois assez gros,\n \u00e0 la base desquels se d\u00e9veloppent les nouvelles pousses et les hampes \nflorales g\u00e9n\u00e9ralement uniflores (ne portant qu&rsquo;une fleur). Ces plantes sont soit caduques, soit persistantes. Il va de soi que leur culture ne sera pas identique. Toutes\n r\u00e9clament des engrais r\u00e9guliers et \u00e0 dose prescrite par le fabricant \ndurant la croissance, pour produire un gros pseudobulbe et de grandes \nfeuilles, gages d&rsquo;une belle floraison future !<br>\n&nbsp;<strong>L<\/strong>es <em>Lycaste<\/em> se font toujours remarquer dans les expositions. Il faut dire que leurs grandes fleurs, souvent aux couleurs chatoyantes, attirent l&rsquo;attention. Plusieurs esp\u00e8ces sont parfum\u00e9es. Le\n genre comprend des esp\u00e8ces \u00e0 feuilles persistantes, qui ne conna\u00eetront \ndonc pas de p\u00e9riode de repos, et d&rsquo;autres \u00e0 feuilles caduques (la grande\n majorit\u00e9), et qui subiront une p\u00e9riode de repos, quelquefois s\u00e9v\u00e8re \npour certaines esp\u00e8ces. Elles sont g\u00e9n\u00e9ralement grandes \n(jusqu&rsquo;\u00e0 un m\u00e8tre de long !) et pliss\u00e9es, elles ne supportent gu\u00e8re \nl&rsquo;eau \u00e0 leur surface, c&rsquo;est pourquoi ces esp\u00e8ces requi\u00e8rent une \nexcellente ventilation. Cette ventilation, elles la \ntrouvent dans leur milieu d&rsquo;origine, les montagnes entre 500 et 2800 m \nd&rsquo;altitude, du Mexique au P\u00e9rou et \u00e0 la Bolivie. Il y a plus de 50 esp\u00e8ces terrestres, lithophytes et \u00e9piphytes.<\/p>\n\n\n\n<p> Les fleurs sont g\u00e9n\u00e9ralement assez grandes \u00e0 grandes, la plupart parfum\u00e9es, et bien ouvertes. Hormis le bleu, les autres couleurs se retrouvent dans ce genre. La  plupart des esp\u00e8ces fleurissent au printemps et en \u00e9t\u00e9, mais  quelques-unes fleurissent en automne ou en hiver, ou encore sans saison  fixe. Les esp\u00e8ces printani\u00e8res sont essentiellement  constitu\u00e9es d&rsquo;esp\u00e8ces \u00e0 feuilles caduques : les fleurs apparaissant avec  la nouvelle pousse !<\/p>\n\n\n\n<p> Ces plantes appr\u00e9cient une bonne saison humide et bien arros\u00e9e, \u00e0 mi-ombre ou \u00e0 l&rsquo;ombre, et dans une ambiance temp\u00e9r\u00e9e \u00e0 chaude. Si vous estivez les <em>Lycaste<\/em>, sachez que les limaces et les escargots sont particuli\u00e8rement friands des jeunes feuilles. Dehors, il faudra les placer \u00e0 un endroit ombrag\u00e9, mais pas \u00e0 l&rsquo;abri de la pluie et encore moins du vent ! Les  esp\u00e8ces caduques seront tenues dans un endroit plus frais et arros\u00e9es  de temps en temps en hiver, juste pour \u00e9viter que les pseudobulbes se  fl\u00e9trissent trop. Les autres conna\u00eetront \u00e9galement une  diminution des arrosages, mais seront tenues dans un endroit un peu plus  chaud que les pr\u00e9c\u00e9dentes. Cette chute de temp\u00e9rature hivernale est n\u00e9cessaire \u00e0 l&rsquo;induction florale !<\/p>\n","protected":false},"excerpt":{"rendered":"<p>Le groupe Lycaste, Ida et Anguloa est originaire de l&rsquo;Am\u00e9rique centrale et du Sud. Les trois genres ont en commun des pseudobulbes serr\u00e9s, parfois assez gros, \u00e0 la base desquels se d\u00e9veloppent les nouvelles pousses et les hampes florales g\u00e9n\u00e9ralement uniflores (ne portant qu&rsquo;une fleur). Ces plantes sont soit caduques, soit persistantes. Il va de [&hellip;]<\/p>\n","protected":false},"author":1,"featured_media":0,"parent":156,"menu_order":16,"comment_status":"closed","ping_status":"closed","template":"","meta":{"ngg_post_thumbnail":0,"footnotes":""},"_links":{"self":[{"href":"https:\/\/cawoliege.be\/index.php\/wp-json\/wp\/v2\/pages\/234"}],"collection":[{"href":"https:\/\/cawoliege.be\/index.php\/wp-json\/wp\/v2\/pages"}],"about":[{"href":"https:\/\/cawoliege.be\/index.php\/wp-json\/wp\/v2\/types\/page"}],"author":[{"embeddable":true,"href":"https:\/\/cawoliege.be\/index.php\/wp-json\/wp\/v2\/users\/1"}],"replies":[{"embeddable":true,"href":"https:\/\/cawoliege.be\/index.php\/wp-json\/wp\/v2\/comments?post=234"}],"version-history":[{"count":1,"href":"https:\/\/cawoliege.be\/index.php\/wp-json\/wp\/v2\/pages\/234\/revisions"}],"predecessor-version":[{"id":238,"href":"https:\/\/cawoliege.be\/index.php\/wp-json\/wp\/v2\/pages\/234\/revisions\/238"}],"up":[{"embeddable":true,"href":"https:\/\/cawoliege.be\/index.php\/wp-json\/wp\/v2\/pages\/156"}],"wp:attachment":[{"href":"https:\/\/cawoliege.be\/index.php\/wp-json\/wp\/v2\/media?parent=234"}],"curies":[{"name":"wp","href":"https:\/\/api.w.org\/{rel}","templated":true}]}}