{"id":229,"date":"2019-05-12T08:44:25","date_gmt":"2019-05-12T06:44:25","guid":{"rendered":"http:\/\/cawoliege.be\/?page_id=229"},"modified":"2019-05-12T08:44:25","modified_gmt":"2019-05-12T06:44:25","slug":"liparis","status":"publish","type":"page","link":"https:\/\/cawoliege.be\/index.php\/orchidees-plus-rares\/liparis\/","title":{"rendered":"Liparis"},"content":{"rendered":"\n<div class=\"wp-block-image\"><figure class=\"aligncenter\"><img loading=\"lazy\" decoding=\"async\" width=\"160\" height=\"229\" src=\"http:\/\/cawoliege.be\/wp-content\/uploads\/2019\/05\/Liparis.gif\" alt=\"\" class=\"wp-image-232\"\/><\/figure><\/div>\n\n\n\n<p><strong>L<\/strong>es <em>Liparis<\/em> (dont une esp\u00e8ce pousse encore en Belgique) sont un peu diff\u00e9rents dans la mesure o\u00f9 ils ont des feuilles persistantes. Eux aussi appr\u00e9cient l&rsquo;humidit\u00e9 et plusieurs esp\u00e8ces colonisent m\u00eame les marais. D&rsquo;autres poussent en pleine for\u00eat, caduque ou persistante, mais toujours \u00e0 proximit\u00e9 de l&rsquo;eau. Environ 250 esp\u00e8ces composent ce genre \u00e0 grande majorit\u00e9 terrestre.<\/p>\n\n\n\n<p> Les fleurs sont assez caract\u00e9ristiques dans la mesure o\u00f9 le labelle est  r\u00e9ellement mis en valeur en \u00e9tant comme projet\u00e9 en avant, bien  pro\u00e9minent par rapport au reste des pi\u00e8ces florales. Bien  souvent d&rsquo;ailleurs, ce labelle est nettement plus grand et plus color\u00e9  que les s\u00e9pales et les p\u00e9tales (mais c&rsquo;est valable aussi pour bon nombre  d&rsquo;orchid\u00e9es !). Les fleurs ne sont g\u00e9n\u00e9ralement pas  grandes, mais sont souvent r\u00e9unies en assez grand nombre sur une longue  hampe florale, le plus souvent \u00e9rig\u00e9e.<\/p>\n\n\n\n<p> Certaines esp\u00e8ces ont un cycle annuel classique (croissance, floraison,  p\u00e9riode de repos \u00b1 importante), alors que d&rsquo;autres (essentiellement les  esp\u00e8ces d&rsquo;origine tropicale) ne connaissent pas de p\u00e9riode de repos et  doivent conserver un minimum d&rsquo;humidit\u00e9 toute l&rsquo;ann\u00e9e. Il sera donc int\u00e9ressant de conna\u00eetre les besoins de chaque esp\u00e8ce. Certaines esp\u00e8ces se multiplient assez vite et colonisent donc rapidement leur contenant. Le rempotage pourra \u00eatre effectu\u00e9 tous les 2 ou 3 ans.  L&rsquo;estivage est appr\u00e9ci\u00e9 par la plupart des esp\u00e8ces.\u00a0 <\/p>\n","protected":false},"excerpt":{"rendered":"<p>Les Liparis (dont une esp\u00e8ce pousse encore en Belgique) sont un peu diff\u00e9rents dans la mesure o\u00f9 ils ont des feuilles persistantes. Eux aussi appr\u00e9cient l&rsquo;humidit\u00e9 et plusieurs esp\u00e8ces colonisent m\u00eame les marais. D&rsquo;autres poussent en pleine for\u00eat, caduque ou persistante, mais toujours \u00e0 proximit\u00e9 de l&rsquo;eau. Environ 250 esp\u00e8ces composent ce genre \u00e0 grande [&hellip;]<\/p>\n","protected":false},"author":1,"featured_media":0,"parent":156,"menu_order":15,"comment_status":"closed","ping_status":"closed","template":"","meta":{"ngg_post_thumbnail":0,"footnotes":""},"_links":{"self":[{"href":"https:\/\/cawoliege.be\/index.php\/wp-json\/wp\/v2\/pages\/229"}],"collection":[{"href":"https:\/\/cawoliege.be\/index.php\/wp-json\/wp\/v2\/pages"}],"about":[{"href":"https:\/\/cawoliege.be\/index.php\/wp-json\/wp\/v2\/types\/page"}],"author":[{"embeddable":true,"href":"https:\/\/cawoliege.be\/index.php\/wp-json\/wp\/v2\/users\/1"}],"replies":[{"embeddable":true,"href":"https:\/\/cawoliege.be\/index.php\/wp-json\/wp\/v2\/comments?post=229"}],"version-history":[{"count":1,"href":"https:\/\/cawoliege.be\/index.php\/wp-json\/wp\/v2\/pages\/229\/revisions"}],"predecessor-version":[{"id":233,"href":"https:\/\/cawoliege.be\/index.php\/wp-json\/wp\/v2\/pages\/229\/revisions\/233"}],"up":[{"embeddable":true,"href":"https:\/\/cawoliege.be\/index.php\/wp-json\/wp\/v2\/pages\/156"}],"wp:attachment":[{"href":"https:\/\/cawoliege.be\/index.php\/wp-json\/wp\/v2\/media?parent=229"}],"curies":[{"name":"wp","href":"https:\/\/api.w.org\/{rel}","templated":true}]}}