{"id":224,"date":"2019-05-12T08:42:20","date_gmt":"2019-05-12T06:42:20","guid":{"rendered":"http:\/\/cawoliege.be\/?page_id=224"},"modified":"2019-05-12T08:42:20","modified_gmt":"2019-05-12T06:42:20","slug":"lepanthes","status":"publish","type":"page","link":"https:\/\/cawoliege.be\/index.php\/orchidees-plus-rares\/lepanthes\/","title":{"rendered":"Lepanthes"},"content":{"rendered":"\n<div class=\"wp-block-image\"><figure class=\"aligncenter\"><img loading=\"lazy\" decoding=\"async\" width=\"160\" height=\"178\" src=\"http:\/\/cawoliege.be\/wp-content\/uploads\/2019\/05\/Lepanthes.gif\" alt=\"\" class=\"wp-image-227\"\/><\/figure><\/div>\n\n\n\n<p><strong>L<\/strong>es <em>Lepanthes<\/em> sont g\u00e9n\u00e9ralement encore plus\n petits que les deux pr\u00e9c\u00e9dents et ont des fleurs grandes par rapport \u00e0 \nla taille de la plante, certaines \u00e9tant m\u00eame plus grandes que les \nfeuilles. Les conditions de culture sont pratiquement identiques aux <em>Pleurothallis<\/em> et aux <em>Masdevallia<\/em>,\n mais leur petite taille implique une grande humidit\u00e9 atmosph\u00e9rique \npermanente et, en cons\u00e9quence, une ventilation permanente aussi ! Les esp\u00e8ces proviennent \u00e9galement de for\u00eats humides d&rsquo;altitude. Il en existe plus de 600.<\/p>\n\n\n\n<p> Les fleurs apparaissent \u00e0 la base de la feuille. De nouveau, une large gamme de couleurs est pr\u00e9sente chez ces esp\u00e8ces, sauf peut-\u00eatre le bleu ! Plusieurs ont des fleurs remarquables, minuscules mais remarquables. M\u00eame s&rsquo;il faut quelquefois utiliser la loupe pour appr\u00e9cier leur beaut\u00e9 fugace, il y a, parmi les <em>Lepanthes<\/em>, de v\u00e9ritables petits bijoux, dont <em>Lep. telipogoniflora<\/em> n&rsquo;est pas le moindre.<\/p>\n\n\n\n<p> Vu leur petite taille, une culture sur support est plus recommand\u00e9e  qu&rsquo;en pot, ce qui les fait r\u00e9server \u00e0 la serre ou \u00e0 l&rsquo;orchidarium. Et  pour cette m\u00eame raison, \u00e0 moins d&rsquo;\u00eatre s\u00fbr(e) de pouvoir apporter  suffisamment d&rsquo;humidit\u00e9 atmosph\u00e9rique \u00e0 la plante, l&rsquo;estivage sera \u00e0  \u00e9viter, sauf en p\u00e9riode de pluie (\u00e7a arrive, m\u00eame chez nous !).<\/p>\n","protected":false},"excerpt":{"rendered":"<p>Les Lepanthes sont g\u00e9n\u00e9ralement encore plus petits que les deux pr\u00e9c\u00e9dents et ont des fleurs grandes par rapport \u00e0 la taille de la plante, certaines \u00e9tant m\u00eame plus grandes que les feuilles. Les conditions de culture sont pratiquement identiques aux Pleurothallis et aux Masdevallia, mais leur petite taille implique une grande humidit\u00e9 atmosph\u00e9rique permanente et, [&hellip;]<\/p>\n","protected":false},"author":1,"featured_media":0,"parent":156,"menu_order":14,"comment_status":"closed","ping_status":"closed","template":"","meta":{"ngg_post_thumbnail":0,"footnotes":""},"_links":{"self":[{"href":"https:\/\/cawoliege.be\/index.php\/wp-json\/wp\/v2\/pages\/224"}],"collection":[{"href":"https:\/\/cawoliege.be\/index.php\/wp-json\/wp\/v2\/pages"}],"about":[{"href":"https:\/\/cawoliege.be\/index.php\/wp-json\/wp\/v2\/types\/page"}],"author":[{"embeddable":true,"href":"https:\/\/cawoliege.be\/index.php\/wp-json\/wp\/v2\/users\/1"}],"replies":[{"embeddable":true,"href":"https:\/\/cawoliege.be\/index.php\/wp-json\/wp\/v2\/comments?post=224"}],"version-history":[{"count":1,"href":"https:\/\/cawoliege.be\/index.php\/wp-json\/wp\/v2\/pages\/224\/revisions"}],"predecessor-version":[{"id":228,"href":"https:\/\/cawoliege.be\/index.php\/wp-json\/wp\/v2\/pages\/224\/revisions\/228"}],"up":[{"embeddable":true,"href":"https:\/\/cawoliege.be\/index.php\/wp-json\/wp\/v2\/pages\/156"}],"wp:attachment":[{"href":"https:\/\/cawoliege.be\/index.php\/wp-json\/wp\/v2\/media?parent=224"}],"curies":[{"name":"wp","href":"https:\/\/api.w.org\/{rel}","templated":true}]}}