{"id":2226,"date":"2024-05-15T12:10:53","date_gmt":"2024-05-15T10:10:53","guid":{"rendered":"https:\/\/cawoliege.be\/?page_id=2226"},"modified":"2026-02-24T16:55:26","modified_gmt":"2026-02-24T15:55:26","slug":"caworchidees-2","status":"publish","type":"page","link":"https:\/\/cawoliege.be\/index.php\/caworchidees-2\/","title":{"rendered":"CAWOrchid\u00e9es"},"content":{"rendered":"\n<div class=\"wp-block-group has-global-padding is-layout-constrained wp-block-group-is-layout-constrained\">\n<p><strong>CAWOrchid\u00e9es (01) Avril 2023<\/strong> <\/p>\n\n\n\n<figure class=\"wp-block-image size-full\"><img loading=\"lazy\" decoding=\"async\" width=\"282\" height=\"400\" src=\"https:\/\/cawoliege.be\/wp-content\/uploads\/2023\/05\/icone02-revue-01-2.jpg\" alt=\"\" class=\"wp-image-1940\" srcset=\"https:\/\/cawoliege.be\/wp-content\/uploads\/2023\/05\/icone02-revue-01-2.jpg 282w, https:\/\/cawoliege.be\/wp-content\/uploads\/2023\/05\/icone02-revue-01-2-212x300.jpg 212w\" sizes=\"(max-width: 282px) 100vw, 282px\" \/><\/figure>\n\n\n\n<ul>\n<li>Editorial<\/li>\n\n\n\n<li>Connaissez-vous \u00abLes SPINETS\u00bb ?<\/li>\n\n\n\n<li>Le genre Chaubardiella<\/li>\n\n\n\n<li>Fabriquer facilement votre engrais<\/li>\n\n\n\n<li>Info Club<\/li>\n\n\n\n<li>La fiche de culture de Tonton Georges<\/li>\n\n\n\n<li>Aerides lawrenceae<\/li>\n\n\n\n<li>La r\u00e9volution dans le monde des crocus<\/li>\n<\/ul>\n<\/div>\n\n\n\n<hr class=\"wp-block-separator has-alpha-channel-opacity\"\/>\n\n\n\n<div class=\"wp-block-group has-global-padding is-layout-constrained wp-block-group-is-layout-constrained\">\n<p><strong>CAWOrchid\u00e9es (02) Juin 2023<\/strong> <\/p>\n\n\n\n<figure class=\"wp-block-image size-full\"><img loading=\"lazy\" decoding=\"async\" width=\"282\" height=\"400\" src=\"https:\/\/cawoliege.be\/wp-content\/uploads\/2024\/05\/caworchidees-02-icone-site.jpg\" alt=\"\" class=\"wp-image-2232\" srcset=\"https:\/\/cawoliege.be\/wp-content\/uploads\/2024\/05\/caworchidees-02-icone-site.jpg 282w, https:\/\/cawoliege.be\/wp-content\/uploads\/2024\/05\/caworchidees-02-icone-site-212x300.jpg 212w\" sizes=\"(max-width: 282px) 100vw, 282px\" \/><\/figure>\n\n\n\n<ul>\n<li>Editorial<\/li>\n\n\n\n<li>Comprendre le nom des orchid\u00e9es<\/li>\n\n\n\n<li>Mauvaise herbe ?<\/li>\n\n\n\n<li>Les \u00e9tranges vanilles du rayon cr\u00e9merie<\/li>\n\n\n\n<li>Nouvelle orchid\u00e9e d\u00e9couverte au Cameroun<\/li>\n\n\n\n<li><em>Trichopilia tortilis<\/em><\/li>\n\n\n\n<li>Choisir le bon pot pour vos orchid\u00e9es<\/li>\n\n\n\n<li>Le voyage des 25 ans du CAWO<\/li>\n\n\n\n<li><em>Dendrobium Hibiki<\/em><\/li>\n\n\n\n<li>Visite de la r\u00e9serve naturelle de Sclaigneaux<\/li>\n<\/ul>\n<\/div>\n\n\n\n<hr class=\"wp-block-separator has-alpha-channel-opacity\"\/>\n\n\n\n<div class=\"wp-block-group has-global-padding is-layout-constrained wp-block-group-is-layout-constrained\">\n<p><strong>CAWOrchid\u00e9es (03) Septembre 2023<\/strong> <\/p>\n\n\n\n<figure class=\"wp-block-image size-full\"><img loading=\"lazy\" decoding=\"async\" width=\"282\" height=\"400\" src=\"https:\/\/cawoliege.be\/wp-content\/uploads\/2024\/05\/caworchidees-03-icone-site.jpg\" alt=\"\" class=\"wp-image-2233\" srcset=\"https:\/\/cawoliege.be\/wp-content\/uploads\/2024\/05\/caworchidees-03-icone-site.jpg 282w, https:\/\/cawoliege.be\/wp-content\/uploads\/2024\/05\/caworchidees-03-icone-site-212x300.jpg 212w\" sizes=\"(max-width: 282px) 100vw, 282px\" \/><\/figure>\n\n\n\n<ul>\n<li>Editorial<\/li>\n\n\n\n<li>Quel substrat pour nos orchid\u00e9es ?<\/li>\n\n\n\n<li>La vie sexuelle palpitante et d\u00e9brid\u00e9e des orchid\u00e9es<\/li>\n\n\n\n<li>Bourse aux Plantes et Orchid\u00e9es du CAWO<\/li>\n\n\n\n<li>Connaissez-vous les orchid\u00e9es \u00ab\u00a0noires\u00a0\u00bb ?<\/li>\n\n\n\n<li>Nouvelles esp\u00e8ces d\u2019orchid\u00e9es \u00e0 Madagascar<\/li>\n\n\n\n<li>La vie au sein du Club<\/li>\n\n\n\n<li>Tonton Georges<\/li>\n<\/ul>\n<\/div>\n\n\n\n<hr class=\"wp-block-separator has-alpha-channel-opacity\"\/>\n\n\n\n<div class=\"wp-block-group has-global-padding is-layout-constrained wp-block-group-is-layout-constrained\">\n<p><strong>CAWOrchid\u00e9es (04) Janvier 2024<\/strong> <\/p>\n\n\n\n<figure class=\"wp-block-image size-full\"><img loading=\"lazy\" decoding=\"async\" width=\"282\" height=\"400\" src=\"https:\/\/cawoliege.be\/wp-content\/uploads\/2024\/05\/caworchidees-04-icone-site.jpg\" alt=\"\" class=\"wp-image-2237\" srcset=\"https:\/\/cawoliege.be\/wp-content\/uploads\/2024\/05\/caworchidees-04-icone-site.jpg 282w, https:\/\/cawoliege.be\/wp-content\/uploads\/2024\/05\/caworchidees-04-icone-site-212x300.jpg 212w\" sizes=\"(max-width: 282px) 100vw, 282px\" \/><\/figure>\n\n\n\n<ul>\n<li>Editorial<\/li>\n\n\n\n<li>Reconna\u00eetre et ma\u00eetriser les cochenilles farineuses<\/li>\n\n\n\n<li>Chronique d\u2019une catastrophe annonc\u00e9e !<\/li>\n\n\n\n<li>Comment multiplier facilement les Phalaenopsis ?<\/li>\n\n\n\n<li>La saga des <em>Epipactis<\/em> au jardin<\/li>\n\n\n\n<li>Une carte postale d\u2019Iguaz\u00fa<\/li>\n\n\n\n<li><em>Platystele finleyae<\/em><\/li>\n\n\n\n<li>Les 25 ans du CAWO<\/li>\n\n\n\n<li>Un \u00e9v\u00e8nement exceptionnel<\/li>\n\n\n\n<li>Tonton Georges : <em>Trichopilia fragrans<\/em><\/li>\n<\/ul>\n<\/div>\n\n\n\n<hr class=\"wp-block-separator has-alpha-channel-opacity\"\/>\n\n\n\n<div class=\"wp-block-group has-global-padding is-layout-constrained wp-block-group-is-layout-constrained\">\n<p><strong>CAWOrchid\u00e9es (05) Avril 2024<\/strong> <\/p>\n\n\n\n<figure class=\"wp-block-image size-full\"><img loading=\"lazy\" decoding=\"async\" width=\"282\" height=\"400\" src=\"https:\/\/cawoliege.be\/wp-content\/uploads\/2024\/05\/caworchidees-05-icone-site.jpg\" alt=\"\" class=\"wp-image-2240\" srcset=\"https:\/\/cawoliege.be\/wp-content\/uploads\/2024\/05\/caworchidees-05-icone-site.jpg 282w, https:\/\/cawoliege.be\/wp-content\/uploads\/2024\/05\/caworchidees-05-icone-site-212x300.jpg 212w\" sizes=\"(max-width: 282px) 100vw, 282px\" \/><\/figure>\n\n\n\n<ul>\n<li>Editorial<\/li>\n\n\n\n<li>Le changement climatique<\/li>\n\n\n\n<li>Les <em>Chloraea<\/em> du Chili<\/li>\n\n\n\n<li>The show must go on \u2026 <\/li>\n\n\n\n<li>Faire refleurir les<em> Cymbidium<\/em><\/li>\n\n\n\n<li>L&rsquo;arrosage des orchid\u00e9es<\/li>\n\n\n\n<li>La plus grande orchid\u00e9e au monde ! <\/li>\n\n\n\n<li>Connaisez-vous le salep ?<\/li>\n\n\n\n<li><em>Coelogyne Intermedia<\/em><\/li>\n<\/ul>\n<\/div>\n\n\n\n<hr class=\"wp-block-separator has-alpha-channel-opacity\"\/>\n\n\n\n<div class=\"wp-block-group has-global-padding is-layout-constrained wp-block-group-is-layout-constrained\">\n<p><strong>CAWOrchid\u00e9es (06) Octobre 2024<\/strong> <\/p>\n\n\n\n<figure class=\"wp-block-image size-full\"><img loading=\"lazy\" decoding=\"async\" width=\"282\" height=\"400\" src=\"https:\/\/cawoliege.be\/wp-content\/uploads\/2025\/07\/icone-06.jpg\" alt=\"\" class=\"wp-image-2539\" srcset=\"https:\/\/cawoliege.be\/wp-content\/uploads\/2025\/07\/icone-06.jpg 282w, https:\/\/cawoliege.be\/wp-content\/uploads\/2025\/07\/icone-06-212x300.jpg 212w\" sizes=\"(max-width: 282px) 100vw, 282px\" \/><\/figure>\n\n\n\n<ul>\n<li>Editorial<\/li>\n\n\n\n<li>Bomal \u00ab\u00a0Mont-des-Pins\u00a0\u00bb 1er juin 2024<\/li>\n\n\n\n<li>Les orchid\u00e9es des T\u00e9puis<\/li>\n\n\n\n<li>Les orchid\u00e9es, les botanistes et Darwin <\/li>\n\n\n\n<li>Les lampes horticoles LED &amp; Sodium<\/li>\n\n\n\n<li>Retour de l&rsquo;orchid\u00e9e fant\u00f4me au Royaume-Uni !<\/li>\n\n\n\n<li>Connaissez-vous les utilisations parfois \u00e9tranges des orchid\u00e9es ? <\/li>\n\n\n\n<li><em>Maxillaria Grandiflora<\/em><\/li>\n<\/ul>\n<\/div>\n\n\n\n<hr class=\"wp-block-separator has-alpha-channel-opacity\"\/>\n\n\n\n<div class=\"wp-block-group has-global-padding is-layout-constrained wp-block-group-is-layout-constrained\">\n<p><strong>CAWOrchid\u00e9es (07) Janvier 2025<\/strong> <\/p>\n\n\n\n<figure class=\"wp-block-image size-full\"><img loading=\"lazy\" decoding=\"async\" width=\"282\" height=\"400\" src=\"https:\/\/cawoliege.be\/wp-content\/uploads\/2025\/07\/icone-07.jpg\" alt=\"\" class=\"wp-image-2543\" srcset=\"https:\/\/cawoliege.be\/wp-content\/uploads\/2025\/07\/icone-07.jpg 282w, https:\/\/cawoliege.be\/wp-content\/uploads\/2025\/07\/icone-07-212x300.jpg 212w\" sizes=\"(max-width: 282px) 100vw, 282px\" \/><\/figure>\n\n\n\n<ul>\n<li>Editorial<\/li>\n\n\n\n<li><em>Gastrodia agnicellus<\/em><\/li>\n\n\n\n<li>Des orchid\u00e9es faciles \u00e0 vivre<\/li>\n\n\n\n<li>Infos Club <\/li>\n\n\n\n<li>Curiosit\u00e9 : <em>Hymenopus coronatus<\/em><\/li>\n\n\n\n<li>L&rsquo;engrais \u2026 (un peu) d\u00e9mystifi\u00e9 !<\/li>\n\n\n\n<li>Quelques composants pour le substrat<\/li>\n\n\n\n<li><em>Aerangis mystacidii<\/em><\/li>\n<\/ul>\n\n\n\n<hr class=\"wp-block-separator has-alpha-channel-opacity\"\/>\n\n\n\n<hr class=\"wp-block-separator has-alpha-channel-opacity\"\/>\n<\/div>\n\n\n\n<div class=\"wp-block-group has-global-padding is-layout-constrained wp-block-group-is-layout-constrained\">\n<p><strong>CAWOrchid\u00e9es (08) Avril 2025<\/strong> <\/p>\n\n\n\n<figure class=\"wp-block-image size-full\"><img loading=\"lazy\" decoding=\"async\" width=\"282\" height=\"400\" src=\"https:\/\/cawoliege.be\/wp-content\/uploads\/2026\/02\/CAWOrchidees-08-icone.jpg\" alt=\"\" class=\"wp-image-2638\" srcset=\"https:\/\/cawoliege.be\/wp-content\/uploads\/2026\/02\/CAWOrchidees-08-icone.jpg 282w, https:\/\/cawoliege.be\/wp-content\/uploads\/2026\/02\/CAWOrchidees-08-icone-212x300.jpg 212w\" sizes=\"(max-width: 282px) 100vw, 282px\" \/><\/figure>\n\n\n\n<ul>\n<li>Editorial<\/li>\n\n\n\n<li>Les orchid\u00e9es dans l&rsquo;univers du parfum<\/li>\n\n\n\n<li>Nouvelle orchid\u00e9e d\u00e9couverte au P\u00e9rou<\/li>\n\n\n\n<li>L\u2019incroyable mani\u00e8re dont les orchid\u00e9es nourrissent leur prog\u00e9niture !<\/li>\n\n\n\n<li>Notre amour pour les orchid\u00e9es \u2026 danger !<\/li>\n\n\n\n<li><em>Cambria Barrocco Red<\/em><\/li>\n\n\n\n<li><em>Adelopetalum argyropus<\/em><\/li>\n\n\n\n<li><em>Coelogyne viscosa<\/em><\/li>\n<\/ul>\n\n\n\n<hr class=\"wp-block-separator has-alpha-channel-opacity\"\/>\n<\/div>\n\n\n\n<div class=\"wp-block-group has-global-padding is-layout-constrained wp-block-group-is-layout-constrained\">\n<p><strong>CAWOrchid\u00e9es (09) Juin 2025<\/strong> <\/p>\n\n\n\n<figure class=\"wp-block-image size-full\"><img loading=\"lazy\" decoding=\"async\" width=\"282\" height=\"400\" src=\"https:\/\/cawoliege.be\/wp-content\/uploads\/2025\/07\/icone-09.jpg\" alt=\"\" class=\"wp-image-2549\" srcset=\"https:\/\/cawoliege.be\/wp-content\/uploads\/2025\/07\/icone-09.jpg 282w, https:\/\/cawoliege.be\/wp-content\/uploads\/2025\/07\/icone-09-212x300.jpg 212w\" sizes=\"(max-width: 282px) 100vw, 282px\" \/><\/figure>\n\n\n\n<ul>\n<li>Editorial<\/li>\n\n\n\n<li><em>Cypripedium \u00ab\u00a0Gisela\u00a0\u00bb<\/em><\/li>\n\n\n\n<li>Glowing Garden<\/li>\n\n\n\n<li><em>Bulbophyllum bukitrayaense<\/em><\/li>\n\n\n\n<li>Les orchid\u00e9es peuvent-elles nous soigner du cancer ?<\/li>\n\n\n\n<li>Cultiver les orchid\u00e9es dans l&rsquo;eau ?<\/li>\n\n\n\n<li>Offrir une orchid\u00e9e en cadeau ?<\/li>\n\n\n\n<li><em>Vanda tricolor var. suavis alba<\/em><\/li>\n<\/ul>\n\n\n\n<hr class=\"wp-block-separator has-alpha-channel-opacity\"\/>\n<\/div>\n\n\n\n<div class=\"wp-block-group has-global-padding is-layout-constrained wp-block-group-is-layout-constrained\">\n<p><strong>CAWOrchid\u00e9es (10) Septembre 2025<\/strong> <\/p>\n\n\n\n<figure class=\"wp-block-image size-full\"><img loading=\"lazy\" decoding=\"async\" width=\"282\" height=\"400\" src=\"https:\/\/cawoliege.be\/wp-content\/uploads\/2026\/02\/CAWOrchidees-10-icone.jpg\" alt=\"\" class=\"wp-image-2635\" srcset=\"https:\/\/cawoliege.be\/wp-content\/uploads\/2026\/02\/CAWOrchidees-10-icone.jpg 282w, https:\/\/cawoliege.be\/wp-content\/uploads\/2026\/02\/CAWOrchidees-10-icone-212x300.jpg 212w\" sizes=\"(max-width: 282px) 100vw, 282px\" \/><\/figure>\n\n\n\n<ul>\n<li>Editorial<\/li>\n\n\n\n<li><em>Leptotes bicolor<\/em><\/li>\n\n\n\n<li>Le repos des orchid\u00e9es<\/li>\n\n\n\n<li>La production mondiale de vanille menac\u00e9e<\/li>\n\n\n\n<li>3 nouvelles orchid\u00e9es \u00e0 la sexualit\u00e9 rare !<\/li>\n\n\n\n<li>Quelle est la dur\u00e9e de vie d\u2019une orchid\u00e9e ?<\/li>\n\n\n\n<li>Conna\u00eetre un peu plus les Epidendrum<\/li>\n\n\n\n<li><em>Habenaria rhodocheila<\/em><\/li>\n<\/ul>\n\n\n\n<hr class=\"wp-block-separator has-alpha-channel-opacity\"\/>\n<\/div>\n\n\n\n<div class=\"wp-block-group has-global-padding is-layout-constrained wp-block-group-is-layout-constrained\">\n<p><strong>CAWOrchid\u00e9es (11) D\u00e9cembre 2025<\/strong> <\/p>\n\n\n\n<figure class=\"wp-block-image size-full\"><img loading=\"lazy\" decoding=\"async\" width=\"282\" height=\"400\" src=\"https:\/\/cawoliege.be\/wp-content\/uploads\/2026\/02\/CAWOrchidees-11-PRINT-2.jpg\" alt=\"\" class=\"wp-image-2632\" srcset=\"https:\/\/cawoliege.be\/wp-content\/uploads\/2026\/02\/CAWOrchidees-11-PRINT-2.jpg 282w, https:\/\/cawoliege.be\/wp-content\/uploads\/2026\/02\/CAWOrchidees-11-PRINT-2-212x300.jpg 212w\" sizes=\"(max-width: 282px) 100vw, 282px\" \/><\/figure>\n\n\n\n<ul>\n<li>Editorial<\/li>\n\n\n\n<li>La culture des<em> Cymbidium<\/em><\/li>\n\n\n\n<li><em>Epidendrum rasmussenii<\/em><\/li>\n\n\n\n<li>La culture de <em>Renanthera monachica<\/em><\/li>\n\n\n\n<li>Arrosage par capillarit\u00e9 ?<\/li>\n\n\n\n<li><em>Spiranthes cernua \u2018Chadd\u2019s Ford\u2019<\/em><\/li>\n\n\n\n<li>Guide pratique pour la culture des Perce-neige<\/li>\n\n\n\n<li><em>Oncidium Twinklea<\/em><\/li>\n<\/ul>\n\n\n\n<hr class=\"wp-block-separator has-alpha-channel-opacity\"\/>\n<\/div>\n","protected":false},"excerpt":{"rendered":"<p>CAWOrchid\u00e9es (01) Avril 2023 CAWOrchid\u00e9es (02) Juin 2023 CAWOrchid\u00e9es (03) Septembre 2023 CAWOrchid\u00e9es (04) Janvier 2024 CAWOrchid\u00e9es (05) Avril 2024 CAWOrchid\u00e9es (06) Octobre 2024 CAWOrchid\u00e9es (07) Janvier 2025 CAWOrchid\u00e9es (08) Avril 2025 CAWOrchid\u00e9es (09) Juin 2025 CAWOrchid\u00e9es (10) Septembre 2025 CAWOrchid\u00e9es (11) D\u00e9cembre 2025<\/p>\n","protected":false},"author":1,"featured_media":0,"parent":0,"menu_order":0,"comment_status":"closed","ping_status":"closed","template":"wp-custom-template-revue-caw-orchidees","meta":{"ngg_post_thumbnail":0,"footnotes":""},"_links":{"self":[{"href":"https:\/\/cawoliege.be\/index.php\/wp-json\/wp\/v2\/pages\/2226"}],"collection":[{"href":"https:\/\/cawoliege.be\/index.php\/wp-json\/wp\/v2\/pages"}],"about":[{"href":"https:\/\/cawoliege.be\/index.php\/wp-json\/wp\/v2\/types\/page"}],"author":[{"embeddable":true,"href":"https:\/\/cawoliege.be\/index.php\/wp-json\/wp\/v2\/users\/1"}],"replies":[{"embeddable":true,"href":"https:\/\/cawoliege.be\/index.php\/wp-json\/wp\/v2\/comments?post=2226"}],"version-history":[{"count":17,"href":"https:\/\/cawoliege.be\/index.php\/wp-json\/wp\/v2\/pages\/2226\/revisions"}],"predecessor-version":[{"id":2639,"href":"https:\/\/cawoliege.be\/index.php\/wp-json\/wp\/v2\/pages\/2226\/revisions\/2639"}],"wp:attachment":[{"href":"https:\/\/cawoliege.be\/index.php\/wp-json\/wp\/v2\/media?parent=2226"}],"curies":[{"name":"wp","href":"https:\/\/api.w.org\/{rel}","templated":true}]}}