{"id":219,"date":"2019-05-12T08:39:30","date_gmt":"2019-05-12T06:39:30","guid":{"rendered":"http:\/\/cawoliege.be\/?page_id=219"},"modified":"2019-05-12T08:39:30","modified_gmt":"2019-05-12T06:39:30","slug":"ida","status":"publish","type":"page","link":"https:\/\/cawoliege.be\/index.php\/orchidees-plus-rares\/ida\/","title":{"rendered":"Ida"},"content":{"rendered":"\n<div class=\"wp-block-image\"><figure class=\"aligncenter\"><img loading=\"lazy\" decoding=\"async\" width=\"160\" height=\"210\" src=\"http:\/\/cawoliege.be\/wp-content\/uploads\/2019\/05\/Ida.gif\" alt=\"\" class=\"wp-image-222\"\/><\/figure><\/div>\n\n\n\n<p><strong>L<\/strong>e genre <em>Ida<\/em> a \u00e9t\u00e9 cr\u00e9\u00e9 pour s\u00e9parer un groupe d&rsquo;esp\u00e8ces de <em>Lycaste<\/em> pr\u00e9sentant un labelle frang\u00e9 caract\u00e9ristique. La plupart des esp\u00e8ces pr\u00e9sentent des fleurs, souvent grandes, de couleur verte ou proche du vert. Plusieurs ont des feuilles persistantes et elles r\u00e9clament g\u00e9n\u00e9ralement moins de chaleur que leurs proches cousines. Les conditions de culture sont pratiquement identiques sinon.\n\n<\/p>\n","protected":false},"excerpt":{"rendered":"<p>Le genre Ida a \u00e9t\u00e9 cr\u00e9\u00e9 pour s\u00e9parer un groupe d&rsquo;esp\u00e8ces de Lycaste pr\u00e9sentant un labelle frang\u00e9 caract\u00e9ristique. La plupart des esp\u00e8ces pr\u00e9sentent des fleurs, souvent grandes, de couleur verte ou proche du vert. Plusieurs ont des feuilles persistantes et elles r\u00e9clament g\u00e9n\u00e9ralement moins de chaleur que leurs proches cousines. Les conditions de culture sont [&hellip;]<\/p>\n","protected":false},"author":1,"featured_media":0,"parent":156,"menu_order":13,"comment_status":"closed","ping_status":"closed","template":"","meta":{"ngg_post_thumbnail":0,"footnotes":""},"_links":{"self":[{"href":"https:\/\/cawoliege.be\/index.php\/wp-json\/wp\/v2\/pages\/219"}],"collection":[{"href":"https:\/\/cawoliege.be\/index.php\/wp-json\/wp\/v2\/pages"}],"about":[{"href":"https:\/\/cawoliege.be\/index.php\/wp-json\/wp\/v2\/types\/page"}],"author":[{"embeddable":true,"href":"https:\/\/cawoliege.be\/index.php\/wp-json\/wp\/v2\/users\/1"}],"replies":[{"embeddable":true,"href":"https:\/\/cawoliege.be\/index.php\/wp-json\/wp\/v2\/comments?post=219"}],"version-history":[{"count":1,"href":"https:\/\/cawoliege.be\/index.php\/wp-json\/wp\/v2\/pages\/219\/revisions"}],"predecessor-version":[{"id":223,"href":"https:\/\/cawoliege.be\/index.php\/wp-json\/wp\/v2\/pages\/219\/revisions\/223"}],"up":[{"embeddable":true,"href":"https:\/\/cawoliege.be\/index.php\/wp-json\/wp\/v2\/pages\/156"}],"wp:attachment":[{"href":"https:\/\/cawoliege.be\/index.php\/wp-json\/wp\/v2\/media?parent=219"}],"curies":[{"name":"wp","href":"https:\/\/api.w.org\/{rel}","templated":true}]}}