{"id":214,"date":"2019-05-12T08:37:09","date_gmt":"2019-05-12T06:37:09","guid":{"rendered":"http:\/\/cawoliege.be\/?page_id=214"},"modified":"2019-05-12T08:37:09","modified_gmt":"2019-05-12T06:37:09","slug":"gastrorchis","status":"publish","type":"page","link":"https:\/\/cawoliege.be\/index.php\/orchidees-plus-rares\/gastrorchis\/","title":{"rendered":"Gastrorchis"},"content":{"rendered":"\n<div class=\"wp-block-image\"><figure class=\"aligncenter\"><img loading=\"lazy\" decoding=\"async\" width=\"160\" height=\"217\" src=\"http:\/\/cawoliege.be\/wp-content\/uploads\/2019\/05\/Gastrorchis.gif\" alt=\"\" class=\"wp-image-217\"\/><\/figure><\/div>\n\n\n\n<p><strong>L<\/strong>es <em>Gastrorchis<\/em> sont parfois rattach\u00e9s aux <em>Phaius<\/em>, mais ils concernent des esp\u00e8ces \u00e0 majorit\u00e9 africaines et\/ou malgaches. Ils\n sont forts proches : m\u00eame v\u00e9g\u00e9tation, m\u00eames habitats, m\u00eames exigences, \u2026\n et on peut m\u00eame les hybrider (l&rsquo;hybride prend alors le nom de <em>Phaius<\/em>, car les hybrideurs ont conserv\u00e9 le nom de <em>Phaius<\/em> pour les hybridation des <em>Gastrorchis<\/em> !). <\/p>\n\n\n\n<p>N\u00e9anmoins, la plupart des auteurs estiment que ce sont des genres diff\u00e9rents ! Les fleurs ont souvent des teintes roses.<\/p>\n","protected":false},"excerpt":{"rendered":"<p>Les Gastrorchis sont parfois rattach\u00e9s aux Phaius, mais ils concernent des esp\u00e8ces \u00e0 majorit\u00e9 africaines et\/ou malgaches. Ils sont forts proches : m\u00eame v\u00e9g\u00e9tation, m\u00eames habitats, m\u00eames exigences, \u2026 et on peut m\u00eame les hybrider (l&rsquo;hybride prend alors le nom de Phaius, car les hybrideurs ont conserv\u00e9 le nom de Phaius pour les hybridation des [&hellip;]<\/p>\n","protected":false},"author":1,"featured_media":0,"parent":156,"menu_order":12,"comment_status":"closed","ping_status":"closed","template":"","meta":{"ngg_post_thumbnail":0,"footnotes":""},"_links":{"self":[{"href":"https:\/\/cawoliege.be\/index.php\/wp-json\/wp\/v2\/pages\/214"}],"collection":[{"href":"https:\/\/cawoliege.be\/index.php\/wp-json\/wp\/v2\/pages"}],"about":[{"href":"https:\/\/cawoliege.be\/index.php\/wp-json\/wp\/v2\/types\/page"}],"author":[{"embeddable":true,"href":"https:\/\/cawoliege.be\/index.php\/wp-json\/wp\/v2\/users\/1"}],"replies":[{"embeddable":true,"href":"https:\/\/cawoliege.be\/index.php\/wp-json\/wp\/v2\/comments?post=214"}],"version-history":[{"count":1,"href":"https:\/\/cawoliege.be\/index.php\/wp-json\/wp\/v2\/pages\/214\/revisions"}],"predecessor-version":[{"id":218,"href":"https:\/\/cawoliege.be\/index.php\/wp-json\/wp\/v2\/pages\/214\/revisions\/218"}],"up":[{"embeddable":true,"href":"https:\/\/cawoliege.be\/index.php\/wp-json\/wp\/v2\/pages\/156"}],"wp:attachment":[{"href":"https:\/\/cawoliege.be\/index.php\/wp-json\/wp\/v2\/media?parent=214"}],"curies":[{"name":"wp","href":"https:\/\/api.w.org\/{rel}","templated":true}]}}