{"id":2106,"date":"2024-05-09T10:58:14","date_gmt":"2024-05-09T08:58:14","guid":{"rendered":"https:\/\/cawoliege.be\/?page_id=2106"},"modified":"2024-05-09T11:01:36","modified_gmt":"2024-05-09T09:01:36","slug":"qui-sommes-nous-2","status":"publish","type":"page","link":"https:\/\/cawoliege.be\/index.php\/qui-sommes-nous-2\/","title":{"rendered":"Qui sommes-nous ?"},"content":{"rendered":"\n<p><strong>L<\/strong>e <strong>C<\/strong>lub des <strong>A<\/strong>mateurs <strong>W<\/strong>allons d\u2019<strong>O<\/strong>rchid\u00e9es est une association n\u00e9e en janvier 1999. Pourquoi ce vocable de \u00ab&nbsp;wallon&nbsp;\u00bb ? Tout simplement parce que, m\u00eame s\u2019il est bas\u00e9 \u00e0 Li\u00e8ge (Angleur), ce club se veut avant tout wallon au sens large, signe d\u2019ouverture \u00e0 toutes les r\u00e9gions francophones du pays et, <em>a fortiori<\/em>, \u00e0 tous les clubs qui s\u2019y trouvent. En effet, il ne sert \u00e0 rien de rester cloisonn\u00e9 dans son petit coin. Seule l\u2019ouverture permettra, non seulement des \u00e9changes, mais \u00e9galement une meilleure connaissance des orchid\u00e9es. Nous invitons d\u2019ailleurs nos membres \u00e0 participer le plus possible aux activit\u00e9s organis\u00e9es par d\u2019autres clubs. De m\u00eame, nous favorisons \u00e9galement au maximum les contacts avec les associations flamandes, m\u00eame si la barri\u00e8re de la langue pose parfois probl\u00e8me, mais comme les noms d\u2019orchid\u00e9es sont en latin\u2026\u2026 ! Enfin, nous avons aussi des contacts r\u00e9guliers avec des associations fran\u00e7aises, n\u00e9erlandaises, allemandes, \u2026<br>L\u2019embl\u00e8me du CAWO est le <em>Bulbophyllum lobbii<\/em>. Pourquoi ? Parce que nous voulions quelque chose de diff\u00e9rent, et puis parce que \u00e7a nous plaisait !<\/p>\n\n\n\n<figure class=\"wp-block-image aligncenter size-full\"><img loading=\"lazy\" decoding=\"async\" width=\"900\" height=\"602\" src=\"https:\/\/cawoliege.be\/wp-content\/uploads\/2019\/05\/peralta.jpg\" alt=\"\" class=\"wp-image-357\" srcset=\"https:\/\/cawoliege.be\/wp-content\/uploads\/2019\/05\/peralta.jpg 900w, https:\/\/cawoliege.be\/wp-content\/uploads\/2019\/05\/peralta-300x201.jpg 300w, https:\/\/cawoliege.be\/wp-content\/uploads\/2019\/05\/peralta-768x514.jpg 768w\" sizes=\"(max-width: 900px) 100vw, 900px\" \/><\/figure>\n\n\n\n<h5 class=\"wp-block-heading has-text-align-center\">Le Ch\u00e2teau de Peralta (lieu de nos r\u00e9unions)<\/h5>\n","protected":false},"excerpt":{"rendered":"<p>Le Club des Amateurs Wallons d\u2019Orchid\u00e9es est une association n\u00e9e en janvier 1999. Pourquoi ce vocable de \u00ab&nbsp;wallon&nbsp;\u00bb ? Tout simplement parce que, m\u00eame s\u2019il est bas\u00e9 \u00e0 Li\u00e8ge (Angleur), ce club se veut avant tout wallon au sens large, signe d\u2019ouverture \u00e0 toutes les r\u00e9gions francophones du pays et, a fortiori, \u00e0 tous les [&hellip;]<\/p>\n","protected":false},"author":1,"featured_media":0,"parent":0,"menu_order":0,"comment_status":"closed","ping_status":"closed","template":"","meta":{"ngg_post_thumbnail":0,"footnotes":""},"_links":{"self":[{"href":"https:\/\/cawoliege.be\/index.php\/wp-json\/wp\/v2\/pages\/2106"}],"collection":[{"href":"https:\/\/cawoliege.be\/index.php\/wp-json\/wp\/v2\/pages"}],"about":[{"href":"https:\/\/cawoliege.be\/index.php\/wp-json\/wp\/v2\/types\/page"}],"author":[{"embeddable":true,"href":"https:\/\/cawoliege.be\/index.php\/wp-json\/wp\/v2\/users\/1"}],"replies":[{"embeddable":true,"href":"https:\/\/cawoliege.be\/index.php\/wp-json\/wp\/v2\/comments?post=2106"}],"version-history":[{"count":2,"href":"https:\/\/cawoliege.be\/index.php\/wp-json\/wp\/v2\/pages\/2106\/revisions"}],"predecessor-version":[{"id":2109,"href":"https:\/\/cawoliege.be\/index.php\/wp-json\/wp\/v2\/pages\/2106\/revisions\/2109"}],"wp:attachment":[{"href":"https:\/\/cawoliege.be\/index.php\/wp-json\/wp\/v2\/media?parent=2106"}],"curies":[{"name":"wp","href":"https:\/\/api.w.org\/{rel}","templated":true}]}}