{"id":209,"date":"2019-05-12T08:34:54","date_gmt":"2019-05-12T06:34:54","guid":{"rendered":"http:\/\/cawoliege.be\/?page_id=209"},"modified":"2019-05-12T08:34:54","modified_gmt":"2019-05-12T06:34:54","slug":"epidendrum","status":"publish","type":"page","link":"https:\/\/cawoliege.be\/index.php\/orchidees-plus-rares\/epidendrum\/","title":{"rendered":"Epidendrum"},"content":{"rendered":"\n<div class=\"wp-block-image\"><figure class=\"aligncenter\"><img loading=\"lazy\" decoding=\"async\" width=\"160\" height=\"224\" src=\"http:\/\/cawoliege.be\/wp-content\/uploads\/2019\/05\/Epidendrum.gif\" alt=\"\" class=\"wp-image-212\"\/><\/figure><\/div>\n\n\n\n<p><strong>O<\/strong>utre les genres \u00e9nonc\u00e9s au chapitre\n pr\u00e9c\u00e9dent, il existe une quantit\u00e9 invraisemblable d&rsquo;autres genres, dont\n beaucoup ont une importance horticole non n\u00e9gligeable et qui nous \nint\u00e9resse \u00e9galement. D&rsquo;ailleurs, la culture de la majorit\u00e9 \nde ces genres n&rsquo;est pas insurmontable, ni ne demande (pour la plupart) \naucune installation particuli\u00e8re.<br>\nVoici donc quelques genres int\u00e9ressants \u00e9galement.<br>\n&nbsp;<strong>L<\/strong>es <em>Epidendrum<\/em> et les voisins <em>Encyclia<\/em>, <em>Nanodes<\/em>, <em>Prosthechea<\/em>, <em>Elleanthus<\/em>, <em>Sobralia<\/em>, <em>Schomburgkia<\/em>, etc., constituent un vaste groupe, tr\u00e8s proche par ailleurs des <em>Cattleya<\/em>, avec lesquels ils sont quelquefois hybrid\u00e9s. Tous ces genres sont originaires d&rsquo;Am\u00e9rique, de la Floride au nord du Chili et de l&rsquo;Argentine.<\/p>\n\n\n\n<p><strong>L<\/strong>es <em>Epidendrum<\/em> peuvent \u00eatre divis\u00e9s en deux cat\u00e9gories : \u00e0 tiges de roseau et les nains rampants.<br>\nLa plus connue des esp\u00e8ces \u00e0 tiges de roseau est <em>Epi. radicans<\/em> et son groupe d&rsquo;esp\u00e8ces proches. C&rsquo;est souvent une plante propos\u00e9e aux bourses d&rsquo;\u00e9change. Terrestre, volontaire, poussant m\u00eame en plein soleil, c&rsquo;est l&rsquo;arch\u00e9type de l&rsquo;esp\u00e8ce du d\u00e9butant. Son seul probl\u00e8me est le grand d\u00e9veloppement que cette plante peut rapidement prendre. Ses\n fleurs aux tons rouge vif \u00e0 orange, en passant par le rose soutenu, \nsont produites au bout d&rsquo;une longue hampe apparaissant au bout de la \nnouvelle pousse, et s&rsquo;\u00e9panouissent successivement pendant plusieurs \nsemaines ou plusieurs mois. Cette plante (et les apparent\u00e9es) ont l&rsquo;habitude de produire des keikis, d&rsquo;o\u00f9 sa fr\u00e9quente pr\u00e9sence aux bourses aux plantes ! Esp\u00e8ces apparent\u00e9es : <em>Epi. hirsutum<\/em> (<em>Epi.<\/em> &lsquo;Ballerina&rsquo; !), <em>Epi. calanthum<\/em>, <em>Epi. pseudepidendrum<\/em>, <em>Epi. ilense<\/em>, \u2026 La couleur des fleurs varie \u00e9norm\u00e9ment, ainsi que leur taille.<\/p>\n\n\n\n<p> La plus connue des esp\u00e8ces naines rampantes est <em>Epi. porpax<\/em> (syn. <em>Nanodes porpax<\/em>). Moins ais\u00e9e que la pr\u00e9c\u00e9dente, elle est cependant aussi volontaire et se r\u00e9pand rapidement \u00e0 la surface de son support. D&rsquo;autres esp\u00e8ces de ce groupe, moins naines, sont assez faciles \u00e0 cultiver, comme <em>Epi. diffusum<\/em>, <em>Epi. difforme<\/em>, <em>Epi. geminiflorum<\/em>, \u2026 Les fleurs apparaissent solitaires ou par petites grappes, au bout de la nouvelle pousse. Elles sont \u00b1 durables en fonction des esp\u00e8ces. La couleur des fleurs varie \u00e9norm\u00e9ment, ainsi que leur taille.<\/p>\n\n\n\n<p> D&rsquo;autres esp\u00e8ces, inclassables dans ces deux cat\u00e9gories ont un port retombant (<em>Epi. nocturnum<\/em> par ex.) ou pr\u00e9sentent des pseudobulbes comme ceux des <em>Cattleya<\/em> (<em>Epi. ciliare<\/em> par ex.).<br> Les <em>Epidendrum<\/em> ont donn\u00e9 naissance \u00e0 une grande quantit\u00e9 d&rsquo;hybrides, surtout avec les <em>Cattleya<\/em> et les <em>Laelia<\/em>.<br> Quelle que soit l&rsquo;esp\u00e8ce, la plupart demande une forte lumi\u00e8re, parfois  le plein soleil, et beaucoup s&rsquo;adaptent \u00e0 une grande palette de  temp\u00e9ratures (m\u00eame si aucune ne supporte le gel). Tout comme les <em>Cattleya<\/em>, les <em>Epidendrum<\/em> demandent beaucoup d&rsquo;eau en croissance. Notez \u00e9galement que certaines esp\u00e8ces n&rsquo;ont pas de p\u00e9riode de repos !!! La majorit\u00e9 des esp\u00e8ces est \u00e9piphyte, mais il y a une bonne proportion de terrestres et de lithophytes aussi ! D\u00e8s lors, il faudra bien se renseigner sur l&rsquo;origine et les conditions de culture exactes avant d&rsquo;acqu\u00e9rir un <em>Epidendrum<\/em>. Les rempotages sont g\u00e9n\u00e9ralement bien support\u00e9s, et la s\u00e9paration des keikis permet de multiplier sa collection \u00e0 bon compte. L&rsquo;estivage, au soleil ou \u00e0 la mi-ombre, en fonction de l&rsquo;esp\u00e8ce, leur est b\u00e9n\u00e9fique.<\/p>\n","protected":false},"excerpt":{"rendered":"<p>Outre les genres \u00e9nonc\u00e9s au chapitre pr\u00e9c\u00e9dent, il existe une quantit\u00e9 invraisemblable d&rsquo;autres genres, dont beaucoup ont une importance horticole non n\u00e9gligeable et qui nous int\u00e9resse \u00e9galement. D&rsquo;ailleurs, la culture de la majorit\u00e9 de ces genres n&rsquo;est pas insurmontable, ni ne demande (pour la plupart) aucune installation particuli\u00e8re. Voici donc quelques genres int\u00e9ressants \u00e9galement. &nbsp;Les [&hellip;]<\/p>\n","protected":false},"author":1,"featured_media":0,"parent":156,"menu_order":11,"comment_status":"closed","ping_status":"closed","template":"","meta":{"ngg_post_thumbnail":0,"footnotes":""},"_links":{"self":[{"href":"https:\/\/cawoliege.be\/index.php\/wp-json\/wp\/v2\/pages\/209"}],"collection":[{"href":"https:\/\/cawoliege.be\/index.php\/wp-json\/wp\/v2\/pages"}],"about":[{"href":"https:\/\/cawoliege.be\/index.php\/wp-json\/wp\/v2\/types\/page"}],"author":[{"embeddable":true,"href":"https:\/\/cawoliege.be\/index.php\/wp-json\/wp\/v2\/users\/1"}],"replies":[{"embeddable":true,"href":"https:\/\/cawoliege.be\/index.php\/wp-json\/wp\/v2\/comments?post=209"}],"version-history":[{"count":1,"href":"https:\/\/cawoliege.be\/index.php\/wp-json\/wp\/v2\/pages\/209\/revisions"}],"predecessor-version":[{"id":213,"href":"https:\/\/cawoliege.be\/index.php\/wp-json\/wp\/v2\/pages\/209\/revisions\/213"}],"up":[{"embeddable":true,"href":"https:\/\/cawoliege.be\/index.php\/wp-json\/wp\/v2\/pages\/156"}],"wp:attachment":[{"href":"https:\/\/cawoliege.be\/index.php\/wp-json\/wp\/v2\/media?parent=209"}],"curies":[{"name":"wp","href":"https:\/\/api.w.org\/{rel}","templated":true}]}}