{"id":206,"date":"2019-05-12T07:53:50","date_gmt":"2019-05-12T05:53:50","guid":{"rendered":"http:\/\/cawoliege.be\/?page_id=206"},"modified":"2019-05-12T07:53:50","modified_gmt":"2019-05-12T05:53:50","slug":"encyclia","status":"publish","type":"page","link":"https:\/\/cawoliege.be\/index.php\/orchidees-plus-rares\/encyclia\/","title":{"rendered":"Encyclia"},"content":{"rendered":"\n<div class=\"wp-block-image\"><figure class=\"aligncenter\"><img loading=\"lazy\" decoding=\"async\" width=\"160\" height=\"235\" src=\"http:\/\/cawoliege.be\/wp-content\/uploads\/2019\/05\/Encyclia.gif\" alt=\"\" class=\"wp-image-207\"\/><\/figure><\/div>\n\n\n\n<p><strong>L<\/strong>es <em>Encyclia<\/em> ont \u00e9t\u00e9 s\u00e9par\u00e9s des <em>Epidendrum<\/em> en raison de leurs gros pseudobulbes, souvent ovo\u00efdes. Plusieurs esp\u00e8ces sont bien connues des amateurs, dont <em>Enc. cochleata<\/em>, <em>Enc. cordigera<\/em> (syn. <em>Enc. atropurpurea<\/em>), <em>Enc. alata<\/em>, <em>Enc. phoeniceum<\/em>, <em>Enc. vitellina<\/em>, <em>Enc. garciana<\/em>, <em>Enc. mariae<\/em>, <em>Enc. citrina<\/em>, etc. La\n plupart sont faciles \u00e0 cultiver et les deux premi\u00e8res de la liste sont \nconsid\u00e9r\u00e9es comme des orchid\u00e9es du d\u00e9butant et les deux derni\u00e8res \npoussent la t\u00eate en bas. Ce genre a \u00e9t\u00e9 largement hybrid\u00e9 avec les autres du groupe.<\/p>\n\n\n\n<p> Poussant dans une large gamme de temp\u00e9ratures, les <em>Encyclia<\/em> r\u00e9clament \u00e9galement beaucoup de lumi\u00e8re, et le soleil ne fait pas peur \u00e0 beaucoup d&rsquo;esp\u00e8ces. Les besoins hydriques (= arrosages) sont identiques \u00e0 ceux des <em>Epidendrum<\/em> et des <em>Cattleya<\/em> : beaucoup d&rsquo;eau en croissance. Plusieurs esp\u00e8ces n\u00e9cessitent une p\u00e9riode de repos, parfois absolu m\u00eame, de quelques jours \u00e0 plusieurs semaines. Ici aussi, il faudra bien se renseigner sur les conditions de culture exactes pour chaque esp\u00e8ce. Plusieurs esp\u00e8ces sont agr\u00e9ablement parfum\u00e9es. La plupart sont \u00e9piphytes, mais on conna\u00eet un certain nombre de terrestres et\/ou de lithophytes. La couleur des fleurs couvre pratiquement tout le spectre visible, hormis peut-\u00eatre le bleu et ses variations. La taille des fleurs est \u00e9galement assez variable, mais en moyenne 4 \u00e0 6 cm de diam\u00e8tre. <\/p>\n\n\n\n<p>Le rempotage ne pose pas de probl\u00e8mes \u00e0 ces esp\u00e8ces faciles. Ces esp\u00e8ces appr\u00e9cient grandement un s\u00e9jour \u00e0 l&rsquo;ext\u00e9rieur \u00e0 la bonne saison.<br>\nEnfin, sachez que, depuis quelques ann\u00e9es, la plupart des <em>Encyclia<\/em> ont \u00e9t\u00e9 transf\u00e9r\u00e9s dans le genre <em>Prosthechea<\/em>. Mais les catalogues renseignent encore souvent leur ancien nom.<\/p>\n","protected":false},"excerpt":{"rendered":"<p>Les Encyclia ont \u00e9t\u00e9 s\u00e9par\u00e9s des Epidendrum en raison de leurs gros pseudobulbes, souvent ovo\u00efdes. Plusieurs esp\u00e8ces sont bien connues des amateurs, dont Enc. cochleata, Enc. cordigera (syn. Enc. atropurpurea), Enc. alata, Enc. phoeniceum, Enc. vitellina, Enc. garciana, Enc. mariae, Enc. citrina, etc. La plupart sont faciles \u00e0 cultiver et les deux premi\u00e8res de la [&hellip;]<\/p>\n","protected":false},"author":1,"featured_media":0,"parent":156,"menu_order":10,"comment_status":"closed","ping_status":"closed","template":"","meta":{"ngg_post_thumbnail":0,"footnotes":""},"_links":{"self":[{"href":"https:\/\/cawoliege.be\/index.php\/wp-json\/wp\/v2\/pages\/206"}],"collection":[{"href":"https:\/\/cawoliege.be\/index.php\/wp-json\/wp\/v2\/pages"}],"about":[{"href":"https:\/\/cawoliege.be\/index.php\/wp-json\/wp\/v2\/types\/page"}],"author":[{"embeddable":true,"href":"https:\/\/cawoliege.be\/index.php\/wp-json\/wp\/v2\/users\/1"}],"replies":[{"embeddable":true,"href":"https:\/\/cawoliege.be\/index.php\/wp-json\/wp\/v2\/comments?post=206"}],"version-history":[{"count":1,"href":"https:\/\/cawoliege.be\/index.php\/wp-json\/wp\/v2\/pages\/206\/revisions"}],"predecessor-version":[{"id":208,"href":"https:\/\/cawoliege.be\/index.php\/wp-json\/wp\/v2\/pages\/206\/revisions\/208"}],"up":[{"embeddable":true,"href":"https:\/\/cawoliege.be\/index.php\/wp-json\/wp\/v2\/pages\/156"}],"wp:attachment":[{"href":"https:\/\/cawoliege.be\/index.php\/wp-json\/wp\/v2\/media?parent=206"}],"curies":[{"name":"wp","href":"https:\/\/api.w.org\/{rel}","templated":true}]}}