{"id":2056,"date":"2024-05-09T10:34:56","date_gmt":"2024-05-09T08:34:56","guid":{"rendered":"https:\/\/cawoliege.be\/?page_id=2056"},"modified":"2026-01-27T17:02:01","modified_gmt":"2026-01-27T16:02:01","slug":"gestion","status":"publish","type":"page","link":"https:\/\/cawoliege.be\/index.php\/gestion\/","title":{"rendered":"Gestion et Organisation"},"content":{"rendered":"\n<p><\/p>\n\n\n\n<ul>\n<li>Le Cawo est constitu\u00e9 en asbl inscrite au registre des personnes morales, qui fait partie de la Banque Carrefour des Entreprises (n\u00b0 d&rsquo;entreprise 0675.391.006) et g\u00e9r\u00e9e par un organe d&rsquo;administration.<\/li>\n\n\n\n<li><strong>L<\/strong>e CAWO s\u2019applique \u00e0 proposer au moins une activit\u00e9 par mois, hormis au mois de juillet, \u00e9poque de vacances pour tout le monde ! Sch\u00e9matiquement, l\u2019ann\u00e9e du CAWO se compose des activit\u00e9s suivantes : une assembl\u00e9e g\u00e9n\u00e9rale, une s\u00e9ance de rempotage, une visite d\u2019une r\u00e9serve naturelle, une bourse aux orchid\u00e9es, des conf\u00e9rences, et une conf\u00e9rence vente. Des activit\u00e9s festives sont mises sur pied pour faire plus ample connaissance dans une ambiance bien sympathique : ainsi sont organis\u00e9s un barbecue (ao\u00fbt) et un repas de fin d\u2019ann\u00e9e (novembre).<br><strong>L<\/strong>e CAWO organise \u00e9galement r\u00e9guli\u00e8rement une grande exposition internationale qui rassemble des professionnels et des clubs belges et \u00e9trangers. C\u2019est l\u2019occasion d\u2019une grande messe orchidophilique o\u00f9 chaque visiteur communie, communique et peut assouvir sa passion pour ses fleurs pr\u00e9f\u00e9r\u00e9es.<br><strong>E<\/strong>n ext\u00e9rieur, le CAWO visite fr\u00e9quemment des expositions en Belgique ou dans les pays voisins, se rend chez des producteurs belges ou \u00e9trangers et participe \u00e0 des expositions organis\u00e9es par d\u2019autres clubs, de nouveau en Belgique ou \u00e0 l\u2019\u00e9tranger. Ce sont en g\u00e9n\u00e9ral des excursions d\u2019un jour ou des voyages de 2\/3\/4 jours ou plus. Le CAWO visite aussi, dans la mesure de ses moyens, les E.O.C. (<em>European Orchids Congres<\/em>) et les W.O.C. (<em>World Orchids Conference<\/em>), organis\u00e9s chacun tous les trois ans dans des pays diff\u00e9rents.<\/li>\n<\/ul>\n","protected":false},"excerpt":{"rendered":"","protected":false},"author":1,"featured_media":0,"parent":0,"menu_order":0,"comment_status":"closed","ping_status":"closed","template":"","meta":{"ngg_post_thumbnail":0,"footnotes":""},"_links":{"self":[{"href":"https:\/\/cawoliege.be\/index.php\/wp-json\/wp\/v2\/pages\/2056"}],"collection":[{"href":"https:\/\/cawoliege.be\/index.php\/wp-json\/wp\/v2\/pages"}],"about":[{"href":"https:\/\/cawoliege.be\/index.php\/wp-json\/wp\/v2\/types\/page"}],"author":[{"embeddable":true,"href":"https:\/\/cawoliege.be\/index.php\/wp-json\/wp\/v2\/users\/1"}],"replies":[{"embeddable":true,"href":"https:\/\/cawoliege.be\/index.php\/wp-json\/wp\/v2\/comments?post=2056"}],"version-history":[{"count":6,"href":"https:\/\/cawoliege.be\/index.php\/wp-json\/wp\/v2\/pages\/2056\/revisions"}],"predecessor-version":[{"id":2586,"href":"https:\/\/cawoliege.be\/index.php\/wp-json\/wp\/v2\/pages\/2056\/revisions\/2586"}],"wp:attachment":[{"href":"https:\/\/cawoliege.be\/index.php\/wp-json\/wp\/v2\/media?parent=2056"}],"curies":[{"name":"wp","href":"https:\/\/api.w.org\/{rel}","templated":true}]}}