{"id":194,"date":"2019-05-12T07:49:06","date_gmt":"2019-05-12T05:49:06","guid":{"rendered":"http:\/\/cawoliege.be\/?page_id=194"},"modified":"2019-05-12T07:49:06","modified_gmt":"2019-05-12T05:49:06","slug":"dendrochilum","status":"publish","type":"page","link":"https:\/\/cawoliege.be\/index.php\/orchidees-plus-rares\/dendrochilum\/","title":{"rendered":"Dendrochilum"},"content":{"rendered":"\n<div class=\"wp-block-image\"><figure class=\"aligncenter\"><img loading=\"lazy\" decoding=\"async\" width=\"220\" height=\"158\" src=\"http:\/\/cawoliege.be\/wp-content\/uploads\/2019\/05\/Dendrochilum.gif\" alt=\"\" class=\"wp-image-197\"\/><\/figure><\/div>\n\n\n\n<p><em><strong>D<\/strong>endrochilum<\/em> est un genre injustement m\u00e9connu. Les petits pseudobulbes sont souvent cach\u00e9s par les nombreuses feuilles et ils poussent serr\u00e9s les uns contre les autres. Les\n hampes florales apparaissent au c\u0153ur de la nouvelle pousse et portent \nune grande quantit\u00e9 de petites fleurs souvent blanches ou cr\u00e8mes, mais \naussi rouge vif, jaune, \u2026. Les fleurs sont tr\u00e8s serr\u00e9es et les Anglo-saxons les appellent \u00ab\u00a0orchid\u00e9e-cha\u00eene\u00a0\u00bb ! <\/p>\n\n\n\n<p> La plupart sont \u00e9piphytes et poussent dans une ambiance temp\u00e9r\u00e9e,  quelques-unes ont besoin de plus de fra\u00eecheur et d&rsquo;autres de chaleur ! <\/p>\n\n\n\n<p>La culture de ces orchid\u00e9es ne pr\u00e9sente pas de difficult\u00e9s majeures, \npour autant qu&rsquo;on leur accorde une p\u00e9riode de repos de quelques jours \u00e0 \nquelques semaines, apr\u00e8s la maturation des pseudobulbes. Sinon, de l&rsquo;eau en continu en croissance et une lumi\u00e8re tamis\u00e9e font l&rsquo;affaire. Le rempotage ne pose pas de probl\u00e8me particulier.<\/p>\n","protected":false},"excerpt":{"rendered":"<p>Dendrochilum est un genre injustement m\u00e9connu. Les petits pseudobulbes sont souvent cach\u00e9s par les nombreuses feuilles et ils poussent serr\u00e9s les uns contre les autres. Les hampes florales apparaissent au c\u0153ur de la nouvelle pousse et portent une grande quantit\u00e9 de petites fleurs souvent blanches ou cr\u00e8mes, mais aussi rouge vif, jaune, \u2026. Les fleurs [&hellip;]<\/p>\n","protected":false},"author":1,"featured_media":0,"parent":156,"menu_order":8,"comment_status":"closed","ping_status":"closed","template":"","meta":{"ngg_post_thumbnail":0,"footnotes":""},"_links":{"self":[{"href":"https:\/\/cawoliege.be\/index.php\/wp-json\/wp\/v2\/pages\/194"}],"collection":[{"href":"https:\/\/cawoliege.be\/index.php\/wp-json\/wp\/v2\/pages"}],"about":[{"href":"https:\/\/cawoliege.be\/index.php\/wp-json\/wp\/v2\/types\/page"}],"author":[{"embeddable":true,"href":"https:\/\/cawoliege.be\/index.php\/wp-json\/wp\/v2\/users\/1"}],"replies":[{"embeddable":true,"href":"https:\/\/cawoliege.be\/index.php\/wp-json\/wp\/v2\/comments?post=194"}],"version-history":[{"count":1,"href":"https:\/\/cawoliege.be\/index.php\/wp-json\/wp\/v2\/pages\/194\/revisions"}],"predecessor-version":[{"id":198,"href":"https:\/\/cawoliege.be\/index.php\/wp-json\/wp\/v2\/pages\/194\/revisions\/198"}],"up":[{"embeddable":true,"href":"https:\/\/cawoliege.be\/index.php\/wp-json\/wp\/v2\/pages\/156"}],"wp:attachment":[{"href":"https:\/\/cawoliege.be\/index.php\/wp-json\/wp\/v2\/media?parent=194"}],"curies":[{"name":"wp","href":"https:\/\/api.w.org\/{rel}","templated":true}]}}