{"id":189,"date":"2019-05-12T07:46:28","date_gmt":"2019-05-12T05:46:28","guid":{"rendered":"http:\/\/cawoliege.be\/?page_id=189"},"modified":"2019-05-12T07:46:28","modified_gmt":"2019-05-12T05:46:28","slug":"cycnoches","status":"publish","type":"page","link":"https:\/\/cawoliege.be\/index.php\/orchidees-plus-rares\/cycnoches\/","title":{"rendered":"Cycnoches"},"content":{"rendered":"\n<div class=\"wp-block-image\"><figure class=\"aligncenter\"><img loading=\"lazy\" decoding=\"async\" width=\"210\" height=\"145\" src=\"http:\/\/cawoliege.be\/wp-content\/uploads\/2019\/05\/Cycnoche.gif\" alt=\"\" class=\"wp-image-192\"\/><\/figure><\/div>\n\n\n\n<p><strong>L<\/strong>es <em>Cycnoches<\/em> sont assez proches des <em>Catasetum<\/em>, avec lesquels ils partagent de nombreuses similitudes. Ils sont originaires des for\u00eats humides d&rsquo;Am\u00e9rique du Sud o\u00f9 ils poussent du niveau de la mer jusqu&rsquo;\u00e0 pr\u00e8s de 1.000 m. Ce sont des \u00e9piphytes ou des terrestres, on les trouve aussi sur les vieux arbres ou des troncs en d\u00e9composition. Plusieurs ont de grandes fleurs, le plus souvent agr\u00e9ablement parfum\u00e9es, un parfum parfois \u00e9coeurant m\u00eame ! <\/p>\n\n\n\n<p> Les fleurs m\u00e2les et les fleurs femelles sont diff\u00e9rentes et g\u00e9n\u00e9ralement port\u00e9es par des hampes diff\u00e9rentes. Si  il y a des fleurs m\u00e2les et des fleurs femelles sur une m\u00eame hampe, il  n&rsquo;y a en aucun cas de fleur hermaphrodite (= portant les deux sexes). On distingue les fleurs m\u00e2les par leur colonne nettement plus grande que celle des fleurs femelle. Les  hampes florales se d\u00e9veloppent \u00e0 l&rsquo;extr\u00e9mit\u00e9 sup\u00e9rieure du gros  pseudobulbe, parmi les fines feuilles, aux nervures bien visibles. Les fleurs sont un peu plus \u00ab\u00a0classiques\u00a0\u00bb que celles des <em>Catasetum<\/em>  mais, ici aussi, il a fallu du temps pour se rendre compte qu&rsquo;il  pouvait y avoir des fleurs m\u00e2les et des fleurs femelles diff\u00e9rentes,  d&rsquo;o\u00f9 des noms quelquefois farfelus qu&rsquo;on trouve encore de temps en temps  dans les catalogues\u2026<\/p>\n\n\n\n<p> Beaucoup d&rsquo;eau, une ambiance temp\u00e9r\u00e9e chaude \u00e0 mi-ombre et des engrais  r\u00e9guliers et \u00e0 dose prescrite par le fabricant en croissance, sont le  secret de sa r\u00e9ussite. En hiver, lorsque les feuilles sont  tomb\u00e9es, certains les d\u00e9potent, coupent les racines et le pseudobulbe de  deux ans et ne conservent que le dernier dans un endroit sec et frais  jusqu&rsquo;au red\u00e9marrage de la nouvelle pousse. Il faudra attendre le d\u00e9veloppement de nouvelles racines avant de reprendre les arrosages normaux.<\/p>\n","protected":false},"excerpt":{"rendered":"<p>Les Cycnoches sont assez proches des Catasetum, avec lesquels ils partagent de nombreuses similitudes. Ils sont originaires des for\u00eats humides d&rsquo;Am\u00e9rique du Sud o\u00f9 ils poussent du niveau de la mer jusqu&rsquo;\u00e0 pr\u00e8s de 1.000 m. Ce sont des \u00e9piphytes ou des terrestres, on les trouve aussi sur les vieux arbres ou des troncs en [&hellip;]<\/p>\n","protected":false},"author":1,"featured_media":0,"parent":156,"menu_order":7,"comment_status":"closed","ping_status":"closed","template":"","meta":{"ngg_post_thumbnail":0,"footnotes":""},"_links":{"self":[{"href":"https:\/\/cawoliege.be\/index.php\/wp-json\/wp\/v2\/pages\/189"}],"collection":[{"href":"https:\/\/cawoliege.be\/index.php\/wp-json\/wp\/v2\/pages"}],"about":[{"href":"https:\/\/cawoliege.be\/index.php\/wp-json\/wp\/v2\/types\/page"}],"author":[{"embeddable":true,"href":"https:\/\/cawoliege.be\/index.php\/wp-json\/wp\/v2\/users\/1"}],"replies":[{"embeddable":true,"href":"https:\/\/cawoliege.be\/index.php\/wp-json\/wp\/v2\/comments?post=189"}],"version-history":[{"count":1,"href":"https:\/\/cawoliege.be\/index.php\/wp-json\/wp\/v2\/pages\/189\/revisions"}],"predecessor-version":[{"id":193,"href":"https:\/\/cawoliege.be\/index.php\/wp-json\/wp\/v2\/pages\/189\/revisions\/193"}],"up":[{"embeddable":true,"href":"https:\/\/cawoliege.be\/index.php\/wp-json\/wp\/v2\/pages\/156"}],"wp:attachment":[{"href":"https:\/\/cawoliege.be\/index.php\/wp-json\/wp\/v2\/media?parent=189"}],"curies":[{"name":"wp","href":"https:\/\/api.w.org\/{rel}","templated":true}]}}