{"id":184,"date":"2019-05-12T07:43:45","date_gmt":"2019-05-12T05:43:45","guid":{"rendered":"http:\/\/cawoliege.be\/?page_id=184"},"modified":"2019-05-12T07:43:45","modified_gmt":"2019-05-12T05:43:45","slug":"coelogyne","status":"publish","type":"page","link":"https:\/\/cawoliege.be\/index.php\/orchidees-plus-rares\/coelogyne\/","title":{"rendered":"Coelogyne"},"content":{"rendered":"\n<div class=\"wp-block-image\"><figure class=\"aligncenter\"><img loading=\"lazy\" decoding=\"async\" width=\"160\" height=\"226\" src=\"http:\/\/cawoliege.be\/wp-content\/uploads\/2019\/05\/Coelogyne.gif\" alt=\"\" class=\"wp-image-187\"\/><\/figure><\/div>\n\n\n\n<p><strong>L<\/strong>e groupe des <em>Coelogyne<\/em> comprend \u00e9galement les <em>Dendrochilum<\/em> et les <em>Pleione<\/em>, entre autres. Tous ces genres proviennent de l&rsquo;Asie du Sud-Est. Ce sont, pour la plupart, des \u00e9piphytes, avec une diff\u00e9rence notable chez les <em>Pleione<\/em>, majoritairement terrestres. Toutes les esp\u00e8ces pr\u00e9sentent des pseudobulbes.<br>\n&nbsp;<strong>L<\/strong>es <em>Coelogyne<\/em> constituent un grand groupe divis\u00e9 en plusieurs sections, et comprenant des dizaines d&rsquo;esp\u00e8ces. Elles poussent des contreforts froids de l&rsquo;Himalaya jusqu&rsquo;aux r\u00e9gions c\u00f4ti\u00e8res tropicales de l&rsquo;Asie et de l&rsquo;Indon\u00e9sie. On\n retrouvera donc des types de culture diff\u00e9rents en fonction de \nl&rsquo;esp\u00e8ce, il est tr\u00e8s important, par cons\u00e9quent, de se renseigner \nconvenablement sur chaque esp\u00e8ce avant de l&rsquo;acqu\u00e9rir.<\/p>\n\n\n\n<p> La plupart d\u00e9veloppent leur hampe florale en m\u00eame temps que la nouvelle  pousse, mais certaines esp\u00e8ces attendent d&rsquo;avoir matur\u00e9 leurs  pseudobulbes pour \u00e9mettre cette hampe. Les pseudobulbes sont g\u00e9n\u00e9ralement serr\u00e9s les uns contre les autres. Quelques  esp\u00e8ces pr\u00e9sentent toutefois un entre-n\u0153ud assez important, n\u00e9cessitant  un rempotage r\u00e9gulier (la plante ayant rapidement tendance \u00e0 sortir de  son pot) ou une culture sur un grand support.<\/p>\n\n\n\n<p> Les fleurs ont une dominante blanc ou cr\u00e8me, parfois beige, quelquefois jaune ou brun, ou vert et noir. Les fleurs sont produites en nombre \u00b1 important et leur taille peut atteindre 6 \u00e0 8 cm de diam\u00e8tre. Les plantes sont tr\u00e8s florif\u00e8res et une <em>Coelogyne<\/em> en fleurs est toujours un spectacle remarquable. Le probl\u00e8me est d&rsquo;arriver \u00e0 la floraison. Chaque  esp\u00e8ce a des exigences particuli\u00e8res et il est bon de se renseigner sur  Internet ou dans la litt\u00e9rature pour trouver les bonnes conditions de  culture.  La plus connue et la plus r\u00e9pandue dans les collections est <em>Coel. cristata<\/em>, certains la r\u00e9ussissent sans probl\u00e8me alors que d&rsquo;autres n&rsquo;arrivent pas \u00e0 la faire fleurir !  C&rsquo;est une esp\u00e8ce dite froide, parce qu&rsquo;elle pousse dans des r\u00e9gions o\u00f9 il n&rsquo;est pas rare de la voir fleurir sous la neige ! Elle a donc besoin d&rsquo;une p\u00e9riode de repos total, \u00e0 la lumi\u00e8re et au froid. A l&rsquo;oppos\u00e9, <em>Coel. pandurata<\/em>, avec ses grandes fleurs vert et noir, demande des conditions nettement plus chaudes et pas de p\u00e9riode de repos. <\/p>\n\n\n\n<p> Certaines esp\u00e8ces sont parfum\u00e9es, les unes d\u00e9licatement, les autres\u2026 non ! Les <em>Coelogyne<\/em> ont besoin de beaucoup d&rsquo;eau en croissance. La p\u00e9riode de repos d\u00e9pendra de l&rsquo;origine de l&rsquo;esp\u00e8ce.  La plupart sont \u00e9piphytes, mais il y a aussi quelques terrestres et\/ou lithophytes. Les <em>Coelogyne<\/em> n&rsquo;appr\u00e9cient gu\u00e8re les rempotages, mais il est parfois impossible de faire autrement ! Les <em>Coelogyne<\/em> temp\u00e9r\u00e9es froides et temp\u00e9r\u00e9es chaudes appr\u00e9cient un estivage \u00e0 la mi-ombre et \u00e0 la pluie !<\/p>\n","protected":false},"excerpt":{"rendered":"<p>Le groupe des Coelogyne comprend \u00e9galement les Dendrochilum et les Pleione, entre autres. Tous ces genres proviennent de l&rsquo;Asie du Sud-Est. Ce sont, pour la plupart, des \u00e9piphytes, avec une diff\u00e9rence notable chez les Pleione, majoritairement terrestres. Toutes les esp\u00e8ces pr\u00e9sentent des pseudobulbes. &nbsp;Les Coelogyne constituent un grand groupe divis\u00e9 en plusieurs sections, et comprenant [&hellip;]<\/p>\n","protected":false},"author":1,"featured_media":0,"parent":156,"menu_order":6,"comment_status":"closed","ping_status":"closed","template":"","meta":{"ngg_post_thumbnail":0,"footnotes":""},"_links":{"self":[{"href":"https:\/\/cawoliege.be\/index.php\/wp-json\/wp\/v2\/pages\/184"}],"collection":[{"href":"https:\/\/cawoliege.be\/index.php\/wp-json\/wp\/v2\/pages"}],"about":[{"href":"https:\/\/cawoliege.be\/index.php\/wp-json\/wp\/v2\/types\/page"}],"author":[{"embeddable":true,"href":"https:\/\/cawoliege.be\/index.php\/wp-json\/wp\/v2\/users\/1"}],"replies":[{"embeddable":true,"href":"https:\/\/cawoliege.be\/index.php\/wp-json\/wp\/v2\/comments?post=184"}],"version-history":[{"count":1,"href":"https:\/\/cawoliege.be\/index.php\/wp-json\/wp\/v2\/pages\/184\/revisions"}],"predecessor-version":[{"id":188,"href":"https:\/\/cawoliege.be\/index.php\/wp-json\/wp\/v2\/pages\/184\/revisions\/188"}],"up":[{"embeddable":true,"href":"https:\/\/cawoliege.be\/index.php\/wp-json\/wp\/v2\/pages\/156"}],"wp:attachment":[{"href":"https:\/\/cawoliege.be\/index.php\/wp-json\/wp\/v2\/media?parent=184"}],"curies":[{"name":"wp","href":"https:\/\/api.w.org\/{rel}","templated":true}]}}