{"id":174,"date":"2019-05-12T07:38:47","date_gmt":"2019-05-12T05:38:47","guid":{"rendered":"http:\/\/cawoliege.be\/?page_id=174"},"modified":"2019-05-12T07:38:47","modified_gmt":"2019-05-12T05:38:47","slug":"catasetum","status":"publish","type":"page","link":"https:\/\/cawoliege.be\/index.php\/orchidees-plus-rares\/catasetum\/","title":{"rendered":"Catasetum"},"content":{"rendered":"\n<div class=\"wp-block-image\"><figure class=\"aligncenter\"><img loading=\"lazy\" decoding=\"async\" width=\"210\" height=\"160\" src=\"http:\/\/cawoliege.be\/wp-content\/uploads\/2019\/05\/Catasetum.gif\" alt=\"\" class=\"wp-image-177\"\/><\/figure><\/div>\n\n\n\n<p><strong>L<\/strong>e groupe des Catas\u00e9tin\u00e9es comprend les genres <em>Catasetum<\/em>, <em>Cycnoches<\/em>, <em>Mormodes<\/em>, \u2026 Il s&rsquo;agit d&rsquo;un groupe d&rsquo;environ 200 esp\u00e8ces originaires du Mexique \u00e0 l&rsquo;Argentine. Elles pr\u00e9sentent des similitudes frappantes, notamment en ce qui concerne leur port et leur croissance. En\n effet, toutes ont de gros pseudobulbes fusiformes (= en forme de \nfus\u00e9e), feuill\u00e9s, couverts des anciennes gaines des feuilles des ann\u00e9es \npr\u00e9c\u00e9dentes, g\u00e9n\u00e9ralement \u00e9rig\u00e9s, et \u00e0 la base desquels ou sur lesquels \nappara\u00eet la hampe florale. Les feuilles sont g\u00e9n\u00e9ralement caduques et la plante passe l&rsquo;hiver au sec, \u00e0 la lumi\u00e8re et au frais. Autre particularit\u00e9 commune aux trois genres, les fleurs m\u00e2les et les fleurs sont g\u00e9n\u00e9ralement port\u00e9es par des hampes s\u00e9par\u00e9es. Les Catas\u00e9tin\u00e9es ont besoin de beaucoup d&rsquo;engrais en croissance.<\/p>\n\n\n\n<p><strong>L<\/strong>es <em>Catasetum<\/em> poussent du sud du Mexique au Nord de l&rsquo;Argentine. Les pseudobulbes fusiformes portent entre huit et douze feuilles caduques. Les hampes florales, \u00e9rig\u00e9es ou pendantes, se d\u00e9veloppent \u00e0 la base des pseudobulbes. Les\n fleurs m\u00e2les et femelles sont normalement s\u00e9par\u00e9es, mais il arrive que \ndes fleurs des deux sexes se retrouvent sur la m\u00eame hampe. Les\n plantes poussant dans un endroit chaud donneront des fleurs femelles, \net celles poussant dans un lieu plus frais donneront des fleurs m\u00e2les. De plus, les <em>Catasetum<\/em> sont connus pour leur m\u00e9thode particuli\u00e8re de pollinisation : les fleurs m\u00e2les ont la capacit\u00e9 de projeter leurs pollinies. Le\n r\u00e9sultat, dans la nature, est naturellement assez al\u00e9atoire, mais dans \nune collection, la f\u00e9condation est nettement plus facile ! Les\n fleurs prennent des formes tr\u00e8s bizarres et, par le pass\u00e9, on a \nlongtemps pris les fleurs m\u00e2les et les fleurs femelles d&rsquo;une m\u00eame esp\u00e8ce\n pour des esp\u00e8ces diff\u00e9rentes, d&rsquo;o\u00f9 une confusion incroyable dans les \nnoms\u2026 qui persiste encore aujourd&rsquo;hui !!!<\/p>\n\n\n\n<p> La plupart des esp\u00e8ces appr\u00e9cient une ambiance temp\u00e9r\u00e9e chaude \u00e0 chaude  en \u00e9t\u00e9, mais en hiver, un endroit tr\u00e8s lumineux, mais au sec et au  frais, leur sera r\u00e9serv\u00e9. A cette \u00e9poque, en effet, les feuilles sont tomb\u00e9es et la plante est en repos relatif. Il faut cependant de temps en temps arroser pour \u00e9viter une fl\u00e9trissure trop importante du pseudobulbe. Au  printemps, lorsque la nouvelle pousse se d\u00e9veloppe, il faut attendre  l&rsquo;apparition des nouvelles racines avant de reprendre les arrosages  r\u00e9guliers.<\/p>\n\n\n\n<p> On profitera de la p\u00e9riode de repos pour rempoter ces plantes. Contrairement  \u00e0 beaucoup d&rsquo;autres orchid\u00e9es qui ont besoin d&rsquo;un minimum de 3 \u00e0 4  pseudobulbes pour fleurir apr\u00e8s une division, les <em>Catasetum<\/em> peuvent se contenter d&rsquo;un seul ! Enfin,  sachez que certains amateurs d\u00e9potent carr\u00e9ment leurs Catas\u00e9tin\u00e9es en  hiver et les stockent au frais jusqu&rsquo;au d\u00e9marrage de la nouvelle pousse  et\/ou de la hampe florale !<\/p>\n","protected":false},"excerpt":{"rendered":"<p>Le groupe des Catas\u00e9tin\u00e9es comprend les genres Catasetum, Cycnoches, Mormodes, \u2026 Il s&rsquo;agit d&rsquo;un groupe d&rsquo;environ 200 esp\u00e8ces originaires du Mexique \u00e0 l&rsquo;Argentine. Elles pr\u00e9sentent des similitudes frappantes, notamment en ce qui concerne leur port et leur croissance. En effet, toutes ont de gros pseudobulbes fusiformes (= en forme de fus\u00e9e), feuill\u00e9s, couverts des anciennes [&hellip;]<\/p>\n","protected":false},"author":1,"featured_media":0,"parent":156,"menu_order":4,"comment_status":"closed","ping_status":"closed","template":"","meta":{"ngg_post_thumbnail":0,"footnotes":""},"_links":{"self":[{"href":"https:\/\/cawoliege.be\/index.php\/wp-json\/wp\/v2\/pages\/174"}],"collection":[{"href":"https:\/\/cawoliege.be\/index.php\/wp-json\/wp\/v2\/pages"}],"about":[{"href":"https:\/\/cawoliege.be\/index.php\/wp-json\/wp\/v2\/types\/page"}],"author":[{"embeddable":true,"href":"https:\/\/cawoliege.be\/index.php\/wp-json\/wp\/v2\/users\/1"}],"replies":[{"embeddable":true,"href":"https:\/\/cawoliege.be\/index.php\/wp-json\/wp\/v2\/comments?post=174"}],"version-history":[{"count":1,"href":"https:\/\/cawoliege.be\/index.php\/wp-json\/wp\/v2\/pages\/174\/revisions"}],"predecessor-version":[{"id":178,"href":"https:\/\/cawoliege.be\/index.php\/wp-json\/wp\/v2\/pages\/174\/revisions\/178"}],"up":[{"embeddable":true,"href":"https:\/\/cawoliege.be\/index.php\/wp-json\/wp\/v2\/pages\/156"}],"wp:attachment":[{"href":"https:\/\/cawoliege.be\/index.php\/wp-json\/wp\/v2\/media?parent=174"}],"curies":[{"name":"wp","href":"https:\/\/api.w.org\/{rel}","templated":true}]}}