{"id":170,"date":"2019-05-12T07:35:25","date_gmt":"2019-05-12T05:35:25","guid":{"rendered":"http:\/\/cawoliege.be\/?page_id=170"},"modified":"2019-05-12T07:35:41","modified_gmt":"2019-05-12T05:35:41","slug":"calanthe","status":"publish","type":"page","link":"https:\/\/cawoliege.be\/index.php\/orchidees-plus-rares\/calanthe\/","title":{"rendered":"Calanthe"},"content":{"rendered":"\n<div class=\"wp-block-image\"><figure class=\"aligncenter\"><img loading=\"lazy\" decoding=\"async\" width=\"160\" height=\"199\" src=\"http:\/\/cawoliege.be\/wp-content\/uploads\/2019\/05\/Calanthe.gif\" alt=\"\" class=\"wp-image-171\"\/><\/figure><\/div>\n\n\n\n<p><strong>L<\/strong>es <em>Calanthe<\/em> constituent un vaste genre avec des esp\u00e8ces r\u00e9parties sur tous les continents, sauf l&rsquo;Europe. Mais si certaines esp\u00e8ces sont typiquement tropicales, d&rsquo;autres croissent \u00e0 la limite des neiges. Ainsi, plusieurs esp\u00e8ces de <em>Calanthe<\/em>\n du Japon, de la Chine, d&rsquo;Inde, des Cor\u00e9es ou l&rsquo;esp\u00e8ce am\u00e9ricaine, sont \u00b1\n rustiques chez nous et quelques-unes fleurissent d&rsquo;ailleurs quelques \njardins de nos connaissances !!!<\/p>\n\n\n\n<p> Les <em>Calanthe<\/em> peuvent encore \u00eatre divis\u00e9es en deux groupes suppl\u00e9mentaires, les persistantes et les caduques. Les  persistantes (qui se retrouvent autant chez les tropicales que les  temp\u00e9r\u00e9es), ne connaissent pratiquement pas de p\u00e9riode de repos, on doit  donc leur maintenir un minimum d&rsquo;humidit\u00e9 toute l&rsquo;ann\u00e9e. Les  caduques (des temp\u00e9r\u00e9es essentiellement) peuvent \u00eatre tenues au sec en  hiver, mais au printemps, elles appr\u00e9cient beaucoup d&rsquo;humidit\u00e9.  Elles renferment la majorit\u00e9 des esp\u00e8ces rustiques chez nous.<br> Les fleurs sont produites sur une hampe florale apparaissant au c\u0153ur de la nouvelle pousse, pendant son d\u00e9veloppement ou apr\u00e8s. Elles s&rsquo;\u00e9panouissent successivement et la floraison peut ainsi durer plusieurs semaines. <\/p>\n\n\n\n<p>La couleur varie du bleu au jaune, en passant par le blanc, le brun, le vert, le rouge, le rose, \u2026 Certaines sont parfum\u00e9es mais pas forc\u00e9ment tr\u00e8s agr\u00e9ablement.  Tout comme le genre pr\u00e9c\u00e9dent, il est possible de les hybrider avec les <em>Phaius<\/em> (X <em>Phaiocalanthe<\/em>). <\/p>\n\n\n\n<p> Les esp\u00e8ces temp\u00e9r\u00e9es r\u00e9put\u00e9es rustiques peuvent naturellement \u00eatre cultiv\u00e9es au jardin toute l&rsquo;ann\u00e9e (<em>Cal. sieboldii<\/em>, <em>Cal. tricarinata<\/em>, <em>Cal. discolor<\/em>, <em>Cal. alpina<\/em>, \u2026), ou en pot prot\u00e9g\u00e9 du gel fort (jusqu&rsquo;\u00e0 -5 \u00e0 -8\u00b0C) en hiver.  Les autres (notamment <em>Cal. triplicata<\/em>, <em>Cal. sylvatica<\/em>, \u2026) b\u00e9n\u00e9ficieront d&rsquo;un estivage \u00e0 mi-ombre et dans un endroit abrit\u00e9. Les plantes en pot seront rempot\u00e9es sans probl\u00e8me particulier.<\/p>\n","protected":false},"excerpt":{"rendered":"<p>Les Calanthe constituent un vaste genre avec des esp\u00e8ces r\u00e9parties sur tous les continents, sauf l&rsquo;Europe. Mais si certaines esp\u00e8ces sont typiquement tropicales, d&rsquo;autres croissent \u00e0 la limite des neiges. Ainsi, plusieurs esp\u00e8ces de Calanthe du Japon, de la Chine, d&rsquo;Inde, des Cor\u00e9es ou l&rsquo;esp\u00e8ce am\u00e9ricaine, sont \u00b1 rustiques chez nous et quelques-unes fleurissent d&rsquo;ailleurs [&hellip;]<\/p>\n","protected":false},"author":1,"featured_media":0,"parent":156,"menu_order":3,"comment_status":"closed","ping_status":"closed","template":"","meta":{"ngg_post_thumbnail":0,"footnotes":""},"_links":{"self":[{"href":"https:\/\/cawoliege.be\/index.php\/wp-json\/wp\/v2\/pages\/170"}],"collection":[{"href":"https:\/\/cawoliege.be\/index.php\/wp-json\/wp\/v2\/pages"}],"about":[{"href":"https:\/\/cawoliege.be\/index.php\/wp-json\/wp\/v2\/types\/page"}],"author":[{"embeddable":true,"href":"https:\/\/cawoliege.be\/index.php\/wp-json\/wp\/v2\/users\/1"}],"replies":[{"embeddable":true,"href":"https:\/\/cawoliege.be\/index.php\/wp-json\/wp\/v2\/comments?post=170"}],"version-history":[{"count":2,"href":"https:\/\/cawoliege.be\/index.php\/wp-json\/wp\/v2\/pages\/170\/revisions"}],"predecessor-version":[{"id":173,"href":"https:\/\/cawoliege.be\/index.php\/wp-json\/wp\/v2\/pages\/170\/revisions\/173"}],"up":[{"embeddable":true,"href":"https:\/\/cawoliege.be\/index.php\/wp-json\/wp\/v2\/pages\/156"}],"wp:attachment":[{"href":"https:\/\/cawoliege.be\/index.php\/wp-json\/wp\/v2\/media?parent=170"}],"curies":[{"name":"wp","href":"https:\/\/api.w.org\/{rel}","templated":true}]}}