{"id":165,"date":"2019-05-12T07:33:17","date_gmt":"2019-05-12T05:33:17","guid":{"rendered":"http:\/\/cawoliege.be\/?page_id=165"},"modified":"2019-05-12T07:33:17","modified_gmt":"2019-05-12T05:33:17","slug":"bulbophyllum","status":"publish","type":"page","link":"https:\/\/cawoliege.be\/index.php\/orchidees-plus-rares\/bulbophyllum\/","title":{"rendered":"Bulbophyllum"},"content":{"rendered":"\n<div class=\"wp-block-image\"><figure class=\"aligncenter\"><img loading=\"lazy\" decoding=\"async\" width=\"210\" height=\"160\" src=\"http:\/\/cawoliege.be\/wp-content\/uploads\/2019\/05\/Bulbopfyllum.gif\" alt=\"\" class=\"wp-image-166\"\/><\/figure><\/div>\n\n\n\n<p>Fort de plus de 1.500 membres, le genre <em>Bulbophyllum<\/em>, de par\n sa r\u00e9partition tant intercontinentale que g\u00e9ographique, est constitu\u00e9 \nd&rsquo;esp\u00e8ces aux exigences fort diverses et aux habitats tout aussi \ndiff\u00e9rents. Bien se renseigner sur l&rsquo;origine et la culture \nde chaque esp\u00e8ce constituera donc la pr\u00e9caution importantissime pour les\n r\u00e9ussir ! <\/p>\n\n\n\n<p><br>\nLa hampe se d\u00e9veloppe \u00e0 la base d&rsquo;un pseudobulbe (plusieurs hampes peuvent \u00eatre produites sur le m\u00eame pseudobulbe). Les\n fleurs sont souvent assez grandes et solitaires, parfois en grappes et \nplus petites ou enfin r\u00e9unies de part et d&rsquo;autres d&rsquo;un rachis (= tige \naplatie et \u00e9largie) et alors petites. Toutes partagent \npourtant le m\u00eame labelle hyper-mobile, le moindre souffle de vent le \nfait vaciller, au point que, souvent, on se demande s&rsquo;il ne va pas se \nbriser ! La mobilit\u00e9 de ce labelle est l&rsquo;arme secr\u00e8te des \nfleurs pour faire parvenir l&rsquo;insecte pollinisateur au contact des \npollinies ou du stigmate, selon le cas. Beaucoup d&rsquo;esp\u00e8ces \nsont parfum\u00e9es, certaines poussant m\u00eame le vice jusqu&rsquo;\u00e0 poss\u00e9der le \nparfum et la couleur de la viande avari\u00e9e pour attirer leurs \npollinisateurs, en l&rsquo;occurrence des mouches ! Mais rassurez-vous, il y en a aussi d&rsquo;agr\u00e9ablement parfum\u00e9es. Quant aux couleurs des fleurs, toutes (sauf le bleu, je pense) sont pr\u00e9sentes.<\/p>\n\n\n\n<p><br>\nBeaucoup de <em>Bulbophyllum<\/em> ont un intern\u0153ud (= distance entre \ndeux pseudobulbes sur le m\u00eame rhizome) assez important, ce qui a pour \neffet de les envoyer rapidement en dehors de leur pot. L&rsquo;id\u00e9al sera donc de cultiver ces esp\u00e8ces sur de grandes plaques de li\u00e8ge ou dans de grandes caissettes. Beaucoup ne doivent jamais s\u00e9cher, alors que certaines ont besoin d&rsquo;une p\u00e9riode de repos \u00b1 importante. <\/p>\n\n\n\n<p><br>\nLe rempotage n&rsquo;est g\u00e9n\u00e9ralement pas tr\u00e8s bien support\u00e9, et il faut \nparfois plus d&rsquo;un an ou deux \u00e0 une plante rempot\u00e9e pour r\u00e9ellement \nred\u00e9marrer\u2026 ou non. C&rsquo;est aussi une des raisons pour lesquelles la culture sur support est pr\u00e9f\u00e9rable pour les <em>Bulbophyllum<\/em>. En fonction des esp\u00e8ces, un estivage leur sera b\u00e9n\u00e9fique ou sera \u00e0 \u00e9viter.<\/p>\n","protected":false},"excerpt":{"rendered":"<p>Fort de plus de 1.500 membres, le genre Bulbophyllum, de par sa r\u00e9partition tant intercontinentale que g\u00e9ographique, est constitu\u00e9 d&rsquo;esp\u00e8ces aux exigences fort diverses et aux habitats tout aussi diff\u00e9rents. Bien se renseigner sur l&rsquo;origine et la culture de chaque esp\u00e8ce constituera donc la pr\u00e9caution importantissime pour les r\u00e9ussir ! La hampe se d\u00e9veloppe \u00e0 [&hellip;]<\/p>\n","protected":false},"author":1,"featured_media":0,"parent":156,"menu_order":2,"comment_status":"closed","ping_status":"closed","template":"","meta":{"ngg_post_thumbnail":0,"footnotes":""},"_links":{"self":[{"href":"https:\/\/cawoliege.be\/index.php\/wp-json\/wp\/v2\/pages\/165"}],"collection":[{"href":"https:\/\/cawoliege.be\/index.php\/wp-json\/wp\/v2\/pages"}],"about":[{"href":"https:\/\/cawoliege.be\/index.php\/wp-json\/wp\/v2\/types\/page"}],"author":[{"embeddable":true,"href":"https:\/\/cawoliege.be\/index.php\/wp-json\/wp\/v2\/users\/1"}],"replies":[{"embeddable":true,"href":"https:\/\/cawoliege.be\/index.php\/wp-json\/wp\/v2\/comments?post=165"}],"version-history":[{"count":1,"href":"https:\/\/cawoliege.be\/index.php\/wp-json\/wp\/v2\/pages\/165\/revisions"}],"predecessor-version":[{"id":167,"href":"https:\/\/cawoliege.be\/index.php\/wp-json\/wp\/v2\/pages\/165\/revisions\/167"}],"up":[{"embeddable":true,"href":"https:\/\/cawoliege.be\/index.php\/wp-json\/wp\/v2\/pages\/156"}],"wp:attachment":[{"href":"https:\/\/cawoliege.be\/index.php\/wp-json\/wp\/v2\/media?parent=165"}],"curies":[{"name":"wp","href":"https:\/\/api.w.org\/{rel}","templated":true}]}}