{"id":160,"date":"2019-05-12T07:30:06","date_gmt":"2019-05-12T05:30:06","guid":{"rendered":"http:\/\/cawoliege.be\/?page_id=160"},"modified":"2019-05-12T07:31:11","modified_gmt":"2019-05-12T05:31:11","slug":"anguloa","status":"publish","type":"page","link":"https:\/\/cawoliege.be\/index.php\/orchidees-plus-rares\/anguloa\/","title":{"rendered":"Anguloa"},"content":{"rendered":"\n<div class=\"wp-block-image\"><figure class=\"aligncenter\"><img loading=\"lazy\" decoding=\"async\" width=\"160\" height=\"210\" src=\"http:\/\/cawoliege.be\/wp-content\/uploads\/2019\/05\/Anguloa.gif\" alt=\"\" class=\"wp-image-161\"\/><\/figure><\/div>\n\n\n\n<p><strong>L<\/strong>&lsquo;orchid\u00e9e-tulipe appartient au genre <em>Anguloa<\/em>. Les esp\u00e8ces sont originaires de la Colombie, du V\u00e9n\u00e9zu\u00e9la, de l&rsquo;Equateur et du P\u00e9rou. La majorit\u00e9 des vingt esp\u00e8ces sont terrestres, mais il y a quelques \u00e9piphytes. Toutes les esp\u00e8ces perdent leurs feuilles en automne, elles ont donc besoin d&rsquo;une p\u00e9riode de repos de \u00b1 3 semaines en f\u00e9vrier. Ces feuilles sont tout aussi sensibles \u00e0 l&rsquo;humidit\u00e9 que celles des <em>Lycaste<\/em>, pr\u00e9voyez une bonne ventilation !<\/p>\n\n\n\n<p><br>\nLes fleurs apparaissent \u00e0 la base des pseudobulbes, en m\u00eame temps que les nouvelles pousses, et la plupart sont parfum\u00e9es. Les couleurs dominantes sont le jaune et le blanc, mais il y a aussi du rose, \u2026 Les fleurs ne s&rsquo;ouvrent pas compl\u00e8tement, d&rsquo;o\u00f9 leur nom d&rsquo;orchid\u00e9e-tulipe. En fin de croissance, les feuilles peuvent atteindre pr\u00e8s d&rsquo;un m\u00e8tre de long, ce sont donc des plantes de grande ampleur !<br>\nCes plantes b\u00e9n\u00e9ficient \u00e9galement d&rsquo;un estivage au m\u00eame endroit que les <em>Lycaste<\/em>, et leurs conditions de culture sont semblables.<\/p>\n\n\n\n<p><br>\nSachez enfin, que ces trois genres peuvent s&rsquo;hybrider, naturellement ou non, et que de nombreux X <em>Angulocaste<\/em> (= hybride entre <em>Anguloa<\/em> et <em>Lycaste<\/em>) ont d\u00e9j\u00e0 \u00e9t\u00e9 r\u00e9alis\u00e9s.<\/p>\n","protected":false},"excerpt":{"rendered":"<p>L&lsquo;orchid\u00e9e-tulipe appartient au genre Anguloa. Les esp\u00e8ces sont originaires de la Colombie, du V\u00e9n\u00e9zu\u00e9la, de l&rsquo;Equateur et du P\u00e9rou. La majorit\u00e9 des vingt esp\u00e8ces sont terrestres, mais il y a quelques \u00e9piphytes. Toutes les esp\u00e8ces perdent leurs feuilles en automne, elles ont donc besoin d&rsquo;une p\u00e9riode de repos de \u00b1 3 semaines en f\u00e9vrier. Ces [&hellip;]<\/p>\n","protected":false},"author":1,"featured_media":0,"parent":156,"menu_order":1,"comment_status":"closed","ping_status":"closed","template":"","meta":{"ngg_post_thumbnail":0,"footnotes":""},"_links":{"self":[{"href":"https:\/\/cawoliege.be\/index.php\/wp-json\/wp\/v2\/pages\/160"}],"collection":[{"href":"https:\/\/cawoliege.be\/index.php\/wp-json\/wp\/v2\/pages"}],"about":[{"href":"https:\/\/cawoliege.be\/index.php\/wp-json\/wp\/v2\/types\/page"}],"author":[{"embeddable":true,"href":"https:\/\/cawoliege.be\/index.php\/wp-json\/wp\/v2\/users\/1"}],"replies":[{"embeddable":true,"href":"https:\/\/cawoliege.be\/index.php\/wp-json\/wp\/v2\/comments?post=160"}],"version-history":[{"count":1,"href":"https:\/\/cawoliege.be\/index.php\/wp-json\/wp\/v2\/pages\/160\/revisions"}],"predecessor-version":[{"id":162,"href":"https:\/\/cawoliege.be\/index.php\/wp-json\/wp\/v2\/pages\/160\/revisions\/162"}],"up":[{"embeddable":true,"href":"https:\/\/cawoliege.be\/index.php\/wp-json\/wp\/v2\/pages\/156"}],"wp:attachment":[{"href":"https:\/\/cawoliege.be\/index.php\/wp-json\/wp\/v2\/media?parent=160"}],"curies":[{"name":"wp","href":"https:\/\/api.w.org\/{rel}","templated":true}]}}