{"id":137,"date":"2019-05-11T18:08:58","date_gmt":"2019-05-11T16:08:58","guid":{"rendered":"http:\/\/cawoliege.be\/?page_id=137"},"modified":"2019-05-11T18:08:58","modified_gmt":"2019-05-11T16:08:58","slug":"paphiopedilum","status":"publish","type":"page","link":"https:\/\/cawoliege.be\/index.php\/quelques-genres-et-especes\/sabots-de-venus\/paphiopedilum\/","title":{"rendered":"Paphiopedilum"},"content":{"rendered":"\n<div class=\"wp-block-image\"><figure class=\"aligncenter\"><img loading=\"lazy\" decoding=\"async\" width=\"160\" height=\"161\" src=\"http:\/\/cawoliege.be\/wp-content\/uploads\/2019\/05\/Papjhiopedilum.gif\" alt=\"\" class=\"wp-image-138\"\/><\/figure><\/div>\n\n\n\n<p><strong>L<\/strong>es <strong>Paphiopedilum<\/strong> peuvent \u00eatre s\u00e9par\u00e9s  en deux groupes principaux : ceux \u00e0 feuilles de couleur uniforme et  ceux dont les feuilles sont tessel\u00e9es, c\u2019est-\u00e0-dire qu\u2019elles pr\u00e9sentent  des marques, taches, points, \u2026 d&rsquo;une autre couleur. Cette s\u00e9paration a  \u00e9t\u00e9 la r\u00e8gle durant des d\u00e9cennies\u2026 jusqu\u2019\u00e0 ce qu\u2019on se rende compte  qu\u2019il existait trop d\u2019exceptions. Mais c\u2019est vrai que, visuellement au  moins, la distinction est facile \u00e0 faire. Les fleurs sont souvent  solitaires (<em>P. bellatulum<\/em> par ex.), mais plusieurs esp\u00e8ces  d\u00e9veloppent des hampes, parfois grandes (plus d\u2019un m\u00e8tre) sur lesquelles  s\u2019\u00e9panouissent plusieurs fleurs, la palme \u00e9tant attribu\u00e9e au groupe du <em>P. glaucophyllum<\/em>  dont les fleurs s\u2019\u00e9panouissent les unes apr\u00e8s les autres durant des  semaines et des mois ! Hormis le bleu et le rouge vif, quasi toutes les  couleurs sont repr\u00e9sent\u00e9es.<br> La fleur est assez particuli\u00e8re et quelque peu d\u00e9routante pour les  d\u00e9butants. Comment s\u2019y retrouver dans ces pi\u00e8ces florales si bizarres ?  Le labelle est la premi\u00e8re chose qu\u2019on aper\u00e7oit chez un Sabot-de-V\u00e9nus :  pro\u00e9minent, de belle taille et le plus souvent d\u2019une autre couleur que  la fleur elle-m\u00eame, c\u2019en est l\u2019\u00e9l\u00e9ment dominant. Les s\u00e9pales lat\u00e9raux,  de taille et de couleurs variables, participent aussi \u00e0 l\u2019aspect de la  fleur : ils peuvent \u00eatre ondul\u00e9s, retombants, stri\u00e9s, velus, pointill\u00e9s,  arrondis ou effil\u00e9s, courts ou longs, \u2026 Les s\u00e9pales quant \u00e0 eux, sont  assez particuliers. Le sup\u00e9rieur est appel\u00e9 \u00e9tendard, parce qu\u2019il porte  souvent des couleurs assez marqu\u00e9es, il est lui aussi le plus souvent  bien d\u00e9velopp\u00e9. Enfin, les s\u00e9pales inf\u00e9rieurs sont soud\u00e9s et ne font  plus qu\u2019un, ils sont tr\u00e8s souvent masqu\u00e9s par le labelle.<br><br> Comment reconna\u00eetre les s\u00e9pales des p\u00e9tales ? Il existe un truc tr\u00e8s  simple : les s\u00e9pales sont les pi\u00e8ces florales qui composent le bouton,  lorsque celui-ci s\u2019ouvre apparaissent alors les trois p\u00e9tales (dont le  labelle) ! Les <em>Paphiopedilum<\/em> couvrent une vaste zone  g\u00e9ographique allant du sud de l\u2019Inde \u00e0 la Chine en passant par  l\u2019Indon\u00e9sie. Cette vaste aire de r\u00e9partition implique, ici aussi, une  multitude de climats possible et il est conseill\u00e9 de conna\u00eetre l\u2019origine  des plantes qu\u2019on veut cultiver ! Ils sont le plus souvent originaires  des sous-bois, poussant \u00e0 m\u00eame le sol, certaines esp\u00e8ces sont  lithophytes (et notamment les esp\u00e8ces dites chinoises \u2013 <em>P. armeniacum<\/em>, <em>P. malipoense<\/em>, \u2026), tandis que quelques-unes sont r\u00e9ellement \u00e9piphytes (P<em>. lowii<\/em>  par ex.). La plante est constitu\u00e9e par une rosette de feuilles ruban\u00e9es  oppos\u00e9es au centre desquelles \u00e9merge la hampe florale. La plante se  propage par rejet(s) \u00e0 la base de la souche, certaines esp\u00e8ces  d\u00e9veloppant m\u00eame des stolons (<em>Paphiopedilum<\/em> \u00ab\u00a0chinois\u00a0\u00bb) ! Seule l\u2019une ou l\u2019autre esp\u00e8ce de <em>Paphiopedilum<\/em> sont parfum\u00e9es. <\/p>\n","protected":false},"excerpt":{"rendered":"<p>Les Paphiopedilum peuvent \u00eatre s\u00e9par\u00e9s en deux groupes principaux : ceux \u00e0 feuilles de couleur uniforme et ceux dont les feuilles sont tessel\u00e9es, c\u2019est-\u00e0-dire qu\u2019elles pr\u00e9sentent des marques, taches, points, \u2026 d&rsquo;une autre couleur. Cette s\u00e9paration a \u00e9t\u00e9 la r\u00e8gle durant des d\u00e9cennies\u2026 jusqu\u2019\u00e0 ce qu\u2019on se rende compte qu\u2019il existait trop d\u2019exceptions. Mais c\u2019est [&hellip;]<\/p>\n","protected":false},"author":1,"featured_media":0,"parent":132,"menu_order":1,"comment_status":"closed","ping_status":"closed","template":"","meta":{"ngg_post_thumbnail":0,"footnotes":""},"_links":{"self":[{"href":"https:\/\/cawoliege.be\/index.php\/wp-json\/wp\/v2\/pages\/137"}],"collection":[{"href":"https:\/\/cawoliege.be\/index.php\/wp-json\/wp\/v2\/pages"}],"about":[{"href":"https:\/\/cawoliege.be\/index.php\/wp-json\/wp\/v2\/types\/page"}],"author":[{"embeddable":true,"href":"https:\/\/cawoliege.be\/index.php\/wp-json\/wp\/v2\/users\/1"}],"replies":[{"embeddable":true,"href":"https:\/\/cawoliege.be\/index.php\/wp-json\/wp\/v2\/comments?post=137"}],"version-history":[{"count":1,"href":"https:\/\/cawoliege.be\/index.php\/wp-json\/wp\/v2\/pages\/137\/revisions"}],"predecessor-version":[{"id":139,"href":"https:\/\/cawoliege.be\/index.php\/wp-json\/wp\/v2\/pages\/137\/revisions\/139"}],"up":[{"embeddable":true,"href":"https:\/\/cawoliege.be\/index.php\/wp-json\/wp\/v2\/pages\/132"}],"wp:attachment":[{"href":"https:\/\/cawoliege.be\/index.php\/wp-json\/wp\/v2\/media?parent=137"}],"curies":[{"name":"wp","href":"https:\/\/api.w.org\/{rel}","templated":true}]}}