{"id":132,"date":"2019-05-11T18:07:04","date_gmt":"2019-05-11T16:07:04","guid":{"rendered":"http:\/\/cawoliege.be\/?page_id=132"},"modified":"2019-05-11T18:07:04","modified_gmt":"2019-05-11T16:07:04","slug":"sabots-de-venus","status":"publish","type":"page","link":"https:\/\/cawoliege.be\/index.php\/quelques-genres-et-especes\/sabots-de-venus\/","title":{"rendered":"Sabots-de-Venus"},"content":{"rendered":"\n<div class=\"wp-block-image\"><figure class=\"aligncenter\"><img loading=\"lazy\" decoding=\"async\" width=\"160\" height=\"155\" src=\"http:\/\/cawoliege.be\/wp-content\/uploads\/2019\/05\/sabot-venus-01.gif\" alt=\"\" class=\"wp-image-133\"\/><\/figure><\/div>\n\n\n\n<p><strong>L<\/strong>es Sabots-de-V\u00e9nus ne laissent d\u00e9cid\u00e9ment personne \nindiff\u00e9rent&#8230; dans un sens comme dans l\u2019autre. En effet, on aime ou on \nn\u2019aime pas. Cette appellation de \u00ab\u00a0Sabot-de-V\u00e9nus\u00a0\u00bb est d\u00e9j\u00e0 assez \nancienne et d\u00e9signait, au Moyen \u00c2ge, les plantes du genre . Lors de la \nd\u00e9couverte de leurs parents dans les r\u00e9gions tropicales asiatiques ou \nam\u00e9ricaines, cette appellation leur est rest\u00e9e. Pourtant, que ce soient \nles <strong>Phragmipedium<\/strong> sud-am\u00e9ricains ou les <strong>Paphiopedilum<\/strong> asiatiques, des diff\u00e9rences notables les s\u00e9parent. En effet, les <em>Cypripedium<\/em> sont caduques (les parties a\u00e9riennes disparaissent en hiver), alors que les autres restent verts toute l\u2019ann\u00e9e. Les <em>Paphiopedilum<\/em> ont fait l\u2019objet de v\u00e9ritables ru\u00e9es aux XIXe et XXe\n si\u00e8cles, si bien qu&rsquo;aujourd&rsquo;hui, de nombreuses esp\u00e8ces sont tr\u00e8s \nfortement menac\u00e9es de disparition dans leur milieu naturel. C\u2019est \nd\u2019ailleurs d\u00e9j\u00e0 arriv\u00e9 \u00e0 quelques-unes d\u2019entre elles, mais les plantes \nde ces esp\u00e8ces cultiv\u00e9es en Europe ou en Am\u00e9rique, ont permis des \ncampagnes de r\u00e9implantation dans leur pays d\u2019origine. C\u2019est le cas \nnotamment du <em>Paphiopedilum rotschildianum<\/em>, r\u00e9implant\u00e9 sur l\u2019\u00eele\n de Born\u00e9o, dans la r\u00e9serve du Mont Kinabalu. Mais ces pratiques n\u2019ont \nqu\u2019un impact limit\u00e9, surtout tant que les pillages de leurs stations \ncontinuent. Le cas du <em>Paphiopedilum delenatii<\/em> est exemplaire \u00e0 \ncet \u00e9gard. Durant des d\u00e9cennies, les deux seules plantes connues de \ncette esp\u00e8ce \u00e9taient d\u00e9tenues par les \u00e9tablissements Lecoufle, dans la \nbanlieue parisienne. Ils \u00e9taient charg\u00e9s de leur multiplication et on \npeut estimer que la grosse majorit\u00e9 des <em>P. delenatii<\/em> cultiv\u00e9s \naujourd\u2019hui dans le monde proviennent de rejets de ces deux plantes ! \nJusqu&rsquo;\u00e0 ce qu\u2019on retrouve une population sauvage il y a quelques ann\u00e9es\u2026\n qui, malheureusement, fut rapidement pill\u00e9e. Ces exemples montrent bien\n les d\u00e9rives que peut engendrer la passion des orchid\u00e9es.\n\n<\/p>\n","protected":false},"excerpt":{"rendered":"<p>Les Sabots-de-V\u00e9nus ne laissent d\u00e9cid\u00e9ment personne indiff\u00e9rent&#8230; dans un sens comme dans l\u2019autre. En effet, on aime ou on n\u2019aime pas. Cette appellation de \u00ab\u00a0Sabot-de-V\u00e9nus\u00a0\u00bb est d\u00e9j\u00e0 assez ancienne et d\u00e9signait, au Moyen \u00c2ge, les plantes du genre . Lors de la d\u00e9couverte de leurs parents dans les r\u00e9gions tropicales asiatiques ou am\u00e9ricaines, cette appellation [&hellip;]<\/p>\n","protected":false},"author":1,"featured_media":0,"parent":72,"menu_order":11,"comment_status":"closed","ping_status":"closed","template":"","meta":{"ngg_post_thumbnail":0,"footnotes":""},"_links":{"self":[{"href":"https:\/\/cawoliege.be\/index.php\/wp-json\/wp\/v2\/pages\/132"}],"collection":[{"href":"https:\/\/cawoliege.be\/index.php\/wp-json\/wp\/v2\/pages"}],"about":[{"href":"https:\/\/cawoliege.be\/index.php\/wp-json\/wp\/v2\/types\/page"}],"author":[{"embeddable":true,"href":"https:\/\/cawoliege.be\/index.php\/wp-json\/wp\/v2\/users\/1"}],"replies":[{"embeddable":true,"href":"https:\/\/cawoliege.be\/index.php\/wp-json\/wp\/v2\/comments?post=132"}],"version-history":[{"count":1,"href":"https:\/\/cawoliege.be\/index.php\/wp-json\/wp\/v2\/pages\/132\/revisions"}],"predecessor-version":[{"id":134,"href":"https:\/\/cawoliege.be\/index.php\/wp-json\/wp\/v2\/pages\/132\/revisions\/134"}],"up":[{"embeddable":true,"href":"https:\/\/cawoliege.be\/index.php\/wp-json\/wp\/v2\/pages\/72"}],"wp:attachment":[{"href":"https:\/\/cawoliege.be\/index.php\/wp-json\/wp\/v2\/media?parent=132"}],"curies":[{"name":"wp","href":"https:\/\/api.w.org\/{rel}","templated":true}]}}