{"id":126,"date":"2019-05-11T18:03:35","date_gmt":"2019-05-11T16:03:35","guid":{"rendered":"http:\/\/cawoliege.be\/?page_id=126"},"modified":"2019-05-11T18:04:18","modified_gmt":"2019-05-11T16:04:18","slug":"phalaenopsis","status":"publish","type":"page","link":"https:\/\/cawoliege.be\/index.php\/quelques-genres-et-especes\/phalaenopsis\/","title":{"rendered":"Phalaenopsis"},"content":{"rendered":"\n<div class=\"wp-block-image\"><figure class=\"aligncenter\"><img loading=\"lazy\" decoding=\"async\" width=\"160\" height=\"224\" src=\"http:\/\/cawoliege.be\/wp-content\/uploads\/2019\/05\/Phalaenopsis.gif\" alt=\"\" class=\"wp-image-127\"\/><\/figure><\/div>\n\n\n\n<p><\/p>\n\n\n\n<p><strong>A<\/strong> tout seigneur, tout honneur, le <strong>Phalaenopsis<\/strong>  est la plante actuellement la plus vendue dans le monde ! J\u2019ouvre une  petite parenth\u00e8se ici pour tenter de r\u00e9pondre \u00e0 une question souvent  pos\u00e9e : \u00ab\u00a0De quel genre sont les orchid\u00e9es, f\u00e9minin ou masculin ?\u00a0\u00bb Il n\u2019y  a pas de r\u00e8gle g\u00e9n\u00e9rale, mais on peut se baser sur la d\u00e9sinence latine  du nom. Ainsi, les noms de genre termin\u00e9s en \u00ab\u00a0<em>um<\/em>\u00a0\u00bb (Ex. : <em>Epidendrum<\/em>) sont consid\u00e9r\u00e9s masculins, tandis que ceux dont la terminaison est constitu\u00e9e de la lettre \u00ab\u00a0a\u00a0\u00bb (Ex. : <em>Vanda<\/em>) sont consid\u00e9r\u00e9s f\u00e9minins. Mais il n\u2019y a rien d\u2019absolu, car, dans ce denier cas, on dit aussi UN <em>Cattleya<\/em> ou UN <em>Miltonia<\/em>,  etc. Bref, le genre des orchid\u00e9es sera donn\u00e9 ici \u00e0 titre purement  indicatif. Bien, fermons cette parenth\u00e8se et revenons-en \u00e0 notre <em>Phalaenopsis<\/em>.  Ce genre est pr\u00e9sent en Asie du Sud-Est, des Philippines au Myanmar et  jusqu\u2019en Indon\u00e9sie. Aujourd\u2019hui, les immenses serres hollandaises en  produisent plusieurs centaines de millions par an. C\u2019est une plante qui a  pris une importance \u00e9conomique \u00e9norme et la demande \u00e9lev\u00e9e en a fait  exploser les prix !<br> <br><strong>I<\/strong>l faut dire que  cette plante a tout  pour plaire : relative facilit\u00e9 de culture,  floraisons fr\u00e9quentes,  r\u00e9sistance \u00e9lev\u00e9e aux erreurs de culture, \u2026  Bref, LA plante d\u2019int\u00e9rieur  id\u00e9ale\u2026 et, souvent, c\u2019est le <em>Phalaenopsis<\/em>  qui ouvre  la porte \u00e0 l\u2019orchidophilie !!! C\u2019est aujourd\u2019hui un des  \u00e9l\u00e9ments  indispensables du d\u00e9cor actuel et ses fleurs blanches sont  souvent  pr\u00e9sentes dans les bouquets de mari\u00e9es. Les <em>Phalaenopsis<\/em>  sont  caract\u00e9ris\u00e9s par leurs feuilles arrondies et souvent larges,  \u00e9paisses  (r\u00e9serves d\u2019eau) et des racines sortant fr\u00e9quemment de leur  pot. Ce sont  des monopodiales, c\u2019est-\u00e0-dire que les feuilles  apparaissent au c\u0153ur  des pr\u00e9c\u00e9dentes, croissent puis recouvrent celles  d\u2019en dessous. Les  inflorescences, ramifi\u00e9es ou non, apparaissent le  plus souvent \u00e0  l&rsquo;oppos\u00e9 d\u2019une feuille ancienne. Parfois, elles  apparaissent au c\u0153ur des  feuilles, dans ce cas, la plante va mourir  apr\u00e8s la fanaison des  fleurs, mais il y a beaucoup de chances qu\u2019un  rejet soit entretemps  apparu \u00e0 la base de la plante ou qu\u2019un keiki se  soit d\u00e9velopp\u00e9 sur la  hampe florale. Les fleurs sont g\u00e9n\u00e9ralement assez  nombreuses, parfois  grandes (\u00f8 de plus de 10 cm) et souvent color\u00e9es  assez uniform\u00e9ment.  Quelques esp\u00e8ces (et certains cultivars en  d\u00e9rivant) sont \u00b1 parfum\u00e9es,  c\u2019est le cas notamment des vari\u00e9t\u00e9s et  descendants de <em>Phalaenopsis violacea<\/em>, dont les Asiatiques rassemblent des collections incroyables. Leur taille varie peu et il n\u2019existe gu\u00e8re que le bien nomm\u00e9 <em>Phalaenopsis gigantea<\/em> pour poser des probl\u00e8mes de place ! <br> <br> &nbsp;<\/p>\n","protected":false},"excerpt":{"rendered":"<p>A tout seigneur, tout honneur, le Phalaenopsis est la plante actuellement la plus vendue dans le monde ! J\u2019ouvre une petite parenth\u00e8se ici pour tenter de r\u00e9pondre \u00e0 une question souvent pos\u00e9e : \u00ab\u00a0De quel genre sont les orchid\u00e9es, f\u00e9minin ou masculin ?\u00a0\u00bb Il n\u2019y a pas de r\u00e8gle g\u00e9n\u00e9rale, mais on peut se baser [&hellip;]<\/p>\n","protected":false},"author":1,"featured_media":0,"parent":72,"menu_order":10,"comment_status":"closed","ping_status":"closed","template":"","meta":{"ngg_post_thumbnail":0,"footnotes":""},"_links":{"self":[{"href":"https:\/\/cawoliege.be\/index.php\/wp-json\/wp\/v2\/pages\/126"}],"collection":[{"href":"https:\/\/cawoliege.be\/index.php\/wp-json\/wp\/v2\/pages"}],"about":[{"href":"https:\/\/cawoliege.be\/index.php\/wp-json\/wp\/v2\/types\/page"}],"author":[{"embeddable":true,"href":"https:\/\/cawoliege.be\/index.php\/wp-json\/wp\/v2\/users\/1"}],"replies":[{"embeddable":true,"href":"https:\/\/cawoliege.be\/index.php\/wp-json\/wp\/v2\/comments?post=126"}],"version-history":[{"count":2,"href":"https:\/\/cawoliege.be\/index.php\/wp-json\/wp\/v2\/pages\/126\/revisions"}],"predecessor-version":[{"id":129,"href":"https:\/\/cawoliege.be\/index.php\/wp-json\/wp\/v2\/pages\/126\/revisions\/129"}],"up":[{"embeddable":true,"href":"https:\/\/cawoliege.be\/index.php\/wp-json\/wp\/v2\/pages\/72"}],"wp:attachment":[{"href":"https:\/\/cawoliege.be\/index.php\/wp-json\/wp\/v2\/media?parent=126"}],"curies":[{"name":"wp","href":"https:\/\/api.w.org\/{rel}","templated":true}]}}