{"id":121,"date":"2019-05-11T17:59:01","date_gmt":"2019-05-11T15:59:01","guid":{"rendered":"http:\/\/cawoliege.be\/?page_id=121"},"modified":"2019-05-11T17:59:01","modified_gmt":"2019-05-11T15:59:01","slug":"oncidium","status":"publish","type":"page","link":"https:\/\/cawoliege.be\/index.php\/quelques-genres-et-especes\/oncidium\/","title":{"rendered":"Oncidium"},"content":{"rendered":"\n<div class=\"wp-block-image\"><figure class=\"aligncenter\"><img loading=\"lazy\" decoding=\"async\" width=\"160\" height=\"223\" src=\"http:\/\/cawoliege.be\/wp-content\/uploads\/2019\/05\/Oncidium.gif\" alt=\"\" class=\"wp-image-122\"\/><\/figure><\/div>\n\n\n\n<p><strong>A<\/strong>utre genre important, les <strong>Oncidium<\/strong>. \nFort de plusieurs centaines d\u2019esp\u00e8ces r\u00e9parties en Am\u00e9rique centrale et \ndu Sud, ce genre est caract\u00e9ris\u00e9 par des fleurs dont le labelle pr\u00e9sente\n une bosse ou tumeur (<em>ongkos<\/em> en grec, qui a donn\u00e9 oncologue en \nfran\u00e7ais). Il a r\u00e9cemment \u00e9t\u00e9 remani\u00e9 et plusieurs esp\u00e8ces se sont \nretrouv\u00e9es dans des genres voisins (<em>Psychopsis<\/em>, <em>Rossioglossum<\/em>, <em>Tolumnia<\/em>, <em>Osmoglossum<\/em>, <em>Psygmorchis<\/em>, \u2026).<br><br>\nIci aussi, la variabilit\u00e9 est de mise, bien qu\u2019un \u00e9vident air de famille permette de les situer rapidement. Chez les <em>Oncidium<\/em>,\n le pseudobulbe ne pr\u00e9sente pas beaucoup de variantes, il a une forme \novo\u00efde typique, le plus souvent aplati avec des bract\u00e9es basales et des \nfeuilles (une, deux ou plus rarement trois) au sommet. Les feuilles sont\n le plus souvent fines, mais certaines esp\u00e8ces d\u2019Am\u00e9rique centrale ont \ndes feuilles charnues pour pouvoir r\u00e9sister \u00e0 de longues p\u00e9riodes plus \ns\u00e8ches (<em>O. splendidum<\/em> par ex.). La hampe florale appara\u00eet \ng\u00e9n\u00e9ralement \u00e0 la base, mais parfois aussi au sommet du pseudobulbe. Les\n fleurs sont souvent petites, mais leur faible taille est souvent \ncompens\u00e9e par leur grand nombre. Plusieurs esp\u00e8ces ont tellement de \nfleurs que leur hampe florale fleurie ressemble \u00e0 un essaim d\u2019abeilles. \nQuelques rares esp\u00e8ces pr\u00e9sentent une hampe florale dont les fleurs \ns\u2019\u00e9panouissent, fanent, puis sont aussit\u00f4t remplac\u00e9es par la suivante, \nchose qui peut durer pendant des mois, voire plus ! Chez ces esp\u00e8ces (<em>Psychopsis papilio<\/em>, <em>kramerianum<\/em>, <em>versteegianum<\/em>,\n etc.), il ne faudra donc pas couper la hampe florale apr\u00e8s la chute de \nla fleur\u2026 ce qui n\u2019est g\u00e9n\u00e9ralement pas le cas des autres esp\u00e8ces ! Les \ncouleurs dominantes sont le jaune et le brun avec des incursions de \nrose, de vert, d\u2019orange, \u2026<br><br>\nBon nombre de ces esp\u00e8ces sont d\u00e9licatement parfum\u00e9es (<em>O. ornithorhynchum<\/em> par ex.). Essentiellement \u00e9piphytes, certains <em>Oncidium<\/em> croissent \u00e9galement sur des rochers, mais ces esp\u00e8ces sont peu nombreuses. A l\u2019instar des genres vus pr\u00e9c\u00e9demment, les <em>Oncidium<\/em>\n vivent dans des climats, des altitudes, des biotopes forts vari\u00e9s, ce \nqui entra\u00eene une variabilit\u00e9 des conditions culturales \u00e0 leur appliquer.\n\n<\/p>\n","protected":false},"excerpt":{"rendered":"<p>Autre genre important, les Oncidium. Fort de plusieurs centaines d\u2019esp\u00e8ces r\u00e9parties en Am\u00e9rique centrale et du Sud, ce genre est caract\u00e9ris\u00e9 par des fleurs dont le labelle pr\u00e9sente une bosse ou tumeur (ongkos en grec, qui a donn\u00e9 oncologue en fran\u00e7ais). Il a r\u00e9cemment \u00e9t\u00e9 remani\u00e9 et plusieurs esp\u00e8ces se sont retrouv\u00e9es dans des genres [&hellip;]<\/p>\n","protected":false},"author":1,"featured_media":0,"parent":72,"menu_order":9,"comment_status":"closed","ping_status":"closed","template":"","meta":{"ngg_post_thumbnail":0,"footnotes":""},"_links":{"self":[{"href":"https:\/\/cawoliege.be\/index.php\/wp-json\/wp\/v2\/pages\/121"}],"collection":[{"href":"https:\/\/cawoliege.be\/index.php\/wp-json\/wp\/v2\/pages"}],"about":[{"href":"https:\/\/cawoliege.be\/index.php\/wp-json\/wp\/v2\/types\/page"}],"author":[{"embeddable":true,"href":"https:\/\/cawoliege.be\/index.php\/wp-json\/wp\/v2\/users\/1"}],"replies":[{"embeddable":true,"href":"https:\/\/cawoliege.be\/index.php\/wp-json\/wp\/v2\/comments?post=121"}],"version-history":[{"count":1,"href":"https:\/\/cawoliege.be\/index.php\/wp-json\/wp\/v2\/pages\/121\/revisions"}],"predecessor-version":[{"id":123,"href":"https:\/\/cawoliege.be\/index.php\/wp-json\/wp\/v2\/pages\/121\/revisions\/123"}],"up":[{"embeddable":true,"href":"https:\/\/cawoliege.be\/index.php\/wp-json\/wp\/v2\/pages\/72"}],"wp:attachment":[{"href":"https:\/\/cawoliege.be\/index.php\/wp-json\/wp\/v2\/media?parent=121"}],"curies":[{"name":"wp","href":"https:\/\/api.w.org\/{rel}","templated":true}]}}