{"id":116,"date":"2019-05-11T17:56:54","date_gmt":"2019-05-11T15:56:54","guid":{"rendered":"http:\/\/cawoliege.be\/?page_id=116"},"modified":"2019-05-11T17:56:54","modified_gmt":"2019-05-11T15:56:54","slug":"odontoglossum","status":"publish","type":"page","link":"https:\/\/cawoliege.be\/index.php\/quelques-genres-et-especes\/odontoglossum\/","title":{"rendered":"Odontoglossum"},"content":{"rendered":"\n<div class=\"wp-block-image\"><figure class=\"aligncenter\"><img loading=\"lazy\" decoding=\"async\" width=\"160\" height=\"222\" src=\"http:\/\/cawoliege.be\/wp-content\/uploads\/2019\/05\/Odontoglossum.gif\" alt=\"\" class=\"wp-image-117\"\/><\/figure><\/div>\n\n\n\n<p><strong>U<\/strong>n genre voisin des Oncidium, les <strong>Odontoglossum<\/strong>,\n habite \u00b1 les m\u00eames contr\u00e9es mais g\u00e9n\u00e9ralement \u00e0 plus haute altitude, \nils requiert donc des conditions plus fra\u00eeches et une ventilation plus \nimportante. Le port et la forme de la plante sont similaires, mais les \nfleurs sont g\u00e9n\u00e9ralement plus grandes et plus \u00e9tal\u00e9es que celles des <em>Oncidium<\/em>.\n Ces deux genres ont \u00e9t\u00e9 g\u00e9n\u00e9reusement hybrid\u00e9s entre eux et ont abouti \u00e0\n des centaines et des milliers d\u2019Odontocidium appr\u00e9ci\u00e9s pour leur \nfloribondit\u00e9 et leur aisance relative de culture.<br><br>\nUn des parents des cultivars \u00e0 grandes fleurs est le joli <em>O. crispum<\/em>, \u00e0 fleurs blanches l\u00e9g\u00e8rement garnies de taches pourpres, devenu aujourd\u2019hui rare dans les collections\u2026 et dans la nature !\n\n<\/p>\n","protected":false},"excerpt":{"rendered":"<p>Un genre voisin des Oncidium, les Odontoglossum, habite \u00b1 les m\u00eames contr\u00e9es mais g\u00e9n\u00e9ralement \u00e0 plus haute altitude, ils requiert donc des conditions plus fra\u00eeches et une ventilation plus importante. Le port et la forme de la plante sont similaires, mais les fleurs sont g\u00e9n\u00e9ralement plus grandes et plus \u00e9tal\u00e9es que celles des Oncidium. Ces [&hellip;]<\/p>\n","protected":false},"author":1,"featured_media":0,"parent":72,"menu_order":8,"comment_status":"closed","ping_status":"closed","template":"","meta":{"ngg_post_thumbnail":0,"footnotes":""},"_links":{"self":[{"href":"https:\/\/cawoliege.be\/index.php\/wp-json\/wp\/v2\/pages\/116"}],"collection":[{"href":"https:\/\/cawoliege.be\/index.php\/wp-json\/wp\/v2\/pages"}],"about":[{"href":"https:\/\/cawoliege.be\/index.php\/wp-json\/wp\/v2\/types\/page"}],"author":[{"embeddable":true,"href":"https:\/\/cawoliege.be\/index.php\/wp-json\/wp\/v2\/users\/1"}],"replies":[{"embeddable":true,"href":"https:\/\/cawoliege.be\/index.php\/wp-json\/wp\/v2\/comments?post=116"}],"version-history":[{"count":1,"href":"https:\/\/cawoliege.be\/index.php\/wp-json\/wp\/v2\/pages\/116\/revisions"}],"predecessor-version":[{"id":118,"href":"https:\/\/cawoliege.be\/index.php\/wp-json\/wp\/v2\/pages\/116\/revisions\/118"}],"up":[{"embeddable":true,"href":"https:\/\/cawoliege.be\/index.php\/wp-json\/wp\/v2\/pages\/72"}],"wp:attachment":[{"href":"https:\/\/cawoliege.be\/index.php\/wp-json\/wp\/v2\/media?parent=116"}],"curies":[{"name":"wp","href":"https:\/\/api.w.org\/{rel}","templated":true}]}}